{"id":13,"date":"2022-10-10T14:51:05","date_gmt":"2022-10-10T12:51:05","guid":{"rendered":"https:\/\/www.university-press.fau.de\/agb\/"},"modified":"2024-09-04T07:51:33","modified_gmt":"2024-09-04T05:51:33","slug":"agb","status":"publish","type":"page","link":"https:\/\/www.university-press.fau.de\/en\/agb\/","title":{"rendered":"General terms and conditions"},"content":{"rendered":"<!--themify_builder_content-->\n<div id=\"themify_builder_content-13\" data-postid=\"13\" class=\"themify_builder_content themify_builder_content-13 themify_builder tf_clear\">\n                    <div  data-lazy=\"1\" class=\"module_row themify_builder_row tb_ca5e917 tb_first tf_w\">\n                        <div class=\"row_inner col_align_top tb_col_count_1 tf_box tf_rel\">\n                        <div  data-lazy=\"1\" class=\"module_column tb-column col-full tb_rew2917 first\">\n                    <!-- module box -->\n<div  class=\"module module-box tb_5f0q354\" data-lazy=\"1\">\n    <div class=\"module-box-content ui  tb_default_color\">\n                <div class=\"tb_text_wrap\"><p>The following text is for information purposes only, please always note the contract language German and the corresponding German-language page(s). Only these are legally binding.<\/p><\/div>\n    <\/div>\n<\/div>\n<!-- \/module box -->\n<!-- module text -->\n<div  class=\"module module-text tb_ozvy455\" data-lazy=\"1\">\n        <div  class=\"tb_text_wrap\">\n        <h2>\u00a7 1 Validity, definition of terms<\/h2>\n<p>(1) The University Library Erlangen-Nuremberg, represented by the President of the Friedrich-Alexander-Universit\u00e4t Erlangen-N\u00fcrnberg, as provider of FAU University Press, Universit\u00e4tsstr. 4, 91054 Erlangen, Germany (hereinafter: \"we\" or \"FAU University Press\"), operates an online store for products at <a href=\"https:\/\/www.university-press.fau.de\/en\/\">https:\/\/www.university-press.fau.de<\/a> . The following general terms and conditions apply to all services between us and our customers (hereinafter: \"customer\" or \"you\") in the version valid at the time of the order, unless otherwise expressly agreed.<\/p>\n<p>(2) \"Consumer\" within the meaning of these Terms and Conditions is any natural person who enters into a legal transaction for purposes that are predominantly outside their trade, business or profession. \" Business\" means a natural or legal person or a partnership with legal capacity which, when entering into a legal transaction, acts in exercise of its trade, business or profession, whereby a partnership with legal capacity is a partnership which has the capacity to acquire rights and incur liabilities.<\/p>\n<h2>\u00a7 2 Conclusion of the contracts, storage of the texts of the contracts<\/h2>\n<p>(1) The following provisions on the conclusion of contracts apply to orders placed via our online store at https:\/\/www.university-press.fau.de.<\/p>\n<p>(2) Our presentations of products on the Internet are non-binding and do not constitute a binding offer to conclude a contract.<\/p>\n<p>(3) Upon receipt of an order in our online store, the following regulations apply: The customer submits a binding contractual offer by successfully completing the order procedure provided in our online store. The order is placed in the following steps:<\/p>\n<ol>\n<li>Selection of the desired product,<\/li>\n<li>Add the products by clicking on the corresponding button (e.g. \"Add to shopping cart\", \"Add to shopping bag\" or similar),<\/li>\n<li>Check the details in the shopping cart,<\/li>\n<li>Go to the order summary by clicking on the corresponding button (e.g. \"Proceed to checkout\", \"Proceed to payment\", \"Go to order summary\" or similar),<\/li>\n<li>Enter\/check address and contact details, select payment method, confirm general terms and conditions and revocation policy,<\/li>\n<li>If the agreed condition of the goods deviates from their usual condition and usage requirements, confirmation of a negative agreement on condition,<\/li>\n<li>Complete the order by clicking the \"Buy now\" button. This constitutes your binding order.<\/li>\n<li>The contract is concluded when you receive an order confirmation from us within three working days to the e-mail address provided.<\/li>\n<\/ol>\n<p>(4) If a contract is concluded, the contract is concluded with University Library Erlangen-Nuremberg, Universit\u00e4tsstr. 4, 91054 Erlangen, Germany. The library is represented by the President of the Friedrich-Alexander-Universit\u00e4t Erlangen-N\u00fcrnberg.<\/p>\n<p>(5) Before placing an order, the contract data can be printed out or saved electronically using the browser's print function. The processing of the order and transmission of all information required in connection with the conclusion of the contract, in particular the order data, the general terms and conditions and the revocation policy, is sent by e-mail after you have placed the order, in some cases automatically. We do not save the text of the contract after it has been concluded.<\/p>\n<p>(6) Input errors can be corrected using the usual keyboard, mouse and browser functions (e.g. the browser's \"back button\"). They can also be corrected by canceling the order process prematurely, closing the browser window and repeating the process.<\/p>\n<p>(7) The execution of the order and transmission of all information required in connection with the conclusion of the contract is partly automated by e-mail. You must therefore ensure that the e-mail address you have provided to us is correct, that the receipt of e-mails is technically ensured and, in particular, that it is not blocked by SPAM filters.<\/p>\n<h2>\u00a7 3 Purpose of the contract and essential product details<\/h2>\n<p>(1) The following is the subject matter of the contract for our online store:<\/p>\n<ol style=\"list-style-type: lower-alpha\">\n<li>The sale of products. The specific items on offer can be found on our product pages.<\/li>\n<\/ol>\n<p>(2) The essential product details can be found in the product description. If the agreed quality of the goods deviates from their usual quality and conditions of use, this shall be expressly indicated in the item description (negative quality agreement). If the customer has given his express consent to the negative quality deviation, this defines the subject matter of the contract.<\/p>\n<h2>\u00a7 4 Pricing, shipping costs and delivery<\/h2>\n<p>(1) The quoted prices in the respective offers and the shipping costs are the total costs and include all components of the price including all applicable taxes.<\/p>\n<p>(2) The respective purchase price must be paid before delivery of the product (advance payment), unless we expressly offer purchase on an invoice. The payment methods available to you are shown under a correspondingly labeled button in the online store or in the respective offer. Unless otherwise stated for the individual payment methods, the payment claims are due for payment immediately.<\/p>\n<p>(3) In addition to the stated prices, shipping costs may be incurred for the delivery of products, unless the respective item is shown as free of shipping costs. The shipping costs will be clearly communicated to you again on the offers, if applicable in the shopping cart system and on the order overview.<\/p>\n<p>(4) Unless clearly stated otherwise in the product description, all products offered are ready for dispatch immediately (delivery time: approx. 5 - 10 days after receipt of payment or after receipt of the order in the case of purchase on invoice).<\/p>\n<p>(5) We deliver worldwide.<\/p>\n<h2>\u00a7 5 Right of retention, retention of title<\/h2>\n<p>(1) You may only exercise a right of retention insofar as it concerns claims arising from the same contractual relationship.<\/p>\n<p>(2) The goods shall remain our property until the purchase price has been paid in full.<\/p>\n<h2>\u00a7  6 Right of withdrawal<\/h2>\n<p>As a consumer, you have a right of withdrawal. This is based on our <a href=\"https:\/\/www.university-press.fau.de\/en\/widerrufsbelehrung\/\">Information on the Right of Withdrawal<\/a>.<\/p>\n<h2>\u00a7 7 Liability<\/h2>\n<p>(1) Subject to the following exceptions, our liability for contractual breaches of duty and tort is limited to intent or gross negligence.<\/p>\n<p class=\"translation-block\">(2) If we are in default of fulfilment due to slight negligence, if fulfilment has become impossible or if we have breached a material contractual obligation, liability for property damage and financial loss resulting therefrom shall be limited to the foreseeable <strong>contract-typical damage<\/strong>. An essential contractual obligation is one whose fulfillment is essential for the proper execution of the contract, whose breach jeopardizes the achievement of the purpose of the contract and on whose compliance you may regularly rely. This includes in particular our obligation to take action and fulfill the contractually owed service, which is described in \u00a7 3.<\/p>\n<h2>\u00a7 8 Contract language<\/h2>\n<p>The contract language is solely German.<\/p>\n<h2>\u00a7 9 Warranty<\/h2>\n<p>(1) The warranty shall be governed by the statutory provisions.<\/p>\n<p>(2) The warranty period for goods delivered to business customers is 12 months.<\/p>\n<p>(3) As a consumer, you are requested to check the product\/digital items or the service provided immediately upon fulfillment of the contract for completeness, obvious defects and transport damage and to notify us and the carrier of any complaints as soon as possible. If you fail to do so, this will of course have no effect on your statutory warranty claims.<\/p>\n<h2>\u00a7 10 Final provisions\/dispute settlement<\/h2>\n<p>(1) German law shall apply. For consumers, this choice of law shall only apply insofar as the protection granted by mandatory provisions of the law of the state of the consumer's habitual residence is not withdrawn (principle of favorability).<\/p>\n<p>(2) The provisions of the UN Convention on Contracts for the International Sale of Goods shall expressly not apply.<\/p>\n<p>(3) If the customer is a trader, a legal entity under public law or a special fund under public law, the place of jurisdiction for all disputes arising from contractual relationships between the customer and the provider is the registered office of the provider.<\/p>\n<p>(4) \n\nZur Teilnahme an einem Streitbeilegungsverfahren vor einer Verbraucherschlichtungsstelle sind wir nicht verpflichtet und nicht bereit.<\/p>    <\/div>\n<\/div>\n<!-- \/module text -->        <\/div>\n                        <\/div>\n        <\/div>\n        <\/div>\n<!--\/themify_builder_content-->","protected":false},"excerpt":{"rendered":"<p>\u00a7 1 Geltung, Begriffsdefinitionen (1) Die Universit\u00e4tsbibliothek Erlangen-N\u00fcrnberg, vertreten durch den Pr\u00e4sidenten der Friedrich-Alexander-Universit\u00e4t Erlangen-N\u00fcrnberg, als Anbieter von FAU University Press, Universit\u00e4tsstr. 4, 91054 Erlangen, Deutschland (im Folgenden: \u201ewir\u201c oder \u201eFAU\u00a0University Press\u201c), betreibt unter der Webseite https:\/\/www.university-press.fau.de einen Online-Shop f\u00fcr Waren. Die nachfolgenden allgemeinen Gesch\u00e4ftsbedingungen gelten f\u00fcr alle Leistungen zwischen uns und unseren Kunden (im [&hellip;]<\/p>\n","protected":false},"author":2,"featured_media":0,"parent":0,"menu_order":0,"comment_status":"closed","ping_status":"closed","template":"","meta":{"_acf_changed":false,"footnotes":""},"class_list":["post-13","page","type-page","status-publish","hentry","has-post-title","has-post-date","has-post-category","has-post-tag","has-post-comment","has-post-author",""],"acf":[],"builder_content":"<p>Bitte beachten Sie beim Wechsel auf eine andere Sprache, dass die Vertragssprache stets Deutsch ist. Nur die entsprechende(n) deutschsprachige(n) Seite(n) sind rechtskr\u00e4ftig.<\/p>\n<h2>\u00a7 1 Geltung, Begriffsdefinitionen<\/h2> <p>(1) Die Universit\u00e4tsbibliothek Erlangen-N\u00fcrnberg, vertreten durch den Pr\u00e4sidenten der Friedrich-Alexander-Universit\u00e4t Erlangen-N\u00fcrnberg, als Anbieter von FAU University Press, Universit\u00e4tsstr. 4, 91054 Erlangen, Deutschland (im Folgenden: \u201ewir\u201c oder \u201eFAU\u00a0University Press\u201c), betreibt unter der Webseite <a href=\"https:\/\/www.university-press.fau.de\">https:\/\/www.university-press.fau.de<\/a> einen Online-Shop f\u00fcr Waren. Die nachfolgenden allgemeinen Gesch\u00e4ftsbedingungen gelten f\u00fcr alle Leistungen zwischen uns und unseren Kunden (im Folgenden: \u201eKunde\u201c oder \u201eSie\u201c) in ihrer zum Zeitpunkt der Bestellung g\u00fcltigen Fassung, soweit nicht etwas anderes ausdr\u00fccklich vereinbart wurde.<\/p> <p>(2) \u201eVerbraucher\u201c im Sinne dieser Gesch\u00e4ftsbedingungen ist jede nat\u00fcrliche Person, die ein Rechtsgesch\u00e4ft zu Zwecken abschlie\u00dft, die \u00fcberwiegend weder ihrer gewerblichen noch ihrer selbst\u00e4ndigen beruflichen T\u00e4tigkeit zugerechnet werden k\u00f6nnen. \u201eUnternehmer\u201c ist eine nat\u00fcrliche oder juristische Person oder eine rechtsf\u00e4hige Personengesellschaft, die bei Abschluss eines Rechtsgesch\u00e4fts in Aus\u00fcbung ihrer gewerblichen oder selbst\u00e4ndigen beruflichen T\u00e4tigkeit handelt, wobei eine rechtsf\u00e4hige Personengesellschaft eine Personengesellschaft ist, die mit der F\u00e4higkeit ausgestattet ist, Rechte zu erwerben und Verbindlichkeiten einzugehen.<\/p> <h2>\u00a7 2 Zustandekommen der Vertr\u00e4ge, Speicherung des Vertragstextes<\/h2> <p>(1) Die folgenden Regelungen \u00fcber den Vertragsabschluss gelten f\u00fcr Bestellungen \u00fcber unseren Online-Shop unter https:\/\/www.university-press.fau.de.<\/p> <p>(2) Unsere Produktdarstellungen im Internet sind unverbindlich und kein verbindliches Angebot zum Abschluss eines Vertrages.<\/p> <p>(3) Bei Eingang einer Bestellung in unserem Online-Shop gelten folgende Regelungen: Der Kunde gibt ein bindendes Vertragsangebot ab, indem er die in unserem Online-Shop vorgesehene Bestellprozedur erfolgreich durchl\u00e4uft. Die Bestellung erfolgt in folgenden Schritten:<\/p> <ol> <li>Auswahl der gew\u00fcnschten Ware,<\/li> <li>Hinzuf\u00fcgen der Produkte durch Anklicken des entsprechenden Buttons (z.B. \u201eIn den Warenkorb\u201c, \u201eIn die Einkaufstasche\u201c o.\u00e4.),<\/li> <li>Pr\u00fcfung der Angaben im Warenkorb,<\/li> <li>Aufrufen der Bestell\u00fcbersicht durch Anklicken des entsprechenden Buttons (z.B. \u201eWeiter zur Kasse\u201c, \u201eWeiter zur Zahlung\u201c, \u201eZur Bestell\u00fcbersicht\u201c o.\u00e4.),<\/li> <li>Eingabe\/Pr\u00fcfung der Adress- und Kontaktdaten, Auswahl der Zahlungsart, Best\u00e4tigung der AGB und Widerrufsbelehrung,<\/li> <li>Sofern die vereinbarte Beschaffenheit der Ware von deren \u00fcblichen Beschaffenheit und Verwendungsvoraussetzungen abweicht, Best\u00e4tigung einer negativen Beschaffenheitsvereinbarung,<\/li> <li>Abschluss der Bestellung durch Bet\u00e4tigung des Buttons \u201eJetzt kaufen\u201c. Dies stellt Ihre verbindliche Bestellung dar.<\/li> <li>Der Vertrag kommt zustande, indem Ihnen innerhalb von drei Werktagen an die angegebene E-Mail-Adresse eine Bestellbest\u00e4tigung von uns zugeht.<\/li> <\/ol> <p>(4) Im Falle des Vertragsschlusses kommt der Vertrag mit\u00a0der Universit\u00e4tsbibliothek Erlangen-N\u00fcrnberg, Universit\u00e4tsstr. 4, 91054 Erlangen, Deutschland zustande. Diese wird vertreten durch den Pr\u00e4sidenten der Friedrich-Alexander-Universit\u00e4t Erlangen-N\u00fcrnberg.<\/p> <p>(5) Vor der Bestellung k\u00f6nnen die Vertragsdaten \u00fcber die Druckfunktion des Browsers ausgedruckt oder elektronisch gesichert werden. Die Abwicklung der Bestellung und \u00dcbermittlung aller im Zusammenhang mit dem Vertragsschluss erforderlichen Informationen, insbesondere der Bestelldaten, der AGB und der Widerrufsbelehrung, erfolgt per E-Mail nach dem Ausl\u00f6sen der Bestellung durch Sie, zum Teil automatisiert. Wir speichern den Vertragstext nach Vertragsschluss nicht.<\/p> <p>(6) Eingabefehler k\u00f6nnen mittels der \u00fcblichen Tastatur-, Maus- und Browser-Funktionen (z.B. \u00bbZur\u00fcck-Button\u00ab des Browsers) berichtigt werden. Sie k\u00f6nnen auch dadurch berichtigt werden, dass Sie den Bestellvorgang vorzeitig abbrechen, das Browserfenster schlie\u00dfen und den Vorgang wiederholen.<\/p> <p>(7) Die Abwicklung der Bestellung und \u00dcbermittlung aller im Zusammenhang mit dem Vertragsschluss erforderlichen Informationen erfolgt per E-Mail zum Teil automatisiert. Sie haben deshalb sicherzustellen, dass die von Ihnen bei uns hinterlegte E-Mail-Adresse zutreffend ist, der Empfang der E-Mails technisch sichergestellt und insbesondere nicht durch SPAM-Filter verhindert wird.<\/p> <h2>\u00a7 3 Gegenstand des Vertrages und wesentliche Merkmale der Produkte<\/h2> <p>(1) Bei unserem Online-Shop ist Vertragsgegenstand:<\/p> <ol style=\"list-style-type: lower-alpha\"> <li>Der Verkauf von Waren. Die konkret angebotenen Waren k\u00f6nnen Sie unseren Artikelseiten entnehmen.<\/li> <\/ol> <p>(2) Die wesentlichen Merkmale der Ware finden sich in der Artikelbeschreibung. Sofern die vereinbarte Beschaffenheit der Ware von deren \u00fcblichen Beschaffenheit und Verwendungsvoraussetzungen abweicht, wird darauf in der Artikelbeschreibung ausdr\u00fccklich hingewiesen (negative Beschaffenheitsvereinbarung). Soweit der Kunde seine ausdr\u00fcckliche Einwilligung in die negative Beschaffenheitsabweichung erteilt hat, definiert diese den Vertragsgegenstand.<\/p> <h2>\u00a7 4 Preise, Versandkosten und Lieferung<\/h2> <p>(1) Die in den jeweiligen Angeboten angef\u00fchrten Preise sowie die Versandkosten sind Gesamtpreise und beinhalten alle Preisbestandteile einschlie\u00dflich aller anfallenden Steuern.<\/p> <p>(2) Der jeweilige Kaufpreis ist vor der Lieferung des Produktes zu leisten (Vorkasse), es sei denn, wir bieten ausdr\u00fccklich den Kauf auf Rechnung an. Die Ihnen zur Verf\u00fcgung stehenden Zahlungsarten sind unter einer entsprechend bezeichneten Schaltfl\u00e4che im Online-Shop oder im jeweiligen Angebot ausgewiesen. Soweit bei den einzelnen Zahlungsarten nicht anders angegeben, sind die Zahlungsanspr\u00fcche sofort zur Zahlung f\u00e4llig.<\/p> <p>(3) Zus\u00e4tzlich zu den angegebenen Preisen k\u00f6nnen f\u00fcr die Lieferung von Produkten Versandkosten anfallen, sofern der jeweilige Artikel nicht als versandkostenfrei ausgewiesen ist. Die Versandkosten werden Ihnen auf den Angeboten, ggf. im Warenkorbsystem und auf der Bestell\u00fcbersicht nochmals deutlich mitgeteilt.<\/p> <p>(4) Alle angebotenen Produkte sind, sofern nicht in der Produktbeschreibung deutlich anders angegeben, sofort versandfertig (Lieferzeit: ca. 5 - 10 Tage\u00a0nach dem Eingang der Zahlung bzw. nach dem Eingang der Bestellung bei einem Kauf auf Rechnung).<\/p> <p>(5) Die Lieferung erfolgt weltweit.<\/p> <h2>\u00a7 5 Zur\u00fcckbehaltungsrecht, Eigentumsvorbehalt<\/h2> <p>(1) Ein Zur\u00fcckbehaltungsrecht k\u00f6nnen Sie nur aus\u00fcben, soweit es sich um Forderungen aus demselben Vertragsverh\u00e4ltnis handelt.<\/p> <p>(2) Die Ware bleibt bis zur vollst\u00e4ndigen Zahlung des Kaufpreises unser Eigentum.<\/p> <h2>\u00a7 6 Widerrufsrecht<\/h2> <p>Als Verbraucher haben Sie ein Widerrufsrecht. Dieses richtet sich nach unserer <a href=\"https:\/\/www.university-press.fau.de\/widerrufsbelehrung\/\">Widerrufsbelehrung<\/a>.<\/p> <h2>\u00a7 7 Haftung<\/h2> <p>(1) Vorbehaltlich der nachfolgenden Ausnahmen ist unsere Haftung f\u00fcr vertragliche Pflichtverletzungen sowie aus unerlaubter Handlung auf Vorsatz oder grobe Fahrl\u00e4ssigkeit beschr\u00e4nkt.<\/p> <p>(2) Wenn wir durch leichte Fahrl\u00e4ssigkeit mit der Leistung in Verzug geraten sind, wenn die Leistung unm\u00f6glich geworden ist oder wenn wir eine vertragswesentliche Pflicht verletzt haben, ist die Haftung f\u00fcr darauf zur\u00fcckzuf\u00fchrende Sach- und Verm\u00f6genssch\u00e4den auf den <strong>vertragstypisch vorhersehbaren Schaden<\/strong> begrenzt. Eine vertragswesentliche Pflicht ist eine solche, deren Erf\u00fcllung die ordnungsgem\u00e4\u00dfe Durchf\u00fchrung des Vertrages \u00fcberhaupt erst erm\u00f6glicht, deren Verletzung die Erreichung des Vertragszwecks gef\u00e4hrdet und auf deren Einhaltung Sie regelm\u00e4\u00dfig vertrauen d\u00fcrfen. Dazu geh\u00f6rt insbesondere unsere Pflicht zum T\u00e4tigwerden und der Erf\u00fcllung der vertraglich geschuldeten Leistung, die in \u00a7 3 beschrieben wird.<\/p> <h2>\u00a7 8 Vertragssprache<\/h2> <p>Als Vertragssprache steht ausschlie\u00dflich Deutsch zur Verf\u00fcgung.<\/p> <h2>\u00a7 9\u00a0Gew\u00e4hrleistung<\/h2> <p>(1) Die Gew\u00e4hrleistung richtet sich nach den gesetzlichen Bestimmungen.<\/p> <p>(2) Gegen\u00fcber Unternehmern betr\u00e4gt die Gew\u00e4hrleistungsfrist auf gelieferte Sachen 12 Monate.<\/p> <p>(3) Als Verbraucher werden Sie gebeten, die Sache\/die digitalen G\u00fcter oder die erbrachte Dienstleistung bei Vertragserf\u00fcllung umgehend auf Vollst\u00e4ndigkeit, offensichtliche M\u00e4ngel und Transportsch\u00e4den zu \u00fcberpr\u00fcfen und uns sowie dem Spediteur Beanstandungen schnellstm\u00f6glich mitzuteilen. Kommen Sie dem nicht nach, hat dies nat\u00fcrlich keine Auswirkung auf Ihre gesetzlichen Gew\u00e4hrleistungsanspr\u00fcche.<\/p> <h2>\u00a7 10\u00a0Schlussbestimmungen\/Streitbeilegung<\/h2> <p>(1) Es gilt deutsches Recht. Bei Verbrauchern gilt diese Rechtswahl nur, soweit hierdurch der durch zwingende Bestimmungen des Rechts des Staates des gew\u00f6hnlichen Aufenthaltes des Verbrauchers gew\u00e4hrte Schutz nicht entzogen wird (G\u00fcnstigkeitsprinzip).<\/p> <p>(2) Die Bestimmungen des UN-Kaufrechts finden ausdr\u00fccklich keine Anwendung.<\/p> <p>(3) Sofern es sich beim Kunden um einen Kaufmann, eine juristische Person des \u00f6ffentlichen Rechts oder um ein \u00f6ffentlich-rechtliches Sonderverm\u00f6gen handelt, ist Gerichtsstand f\u00fcr alle Streitigkeiten aus Vertragsverh\u00e4ltnissen zwischen dem Kunden und dem Anbieter der Sitz des Anbieters.<\/p> <p>(4) [gzd_complaints text_only=yes]<\/p>","_links":{"self":[{"href":"https:\/\/www.university-press.fau.de\/en\/wp-json\/wp\/v2\/pages\/13","targetHints":{"allow":["GET"]}}],"collection":[{"href":"https:\/\/www.university-press.fau.de\/en\/wp-json\/wp\/v2\/pages"}],"about":[{"href":"https:\/\/www.university-press.fau.de\/en\/wp-json\/wp\/v2\/types\/page"}],"author":[{"embeddable":true,"href":"https:\/\/www.university-press.fau.de\/en\/wp-json\/wp\/v2\/users\/2"}],"replies":[{"embeddable":true,"href":"https:\/\/www.university-press.fau.de\/en\/wp-json\/wp\/v2\/comments?post=13"}],"version-history":[{"count":48,"href":"https:\/\/www.university-press.fau.de\/en\/wp-json\/wp\/v2\/pages\/13\/revisions"}],"predecessor-version":[{"id":5395,"href":"https:\/\/www.university-press.fau.de\/en\/wp-json\/wp\/v2\/pages\/13\/revisions\/5395"}],"wp:attachment":[{"href":"https:\/\/www.university-press.fau.de\/en\/wp-json\/wp\/v2\/media?parent=13"}],"curies":[{"name":"wp","href":"https:\/\/api.w.org\/{rel}","templated":true}]}}