{"id":653,"date":"2022-09-02T09:53:03","date_gmt":"2022-09-02T07:53:03","guid":{"rendered":"https:\/\/www.university-press.fau.de\/?page_id=77"},"modified":"2024-09-20T11:04:06","modified_gmt":"2024-09-20T09:04:06","slug":"kontakt","status":"publish","type":"page","link":"https:\/\/www.university-press.fau.de\/en\/kontakt\/","title":{"rendered":"Contact"},"content":{"rendered":"<p id=\"abstand\"><\/p>\n\n<!--themify_builder_content-->\n<div id=\"themify_builder_content-653\" data-postid=\"653\" class=\"themify_builder_content themify_builder_content-653 themify_builder tf_clear\">\n                    <div  data-lazy=\"1\" class=\"module_row themify_builder_row tb_1h6o323 tb_first tf_w\">\n                        <div class=\"row_inner col_align_top tb_col_count_1 tf_box tf_rel\">\n                        <div  data-lazy=\"1\" class=\"module_column tb-column col-full tb_0lao323 first\">\n                    <!-- module text -->\n<div  class=\"module module-text tb_3e3q679\" data-lazy=\"1\">\n        <div  class=\"tb_text_wrap\">\n        <p>University Library of Erlangen-N\u00fcrnberg<br \/>FAU University Press<br \/>Universit\u00e4tsstr. 4<br \/>91054 Erlangen \nGermany<\/p>\n<p>Please address any questions to:<br \/><a href=\"mailto:university-press@fau.de\">university-press@fau.de<\/a><br \/>Telefon: +49 9131 85-29324<\/p>\n<p>Orders can be placed via our webshop: <a href=\"https:\/\/www.university-press.fau.de\/en\/shop\/\">https:\/\/www.university-press.fau.de\/shop\/\u00a0<\/a><\/p>\n<p>Legal information on the website can be found in the\u00a0<a href=\"https:\/\/www.university-press.fau.de\/en\/impressum\/\">Legal Notice<\/a><\/p>    <\/div>\n<\/div>\n<!-- \/module text -->        <\/div>\n                        <\/div>\n        <\/div>\n        <\/div>\n<!--\/themify_builder_content-->","protected":false},"excerpt":{"rendered":"","protected":false},"author":2,"featured_media":0,"parent":0,"menu_order":0,"comment_status":"closed","ping_status":"closed","template":"","meta":{"_acf_changed":false,"footnotes":""},"class_list":["post-653","page","type-page","status-publish","hentry","has-post-title","has-post-date","has-post-category","has-post-tag","has-post-comment","has-post-author",""],"acf":[],"builder_content":"<p>Universit\u00e4tsbibliothek Erlangen-N\u00fcrnberg<br \/>FAU University Press<br \/>Universit\u00e4tsstr. 4<br \/>91054 Erlangen<\/p> <p>Anfragen richten Sie bitte an:<br \/><a href=\"mailto:university-press@fau.de\">university-press@fau.de<\/a><br \/>Telefon: +49 9131 85-29324<\/p> <p>Bestellungen k\u00f6nnen Sie \u00fcber unseren Online-Shop t\u00e4tigen: <a href=\"https:\/\/www.university-press.fau.de\/shop\/\">https:\/\/www.university-press.fau.de\/shop\/\u00a0<\/a><\/p> <p>Rechtliche Informationen zum Webauftritt finden Sie im\u00a0<a href=\"https:\/\/www.university-press.fau.de\/impressum\/\">Impressum<\/a><\/p>","_links":{"self":[{"href":"https:\/\/www.university-press.fau.de\/en\/wp-json\/wp\/v2\/pages\/653","targetHints":{"allow":["GET"]}}],"collection":[{"href":"https:\/\/www.university-press.fau.de\/en\/wp-json\/wp\/v2\/pages"}],"about":[{"href":"https:\/\/www.university-press.fau.de\/en\/wp-json\/wp\/v2\/types\/page"}],"author":[{"embeddable":true,"href":"https:\/\/www.university-press.fau.de\/en\/wp-json\/wp\/v2\/users\/2"}],"replies":[{"embeddable":true,"href":"https:\/\/www.university-press.fau.de\/en\/wp-json\/wp\/v2\/comments?post=653"}],"version-history":[{"count":7,"href":"https:\/\/www.university-press.fau.de\/en\/wp-json\/wp\/v2\/pages\/653\/revisions"}],"predecessor-version":[{"id":5432,"href":"https:\/\/www.university-press.fau.de\/en\/wp-json\/wp\/v2\/pages\/653\/revisions\/5432"}],"wp:attachment":[{"href":"https:\/\/www.university-press.fau.de\/en\/wp-json\/wp\/v2\/media?parent=653"}],"curies":[{"name":"wp","href":"https:\/\/api.w.org\/{rel}","templated":true}]}}