{"id":656,"date":"2022-09-20T09:48:49","date_gmt":"2022-09-20T07:48:49","guid":{"rendered":"https:\/\/www.university-press.fau.de\/?page_id=167"},"modified":"2023-07-19T14:04:59","modified_gmt":"2023-07-19T12:04:59","slug":"abstracting-indexing-services","status":"publish","type":"page","link":"https:\/\/www.university-press.fau.de\/en\/publizieren\/abstracting-indexing-services\/","title":{"rendered":"Abstracting &amp; Indexing Services"},"content":{"rendered":"<!--themify_builder_content-->\n<div id=\"themify_builder_content-656\" data-postid=\"656\" class=\"themify_builder_content themify_builder_content-656 themify_builder tf_clear\">\n                    <div  data-lazy=\"1\" class=\"module_row themify_builder_row tb_8nw2571 tb_first tf_w\">\n                        <div class=\"row_inner col_align_top tb_col_count_2 tf_box tf_rel\">\n                        <div  data-lazy=\"1\" class=\"module_column tb-column col4-2 tb_exwq282 first\">\n                    <!-- module text -->\n<div  class=\"module module-text tb_t0mp108\" data-lazy=\"1\">\n        <div  class=\"tb_text_wrap\">\n        <p>The titles of FAU University Press are made available to the following generic indexing services:<\/p>\n<p><!-- wp:list --><\/p>\n<ul><!-- wp:list-item -->\n<li><a href=\"https:\/\/vlb.de\/en\/\">Directory of Available Books (VLB)<\/a><\/li>\n<!-- \/wp:list-item --> <!-- wp:list-item -->\n<li><a href=\"https:\/\/www.libri.de\/en\/\">Libri<\/a><\/li>\n<!-- \/wp:list-item --> <!-- wp:list-item -->\n<li><a href=\"https:\/\/www.amazon.com\">Amazon<\/a><\/li>\n<!-- \/wp:list-item --> <!-- wp:list-item -->\n<li><a href=\"https:\/\/universitaetsverlage.eu\/\">universitaetsverlage.eu<\/a><\/li>\n<!-- \/wp:list-item --> <!-- wp:list-item -->\n<li>Library catalogs (regional, national, for example <a href=\"https:\/\/www.dnb.de\/EN\/Home\/home_node.html\">DNB<\/a>)<\/li>\n<!-- \/wp:list-item --> <!-- wp:list-item -->\n<li><a href=\"https:\/\/scholar.google.de\/\">Google Scholar<\/a><\/li>\n<!-- \/wp:list-item --> <!-- wp:list-item -->\n<li><a href=\"https:\/\/www.base-search.net\/\">BASE<\/a><\/li>\n<!-- \/wp:list-item --><\/ul>\n<p><!-- \/wp:list --><\/p>    <\/div>\n<\/div>\n<!-- \/module text -->        <\/div>\n                    <div  data-lazy=\"1\" class=\"module_column tb-column col4-2 tb_g3uo282 last\">\n                    <!-- module text -->\n<div  class=\"module module-text tb_ulry867\" data-lazy=\"1\">\n        <div  class=\"tb_text_wrap\">\n        <p>Individual book series are also indexed in disciplinary subject databases and specialized information services:<\/p>\n<p><!-- wp:list --><\/p>\n<ul><!-- wp:list-item -->\n<li><a href=\"http:\/\/arthistoricum.net\/en\">arthistoricum.net<\/a> (FAU Kunst und Bildung (ISSN 2199-2037))<\/li>\n<!-- \/wp:list-item --> <!-- wp:list-item -->\n<li><a href=\"https:\/\/dblp.org\/\">DBLP Computer Science Bibliography<\/a> (FAU Studien aus der Informatik (ISSN 2509-9981, individuelle Auswahl von Reihentiteln))<\/li>\n<!-- \/wp:list-item --> <!-- wp:list-item -->\n<li><a href=\"https:\/\/www.historicum.net\/metaopac\/search.do?methodToCall=selectLanguage&amp;Language=en&amp;SearchType=\">Bibliography of German History<\/a> | historicum.net (Ausgezeichnete Abschlussarbeiten der Erlanger Geschichtswissenschaft (ISSN 2196-9671))<\/li>\n<!-- \/wp:list-item --> <!-- wp:list-item -->\n<li><a href=\"https:\/\/vifa-recht.de\/en\/\">Virtual Library for\nInternational and Interdisciplinary Legal Research<\/a> (FAU Studien aus der Rechtswissenschaft (ISSN 2625-2112))<\/li>\n<!-- \/wp:list-item --> <!-- wp:list-item -->\n<li><a href=\"https:\/\/www.fachportal-paedagogik.de\/en\/index.html\">Education Research Portal<\/a> (FAU Lehren und Lernen (ISSN 2511-0632))<\/li>\n<!-- \/wp:list-item --> <!-- wp:list-item -->\n<li><a href=\"https:\/\/www.tib.eu\/de\/\">TIB<\/a> (FAU Studien aus der Elektrotechnik (ISSN 2363-8699), FAU Studien aus der Informatik (ISSN 2509-9981), FAU Studien Materialwissenschaft und Werkstofftechnik (ISSN 2197-2575), FAU Studies Mathematics &amp; Physics (ISSN 2196-7482))<\/li>\n<!-- \/wp:list-item --><\/ul>\n<p><!-- \/wp:list --><\/p>    <\/div>\n<\/div>\n<!-- \/module text -->        <\/div>\n                        <\/div>\n        <\/div>\n                        <div  data-lazy=\"1\" class=\"module_row themify_builder_row tb_zepx601 tf_w\">\n                        <div class=\"row_inner col_align_top tb_col_count_1 tf_box tf_rel\">\n                        <div  data-lazy=\"1\" class=\"module_column tb-column col-full tb_gfva602 first\">\n                    <!-- module text -->\n<div  class=\"module module-text tb_k0hj780\" data-lazy=\"1\">\n        <div  class=\"tb_text_wrap\">\n        <p>If you as an author have suggestions or requests for indexing in other subject databases, please contact us.<\/p>    <\/div>\n<\/div>\n<!-- \/module text -->        <\/div>\n                        <\/div>\n        <\/div>\n        <\/div>\n<!--\/themify_builder_content-->","protected":false},"excerpt":{"rendered":"<p>Die Verlagstitel von FAU University Press werden folgenden generischen Indexierungsdiensten zur Verf\u00fcgung gestellt: Verzeichnis lieferbarer B\u00fccher (VLB) Libri Amazon universitaetsverlage.eu Bibliothekskataloge (regional, \u00fcberregional, zum Beispiel DNB) Google Scholar BASE<\/p>","protected":false},"author":2,"featured_media":0,"parent":654,"menu_order":10,"comment_status":"closed","ping_status":"closed","template":"","meta":{"_acf_changed":false,"footnotes":""},"class_list":["post-656","page","type-page","status-publish","hentry","has-post-title","has-post-date","has-post-category","has-post-tag","has-post-comment","has-post-author",""],"acf":[],"builder_content":"<p>Die Verlagstitel von FAU University Press werden folgenden generischen Indexierungsdiensten zur Verf\u00fcgung gestellt:<\/p> <p><\/p> <ul> <li><a href=\"https:\/\/vlb.de\/\">Verzeichnis lieferbarer B\u00fccher (VLB)<\/a><\/li> <li><a href=\"https:\/\/www.libri.de\/de\/\">Libri<\/a><\/li> <li><a href=\"https:\/\/www.amazon.de\/\">Amazon<\/a><\/li> <li><a href=\"https:\/\/universitaetsverlage.eu\/\">universitaetsverlage.eu<\/a><\/li> <li>Bibliothekskataloge (regional, \u00fcberregional, zum Beispiel <a href=\"https:\/\/www.dnb.de\/DE\/Home\/home_node.html\">DNB<\/a>)<\/li> <li><a href=\"https:\/\/scholar.google.de\/\">Google Scholar<\/a><\/li> <li><a href=\"https:\/\/www.base-search.net\/\">BASE<\/a><\/li> <\/ul> <p><\/p>\n<p>Einzelne Reihen werden dar\u00fcber hinaus in disziplin\u00e4ren Fachdatenbanken und Fachinformationsdiensten indexiert:<\/p> <p><\/p> <ul> <li><a href=\"http:\/\/arthistoricum.net\">arthistoricum.net<\/a> (FAU Kunst und Bildung (ISSN 2199-2037))<\/li> <li><a href=\"https:\/\/dblp.org\/\">DBLP Computer Science Bibliography<\/a> (FAU Studien aus der Informatik (ISSN 2509-9981, individuelle Auswahl von Reihentiteln))<\/li> <li><a href=\"https:\/\/www.historicum.net\/metaopac\/start.do?View=dhb\">Deutsche Historische Bibliografie<\/a> | historicum.net (Ausgezeichnete Abschlussarbeiten der Erlanger Geschichtswissenschaft (ISSN 2196-9671))<\/li> <li><a href=\"https:\/\/vifa-recht.de\/\">Fachinformationsdienst f\u00fcr internationale und interdisziplin\u00e4re Rechtsforschung<\/a> (FAU Studien aus der Rechtswissenschaft (ISSN 2625-2112))<\/li> <li><a href=\"https:\/\/www.fachportal-paedagogik.de\/\">Fachportal P\u00e4dagogik<\/a> (FAU Lehren und Lernen (ISSN 2511-0632))<\/li> <li><a href=\"https:\/\/www.tib.eu\/de\/\">TIB<\/a> (FAU Studien aus der Elektrotechnik (ISSN 2363-8699), FAU Studien aus der Informatik (ISSN 2509-9981), FAU Studien Materialwissenschaft und Werkstofftechnik (ISSN 2197-2575), FAU Studies Mathematics &amp; Physics (ISSN 2196-7482))<\/li> <\/ul> <p><\/p>\n<p>Sollten Sie als Autorin oder Autor Vorschl\u00e4ge oder W\u00fcnsche f\u00fcr ein Indexing in Fachdatenbanken haben, melden Sie sich bitte beim Verlag.<\/p>","_links":{"self":[{"href":"https:\/\/www.university-press.fau.de\/en\/wp-json\/wp\/v2\/pages\/656","targetHints":{"allow":["GET"]}}],"collection":[{"href":"https:\/\/www.university-press.fau.de\/en\/wp-json\/wp\/v2\/pages"}],"about":[{"href":"https:\/\/www.university-press.fau.de\/en\/wp-json\/wp\/v2\/types\/page"}],"author":[{"embeddable":true,"href":"https:\/\/www.university-press.fau.de\/en\/wp-json\/wp\/v2\/users\/2"}],"replies":[{"embeddable":true,"href":"https:\/\/www.university-press.fau.de\/en\/wp-json\/wp\/v2\/comments?post=656"}],"version-history":[{"count":28,"href":"https:\/\/www.university-press.fau.de\/en\/wp-json\/wp\/v2\/pages\/656\/revisions"}],"predecessor-version":[{"id":3514,"href":"https:\/\/www.university-press.fau.de\/en\/wp-json\/wp\/v2\/pages\/656\/revisions\/3514"}],"up":[{"embeddable":true,"href":"https:\/\/www.university-press.fau.de\/en\/wp-json\/wp\/v2\/pages\/654"}],"wp:attachment":[{"href":"https:\/\/www.university-press.fau.de\/en\/wp-json\/wp\/v2\/media?parent=656"}],"curies":[{"name":"wp","href":"https:\/\/api.w.org\/{rel}","templated":true}]}}