{"id":658,"date":"2022-09-20T09:55:33","date_gmt":"2022-09-20T07:55:33","guid":{"rendered":"https:\/\/www.university-press.fau.de\/?page_id=175"},"modified":"2025-12-22T16:05:44","modified_gmt":"2025-12-22T15:05:44","slug":"kosten","status":"publish","type":"page","link":"https:\/\/www.university-press.fau.de\/en\/publizieren\/kosten\/","title":{"rendered":"Costs"},"content":{"rendered":"<p id=\"abstand\">A one-off fee of \u20ac80 net is charged for the publication of a manuscript in digital form only.<\/p>\n\n\n\n<p>If digital publication is to be supplemented by a print-on-demand version, the additional processing work involved means that the one-off publishing fee is \u20ac150 net; this does not include the printing costs incurred and, where applicable, the shipping costs for the proofs and the complete print run. These costs must be borne by the author. We will gladly send you a cost estimate. An Excel calculator for non-binding preliminary information on printing costs can be found on our <a href=\"http:\/\/www.university-press.fau.de\/en\/publizieren\/informationen-und-downloads-fuer-autoren\/\">download page<\/a> in the section \"<a href=\"https:\/\/www.university-press.fau.de\/en\/publizieren\/informationen-und-downloads-fuer-autoren\/#Vertrag-Kalkulation\">Contract \/ calculation<\/a>\" .<\/p>\n\n\n\n<p>Authors will not be entitled to direct payment of royalties. Authors can register their publications with&nbsp;<a href=\"http:\/\/www.university-press.fau.de\/en\/publizieren\/vg-wort.shtml\/\">VG WORT<\/a>\u00a0which&nbsp;<em>may\u00a0<\/em>make royalty payments. Please note that there is no guarantee of entitlement to royalties or that these will cover the costs of publishing.<\/p>\n\n\n\n<p>For advice on available financial sponsorship options for print editions, please contact the\u00a0<a href=\"https:\/\/www.fau.de\/universitaet\/foerderung-und-unterstuetzung\/\">foundations, funds and sponsoring associations of FAU<\/a>\u00a0and the\u00a0<a href=\"https:\/\/www.fau.eu\/graduate-centre\/\">Graduate Centre.<\/a><\/p>\n\n\n\n<h2 class=\"wp-block-heading\"><\/h2>\n\n\n<!-- wp:themify-builder\/canvas \/-->","protected":false},"excerpt":{"rendered":"<p>F\u00fcr die rein elektronische Ver\u00f6ffentlichung wird eine einmalige Pauschale von 80 Euro netto erhoben. Wenn neben der elektronischen Publikation eine Ausgabe im Print-on-Demand-Verfahren hergestellt wird, wird aufgrund des h\u00f6heren Bearbeitungsaufwands eine h\u00f6here Verlagspauschale von 150 Euro netto f\u00e4llig, zus\u00e4tzlich entstehen Druckkosten und gegebenenfalls Versandkosten f\u00fcr den Andruck und die Gesamtauflage. Diese Kosten m\u00fcssen von der [&hellip;]<\/p>\n","protected":false},"author":2,"featured_media":0,"parent":654,"menu_order":30,"comment_status":"closed","ping_status":"closed","template":"","meta":{"_acf_changed":false,"footnotes":""},"class_list":["post-658","page","type-page","status-publish","hentry","has-post-title","has-post-date","has-post-category","has-post-tag","has-post-comment","has-post-author",""],"acf":[],"builder_content":"","_links":{"self":[{"href":"https:\/\/www.university-press.fau.de\/en\/wp-json\/wp\/v2\/pages\/658","targetHints":{"allow":["GET"]}}],"collection":[{"href":"https:\/\/www.university-press.fau.de\/en\/wp-json\/wp\/v2\/pages"}],"about":[{"href":"https:\/\/www.university-press.fau.de\/en\/wp-json\/wp\/v2\/types\/page"}],"author":[{"embeddable":true,"href":"https:\/\/www.university-press.fau.de\/en\/wp-json\/wp\/v2\/users\/2"}],"replies":[{"embeddable":true,"href":"https:\/\/www.university-press.fau.de\/en\/wp-json\/wp\/v2\/comments?post=658"}],"version-history":[{"count":11,"href":"https:\/\/www.university-press.fau.de\/en\/wp-json\/wp\/v2\/pages\/658\/revisions"}],"predecessor-version":[{"id":6291,"href":"https:\/\/www.university-press.fau.de\/en\/wp-json\/wp\/v2\/pages\/658\/revisions\/6291"}],"up":[{"embeddable":true,"href":"https:\/\/www.university-press.fau.de\/en\/wp-json\/wp\/v2\/pages\/654"}],"wp:attachment":[{"href":"https:\/\/www.university-press.fau.de\/en\/wp-json\/wp\/v2\/media?parent=658"}],"curies":[{"name":"wp","href":"https:\/\/api.w.org\/{rel}","templated":true}]}}