{"id":660,"date":"2022-09-20T10:58:06","date_gmt":"2022-09-20T08:58:06","guid":{"rendered":"https:\/\/www.university-press.fau.de\/?page_id=205"},"modified":"2025-06-30T06:10:51","modified_gmt":"2025-06-30T04:10:51","slug":"publikationsprozess","status":"publish","type":"page","link":"https:\/\/www.university-press.fau.de\/en\/publizieren\/publikationsprozess\/","title":{"rendered":"Publication Process"},"content":{"rendered":"<p><\/p>\n\n<!--themify_builder_content-->\n<div id=\"themify_builder_content-660\" data-postid=\"660\" class=\"themify_builder_content themify_builder_content-660 themify_builder tf_clear\">\n                    <div  data-lazy=\"1\" class=\"module_row themify_builder_row tb_vzdw80 tb_first tf_w\">\n                        <div class=\"row_inner col_align_top tb_col_count_1 tf_box tf_rel\">\n                        <div  data-lazy=\"1\" class=\"module_column tb-column col-full tb_kwe682 first\">\n                    <!-- module text -->\n<div  class=\"module module-text tb_sc2985\" data-lazy=\"1\">\n        <div  class=\"tb_text_wrap\">\n        <p><abbr title=\"Friedrich-Alexander-Universit\u00e4t Erlangen-N\u00fcrnberg\">FAU<\/abbr> University Press will support you in all phases of the publication process. The process itself is briefly described below. Details may be found in the current\u00a0<a href=\"https:\/\/www.university-press.fau.de\/en\/publizieren\/informationen-und-downloads-fuer-autorinnen-und-autoren\/#Vorgaben\">Checklist for authors<\/a>\u00a0issued by <abbr title=\"Friedrich-Alexander-Universit\u00e4t Erlangen-N\u00fcrnberg\">FAU<\/abbr> University Press.<\/p>    <\/div>\n<\/div>\n<!-- \/module text -->        <div  data-lazy=\"1\" class=\"module_subrow themify_builder_sub_row tf_w col_align_top gutter-none tb_col_count_2 tb_2q1p85\">\n                <div  data-lazy=\"1\" class=\"module_column sub_column col4-2 tb_6tbu87 first\">\n                    <!-- module feature -->\n<div  class=\"module module-feature tb_2j1w87 with-chart layout-icon-left size-small\" data-layout-mobile=\"icon-top\" data-layout-desktop=\"icon-left\" data-lazy=\"1\" id=\"Kontaktaufnahme\">\n        <div class=\"module-feature-image tf_textc tf_rel\">\n                            <span class=\"module-feature-chart-html5 tf_box tf_rel tf_inline_b\">\n                                    <svg class=\"tf_abs tf_w tf_h\">\n                    <circle class=\"tb_feature_fill\" r=\"calc(50% - 1.00px)\" cx=\"50%\" cy=\"50%\" stroke-width=\"2\"\/>\n                    <circle class=\"tb_feature_stroke\" r=\"calc(50% - 1.00px)\" cx=\"50%\" cy=\"50%\" stroke=\"#004a9f\" stroke-width=\"2\" data-progress=\"100\" stroke-dasharray=\"0,10000\"\/>\n                                        <\/svg>\n                                <span class=\"chart-html5-circle tf_w tf_h\">\n                                            <em class=\"module-feature-icon tf_rel\" style=\"color:#000000\"><svg  class=\"tf_fa tf-fas-envelope\" xmlns:xlink=\"http:\/\/www.w3.org\/1999\/xlink\" aria-hidden=\"true\"><use href=\"#tf-fas-envelope\" xlink:href=\"#tf-fas-envelope\"><\/use><\/svg><\/em>\n                                    <\/span>\n\n                \n            <\/span>\n                <\/div>\n    <div class=\"module-feature-content tf_textc\">\n                    <h3 class=\"module-feature-title\">\n                            Establishing Contact                        <\/h3>\n                    <div class=\"tb_text_wrap\">\n            <p>If you are interested in publishing through <abbr title=\"Friedrich-Alexander-Universit\u00e4t Erlangen-N\u00fcrnberg\">FAU<\/abbr> University Press, please contact us (<a href=\"mailto:university-press@fau.de\">university-press(at)fau.de<\/a>, phone +49 9131 85-29324) and provide us with the most detailed information possible about your publication project.<\/p>\n<p>If you have already published with us or know the procedure, you can also send us directly the correctly formatted manuscript and the book submission form with your book proposal including metadata (see Information and Downloads for Authors, section \"<a href=\"https:\/\/www.university-press.fau.de\/en\/publizieren\/informationen-und-downloads-fuer-autorinnen-und-autoren\/\">Specification<\/a>\").<\/p>\n<p>In principle, only employees and students of Friedrich-Alexander-Universit\u00e4t Erlangen-N\u00fcrnberg (<abbr title=\"Friedrich-Alexander-Universit\u00e4t Erlangen-N\u00fcrnberg\">FAU<\/abbr>) are entitled to publish through <abbr title=\"Friedrich-Alexander-Universit\u00e4t Erlangen-N\u00fcrnberg\">FAU<\/abbr> University Press. If you wish to publish in one of the series, please contact us first before the book series editors. The latter parties are responsible for the review process. For more information, please visit our <a href=\"http:\/\/www.university-press.fau.de\/en\/publizieren\/open-peer-review\/\">Open Peer Review page<\/a>. If no suitable series is currently available, you can contact an university institution (such as a faculty, department or chair) to suggest the inauguration of a new series.<\/p>        <\/div>\n    <\/div>\n<\/div>\n<!-- \/module feature -->\n        <\/div>\n                    <div  data-lazy=\"1\" class=\"module_column sub_column col4-2 tb_m3xh88 last\">\n                    <!-- module feature -->\n<div  class=\"module module-feature tb_chfi88 with-chart layout-icon-left size-small\" data-layout-mobile=\"icon-top\" data-layout-desktop=\"icon-left\" data-lazy=\"1\" id=\"Kostenvoranschlag\">\n        <div class=\"module-feature-image tf_textc tf_rel\">\n                            <span class=\"module-feature-chart-html5 tf_box tf_rel tf_inline_b\">\n                                    <svg class=\"tf_abs tf_w tf_h\">\n                    <circle class=\"tb_feature_fill\" r=\"calc(50% - 1.00px)\" cx=\"50%\" cy=\"50%\" stroke-width=\"2\"\/>\n                    <circle class=\"tb_feature_stroke\" r=\"calc(50% - 1.00px)\" cx=\"50%\" cy=\"50%\" stroke=\"#004a9f\" stroke-width=\"2\" data-progress=\"100\" stroke-dasharray=\"0,10000\"\/>\n                                        <\/svg>\n                                <span class=\"chart-html5-circle tf_w tf_h\">\n                                            <em class=\"module-feature-icon tf_rel\" style=\"color:#000000\"><svg  class=\"tf_fa tf-fas-money-bill-wave-alt\" xmlns:xlink=\"http:\/\/www.w3.org\/1999\/xlink\" aria-hidden=\"true\"><use href=\"#tf-fas-money-bill-wave-alt\" xlink:href=\"#tf-fas-money-bill-wave-alt\"><\/use><\/svg><\/em>\n                                    <\/span>\n\n                \n            <\/span>\n                <\/div>\n    <div class=\"module-feature-content tf_textc\">\n                    <h3 class=\"module-feature-title\">\n                            Cost Estimate                        <\/h3>\n                    <div class=\"tb_text_wrap\">\n            <p>The cost of publishing the first edition will either be borne by the author or by the editors. FAU University Press will obtain quotations from printers and provide an overall estimate of costs, including the expenditure incurred by the publisher, especially the printing costs and the publisher\u00b4s one-off fee of \u20ac150. If print copies have been requested, the costs of mandatory copies and a few sales copies (usually a total of 12 or 22 copies) for FAU University Press will be included in the estimate.<\/p>\n<p>A one-off fee of \u20ac80 is charged for the publication of a manuscript in digital form only.<\/p>\n<p>As FAU University Press has no commercial interest in the publication of any manuscript, it will not pay royalties to authors. However, the publication can be registered with VG WORT, which may arrange for royalty payments to be made.<\/p>        <\/div>\n    <\/div>\n<\/div>\n<!-- \/module feature -->\n        <\/div>\n                    <\/div>\n                <div  data-lazy=\"1\" class=\"module_subrow themify_builder_sub_row tf_w col_align_top gutter-none tb_col_count_2 tb_7tfp89\">\n                <div  data-lazy=\"1\" class=\"module_column sub_column col4-2 tb_mjh290 first\">\n                    <!-- module feature -->\n<div  class=\"module module-feature tb_6rj991 with-chart layout-icon-left size-small\" data-layout-mobile=\"icon-top\" data-layout-desktop=\"icon-left\" data-lazy=\"1\" id=\"AblieferungdeselektronischenDokuments\">\n        <div class=\"module-feature-image tf_textc tf_rel\">\n                            <span class=\"module-feature-chart-html5 tf_box tf_rel tf_inline_b\">\n                                    <svg class=\"tf_abs tf_w tf_h\">\n                    <circle class=\"tb_feature_fill\" r=\"calc(50% - 1.00px)\" cx=\"50%\" cy=\"50%\" stroke-width=\"2\"\/>\n                    <circle class=\"tb_feature_stroke\" r=\"calc(50% - 1.00px)\" cx=\"50%\" cy=\"50%\" stroke=\"#004a9f\" stroke-width=\"2\" data-progress=\"100\" stroke-dasharray=\"0,10000\"\/>\n                                        <\/svg>\n                                <span class=\"chart-html5-circle tf_w tf_h\">\n                                            <em class=\"module-feature-icon tf_rel\" style=\"color:#000000\"><svg  class=\"tf_fa tf-far-check-square-o\" xmlns:xlink=\"http:\/\/www.w3.org\/1999\/xlink\" aria-hidden=\"true\"><use href=\"#tf-far-check-square-o\" xlink:href=\"#tf-far-check-square-o\"><\/use><\/svg><\/em>\n                                    <\/span>\n\n                \n            <\/span>\n                <\/div>\n    <div class=\"module-feature-content tf_textc\">\n                    <h3 class=\"module-feature-title\">\n                            Submission of Electronic Manuscripts                        <\/h3>\n                    <div class=\"tb_text_wrap\">\n            <p>You can submit electronic manuscripts via email attachment,\u00a0<a class=\"external-link\" href=\"https:\/\/faubox.rrze.uni-erlangen.de\/login\">FAUbox<\/a>&nbsp;or drop box or in person on an electronic storage medium (USB stick, CD-ROM, etc.).<\/p>        <\/div>\n    <\/div>\n<\/div>\n<!-- \/module feature -->\n        <\/div>\n                    <div  data-lazy=\"1\" class=\"module_column sub_column col4-2 tb_pw2790 last\">\n                    <!-- module feature -->\n<div  class=\"module module-feature tb_sxgm90 with-chart layout-icon-left size-small\" data-layout-mobile=\"icon-top\" data-layout-desktop=\"icon-left\" data-lazy=\"1\" id=\"Veroeffentlichungsvertrag\">\n        <div class=\"module-feature-image tf_textc tf_rel\">\n                            <span class=\"module-feature-chart-html5 tf_box tf_rel tf_inline_b\">\n                                    <svg class=\"tf_abs tf_w tf_h\">\n                    <circle class=\"tb_feature_fill\" r=\"calc(50% - 1.00px)\" cx=\"50%\" cy=\"50%\" stroke-width=\"2\"\/>\n                    <circle class=\"tb_feature_stroke\" r=\"calc(50% - 1.00px)\" cx=\"50%\" cy=\"50%\" stroke=\"#004a9f\" stroke-width=\"2\" data-progress=\"100\" stroke-dasharray=\"0,10000\"\/>\n                                        <\/svg>\n                                <span class=\"chart-html5-circle tf_w tf_h\">\n                                            <em class=\"module-feature-icon tf_rel\" style=\"color:#000000\"><svg  class=\"tf_fa tf-fas-file-signature\" xmlns:xlink=\"http:\/\/www.w3.org\/1999\/xlink\" aria-hidden=\"true\"><use href=\"#tf-fas-file-signature\" xlink:href=\"#tf-fas-file-signature\"><\/use><\/svg><\/em>\n                                    <\/span>\n\n                \n            <\/span>\n                <\/div>\n    <div class=\"module-feature-content tf_textc\">\n                    <h3 class=\"module-feature-title\">\n                            Publishing Contract                        <\/h3>\n                    <div class=\"tb_text_wrap\">\n            <p><abbr title=\"Friedrich-Alexander-Universit\u00e4t Erlangen-N\u00fcrnberg\">FAU<\/abbr> University Press, the author and the editor will conclude a publishing contract. Among other things, this contract will regulate costs, the period of availability to the book trade, the Creative Commons License as well as the usage rights to be granted to <abbr title=\"Friedrich-Alexander-Universit\u00e4t Erlangen-N\u00fcrnberg\">FAU<\/abbr> University Press (see also our\u00a0<a href=\"http:\/\/www.university-press.fau.de\/en\/publizieren\/rechte\/\">Information<\/a>), the number of copies to be produced and the retail price of the printed edition. A requirement for concluding a contract is the consent of a professor (in the case of dissertations) or a series editor or the Academic Advisory Board in the case manuscripts to be published as part of the FAU Forschungen series. When the contract has been concluded, you will be issued with an <a href=\"https:\/\/en.wikipedia.org\/wiki\/ISBN\">ISBN<\/a>\u00a0for your work and an\u00a0<a href=\"https:\/\/en.wikipedia.org\/wiki\/International_Standard_Serial_Number\">ISSN<\/a> for the series.<\/p>        <\/div>\n    <\/div>\n<\/div>\n<!-- \/module feature -->\n        <\/div>\n                    <\/div>\n                <div  data-lazy=\"1\" class=\"module_subrow themify_builder_sub_row tf_w col_align_top gutter-none tb_col_count_2 tb_nlk6646\">\n                <div  data-lazy=\"1\" class=\"module_column sub_column col4-2 tb_ga69647 first\">\n                    <!-- module feature -->\n<div  class=\"module module-feature tb_1jax647 with-chart layout-icon-left size-small\" data-layout-mobile=\"icon-top\" data-layout-desktop=\"icon-left\" data-lazy=\"1\" id=\"Verffentlichung\">\n        <div class=\"module-feature-image tf_textc tf_rel\">\n                            <span class=\"module-feature-chart-html5 tf_box tf_rel tf_inline_b\">\n                                    <svg class=\"tf_abs tf_w tf_h\">\n                    <circle class=\"tb_feature_fill\" r=\"calc(50% - 1.00px)\" cx=\"50%\" cy=\"50%\" stroke-width=\"2\"\/>\n                    <circle class=\"tb_feature_stroke\" r=\"calc(50% - 1.00px)\" cx=\"50%\" cy=\"50%\" stroke=\"#004a9f\" stroke-width=\"2\" data-progress=\"100\" stroke-dasharray=\"0,10000\"\/>\n                                        <\/svg>\n                                <span class=\"chart-html5-circle tf_w tf_h\">\n                                            <em class=\"module-feature-icon tf_rel\" style=\"color:#000000\"><svg  class=\"tf_fa tf-fas-book-open\" xmlns:xlink=\"http:\/\/www.w3.org\/1999\/xlink\" aria-hidden=\"true\"><use href=\"#tf-fas-book-open\" xlink:href=\"#tf-fas-book-open\"><\/use><\/svg><\/em>\n                                    <\/span>\n\n                \n            <\/span>\n                <\/div>\n    <div class=\"module-feature-content tf_textc\">\n                    <h3 class=\"module-feature-title\">\n                            Publication                        <\/h3>\n                    <div class=\"tb_text_wrap\">\n            <p>Your digital manuscript will form the basis for digital and print publication. We will formally review your file before sending it for printing. You will be sent proofs so that you can approve the manuscript for printing. Your work will then be published on\u00a0<a class=\"external-link\" href=\"https:\/\/open.fau.de\/home\">OPEN FAU<\/a>\u00a0. It can then be read and downloaded free of charge. The online edition is also be subject to copyright protection.<\/p>\n<p>Your printed publication will be listed in the German Books in Print (VLB) catalogue, by online bookstores, in the German National Bibliography and the Library Union Catalogue of Bavaria (BVB). It can be ordered through retail booksellers and the website of FAU University Press.<\/p>\n<p>The digital document on OPEN FAU will also be bibliographically registered and will be transferred to the German National Library (Deutsche Nationalbibliothek, DNB) for the long-term archiving. Please provide us with freely specified keywords, standardised German GND (universal authority file) keywords and an abstract (optionally also in English). These will help others to find your publication online.<\/p>        <\/div>\n    <\/div>\n<\/div>\n<!-- \/module feature -->\n        <\/div>\n                    <div  data-lazy=\"1\" class=\"module_column sub_column col4-2 tb_ofy2648 last\">\n                            <\/div>\n                    <\/div>\n                <\/div>\n                        <\/div>\n        <\/div>\n        <\/div>\n<!--\/themify_builder_content-->\n\n\n<p><\/p>","protected":false},"excerpt":{"rendered":"","protected":false},"author":2,"featured_media":0,"parent":654,"menu_order":50,"comment_status":"closed","ping_status":"closed","template":"","meta":{"_acf_changed":false,"footnotes":""},"class_list":["post-660","page","type-page","status-publish","hentry","has-post-title","has-post-date","has-post-category","has-post-tag","has-post-comment","has-post-author",""],"acf":[],"builder_content":"<p>FAU University Press unterst\u00fctzt Sie in allen Phasen des Publikationsprozesses. Der Ablauf des Prozesses ist im Folgenden kurz beschrieben. Details entnehmen Sie bitte auch der aktuellen\u00a0<a href=\"https:\/\/www.university-press.fau.de\/publizieren\/informationen-und-downloads-fuer-autorinnen-und-autoren\/#Vorgaben\">Checkliste f\u00fcr Autorinnen und Autoren<\/a>\u00a0von FAU University Press.<\/p>\n<svg> <circle r=\"calc(50% - 1.00px)\" cx=\"50%\" cy=\"50%\" stroke-width=\"2\"\/> <circle r=\"calc(50% - 1.00px)\" cx=\"50%\" cy=\"50%\" stroke=\"#004a9f\" stroke-width=\"2\" data-progress=\"100\" stroke-dasharray=\"0,10000\"\/> <\/svg> <em style=\"color:#000000\"><svg xmlns:xlink=\"http:\/\/www.w3.org\/1999\/xlink\" aria-hidden=\"true\"><use href=\"#tf-fas-envelope\" xlink:href=\"#tf-fas-envelope\"><\/use><\/svg><\/em> \n <h3> Kontaktaufnahme <\/h3> <p>Bei Interesse an einer Ver\u00f6ffentlichung bei FAU University Press nehmen Sie bitte zun\u00e4chst Kontakt zu uns auf (<a href=\"mailto:university-press@fau.de\">university-press(at)fau.de<\/a>, Telefon +49 9131 85-29324) und geben Sie uns bereits m\u00f6glichst detaillierte Informationen zu Ihrem Publikationsprojekt.<\/p> <p>Sollten Sie bereits mit uns publiziert haben oder das Vorgehen kennen, k\u00f6nnen Sie uns auch direkt das korrekt formatierte Manuskript und das Bucheinreichungsformular mit dem formellen Buchkonzept samt Metadaten zusenden (siehe Informationen und Downloads f\u00fcr Autorinnen und Autoren, Abschnitt \u201c<a href=\"https:\/\/www.university-press.fau.de\/publizieren\/informationen-und-downloads-fuer-autorinnen-und-autoren\/\">Vorgaben<\/a>\u201c).<\/p> <p>Bei FAU University Press k\u00f6nnen prinzipiell ausschlie\u00dflich Angeh\u00f6rige der Friedrich-Alexander-Universit\u00e4t Erlangen-N\u00fcrnberg (FAU) ver\u00f6ffentlichen. Wenn Sie in einer der Reihen ver\u00f6ffentlichen m\u00f6chten, wenden Sie sich bitte zun\u00e4chst an uns und dann an die Herausgeberinnen und Herausgeber der jeweiligen Buchreihe. \u00dcber diese findet dann der Begutachtungsprozess statt. F\u00fcr mehr Informationen besuchen Sie bitte unsere <a href=\"http:\/\/www.university-press.fau.de\/publizieren\/open-peer-review\/\">Open Peer Review Seite<\/a>. Sollte noch keine passende Reihe eingerichtet worden sein, k\u00f6nnen Sie einer Institution (zum Beispiel Fakult\u00e4t, Department, Lehrstuhl) der Universit\u00e4t die Gr\u00fcndung einer Reihe vorschlagen.<\/p>\n<svg> <circle r=\"calc(50% - 1.00px)\" cx=\"50%\" cy=\"50%\" stroke-width=\"2\"\/> <circle r=\"calc(50% - 1.00px)\" cx=\"50%\" cy=\"50%\" stroke=\"#004a9f\" stroke-width=\"2\" data-progress=\"100\" stroke-dasharray=\"0,10000\"\/> <\/svg> <em style=\"color:#000000\"><svg xmlns:xlink=\"http:\/\/www.w3.org\/1999\/xlink\" aria-hidden=\"true\"><use href=\"#tf-fas-money-bill-wave-alt\" xlink:href=\"#tf-fas-money-bill-wave-alt\"><\/use><\/svg><\/em> \n <h3> Kostenvoranschlag <\/h3> <p>Die Kosten der Ver\u00f6ffentlichung der Erstauflage tr\u00e4gt entweder die Verfasserin beziehungsweise der Verfasser oder die Herausgeberin beziehungsweise der Herausgeber. Der Verlag holt Kostenvoranschl\u00e4ge bei Druckern ein und unterbreitet einen Gesamt-Kostenvoranschlag, der die Auslagen des Verlages, insbesondere diejenigen f\u00fcr den Druck, und die Verlagspauschale von 150 Euro beinhaltet. Wenn Druckexemplare hergestellt werden, sind automatisch Pflichtexemplare und einige Verkaufsexemplare (in der Regel insgesamt 12 bzw. 22 Exemplare) f\u00fcr den Verlag mit einzukalkulieren.<\/p> <p>F\u00fcr die rein elektronische Ver\u00f6ffentlichung wird eine Pauschale von 80 Euro erhoben.<\/p> <p>Da FAU University Press mit der Ver\u00f6ffentlichung des Werkes keine wirtschaftlichen Interessen verfolgt, erh\u00e4lt die Verfasserin beziehungsweise der Verfasser keine Verg\u00fctung. Es kann jedoch die Publikation an die VG WORT gemeldet werden, \u00fcber die gegebenenfalls eine Aussch\u00fcttung erfolgt.<\/p>\n<svg> <circle r=\"calc(50% - 1.00px)\" cx=\"50%\" cy=\"50%\" stroke-width=\"2\"\/> <circle r=\"calc(50% - 1.00px)\" cx=\"50%\" cy=\"50%\" stroke=\"#004a9f\" stroke-width=\"2\" data-progress=\"100\" stroke-dasharray=\"0,10000\"\/> <\/svg> <em style=\"color:#000000\"><svg xmlns:xlink=\"http:\/\/www.w3.org\/1999\/xlink\" aria-hidden=\"true\"><use href=\"#tf-far-check-square-o\" xlink:href=\"#tf-far-check-square-o\"><\/use><\/svg><\/em> \n <h3> Ablieferung des elektronischen Dokuments <\/h3> <p>Das elektronische Dokument k\u00f6nnen Sie als Mailanhang, \u00fcber\u00a0<a href=\"https:\/\/faubox.rrze.uni-erlangen.de\/login\">FAUbox<\/a>, Dropbox und mittels elektronischer Datentr\u00e4ger (USB-Stick, CD-ROM \u2026) vor Ort einreichen.<\/p>\n<svg> <circle r=\"calc(50% - 1.00px)\" cx=\"50%\" cy=\"50%\" stroke-width=\"2\"\/> <circle r=\"calc(50% - 1.00px)\" cx=\"50%\" cy=\"50%\" stroke=\"#004a9f\" stroke-width=\"2\" data-progress=\"100\" stroke-dasharray=\"0,10000\"\/> <\/svg> <em style=\"color:#000000\"><svg xmlns:xlink=\"http:\/\/www.w3.org\/1999\/xlink\" aria-hidden=\"true\"><use href=\"#tf-fas-file-signature\" xlink:href=\"#tf-fas-file-signature\"><\/use><\/svg><\/em> \n <h3> Ver\u00f6ffentlichungsvertrag <\/h3> <p>Der Verlag und die Verfasserin beziehungsweise der Verfasser und die Herausgeberin beziehungsweise der Herausgeber schlie\u00dfen einen Ver\u00f6ffentlichungsvertrag. Darin werden unter anderem die Kosten, die Dauer der Lieferbarkeit im Buchhandel, die Creative Commons Lizenz sowie die dem Verlag einzur\u00e4umenden Nutzungsrechte (vergleiche unsere\u00a0<a href=\"http:\/\/www.university-press.fau.de\/publizieren\/rechte\/\">Informationen<\/a>), die Auflagenh\u00f6he und der Preis der gedruckten Ausgabe im Buchhandel geregelt. Voraussetzung f\u00fcr den Vertragsabschluss ist die Zustimmung eines Lehrstuhls (bei Dissertationen) beziehungsweise einer Reihenherausgeberin oder eines Reihenherausgebers oder des Wissenschaftlichen Beirats f\u00fcr die FAU Forschungen. Bei Vertragsabschluss erhalten Sie eine <a href=\"http:\/\/de.wikipedia.org\/wiki\/Internationale_Standardbuchnummer\">ISBN<\/a>\u00a0f\u00fcr Ihr Werk und die\u00a0<a href=\"https:\/\/de.wikipedia.org\/wiki\/Internationale_Standardnummer_f%C3%BCr_fortlaufende_Sammelwerke\">ISSN<\/a> f\u00fcr die Reihe.<\/p>\n<svg> <circle r=\"calc(50% - 1.00px)\" cx=\"50%\" cy=\"50%\" stroke-width=\"2\"\/> <circle r=\"calc(50% - 1.00px)\" cx=\"50%\" cy=\"50%\" stroke=\"#004a9f\" stroke-width=\"2\" data-progress=\"100\" stroke-dasharray=\"0,10000\"\/> <\/svg> <em style=\"color:#000000\"><svg xmlns:xlink=\"http:\/\/www.w3.org\/1999\/xlink\" aria-hidden=\"true\"><use href=\"#tf-fas-book-open\" xlink:href=\"#tf-fas-book-open\"><\/use><\/svg><\/em> \n <h3> Ver\u00f6ffentlichung <\/h3> <p>Grundlage f\u00fcr die elektronische Ver\u00f6ffentlichung und die Druckausgabe ist das elektronische Dokument. Ihre Datei wird von uns formal \u00fcberpr\u00fcft und anschlie\u00dfend in den Druck gegeben. Sie erhalten einen Andruck zur endg\u00fcltigen Druckfreigabe. Ihr Werk wird in\u00a0<a href=\"https:\/\/open.fau.de\/home\">OPEN FAU<\/a>\u00a0hochgeladen und freigeschaltet. Es kann dann kostenlos gelesen und heruntergeladen werden. Selbstverst\u00e4ndlich unterliegt auch die Online-Ausgabe urheberrechtlichem Schutz.<\/p> <p>Ihre gedruckte Publikation wird beim Verzeichnis lieferbarer B\u00fccher (VLB), beim Online-Buchhandel und in der Deutschen Nationalbibliografie sowie dem Bayerischen Verbundkatalog gelistet. Sie kann \u00fcber den Buchhandel und die Verlagswebseite bestellt werden.<\/p> <p>Das elektronische Dokument auf OPEN FAU wird ebenfalls bibliografisch erschlossen und \u00fcber die Deutsche Nationalbibliothek (DNB) langzeitarchiviert. Bitte stellen Sie uns hierf\u00fcr freie Schlagw\u00f6rter, normierte GND-Schlagw\u00f6rter und einen Abstract, optional zus\u00e4tzlich in Englisch, zur Verf\u00fcgung. Sie dienen der Auffindung der Publikation im Internet.<\/p>","_links":{"self":[{"href":"https:\/\/www.university-press.fau.de\/en\/wp-json\/wp\/v2\/pages\/660","targetHints":{"allow":["GET"]}}],"collection":[{"href":"https:\/\/www.university-press.fau.de\/en\/wp-json\/wp\/v2\/pages"}],"about":[{"href":"https:\/\/www.university-press.fau.de\/en\/wp-json\/wp\/v2\/types\/page"}],"author":[{"embeddable":true,"href":"https:\/\/www.university-press.fau.de\/en\/wp-json\/wp\/v2\/users\/2"}],"replies":[{"embeddable":true,"href":"https:\/\/www.university-press.fau.de\/en\/wp-json\/wp\/v2\/comments?post=660"}],"version-history":[{"count":114,"href":"https:\/\/www.university-press.fau.de\/en\/wp-json\/wp\/v2\/pages\/660\/revisions"}],"predecessor-version":[{"id":6015,"href":"https:\/\/www.university-press.fau.de\/en\/wp-json\/wp\/v2\/pages\/660\/revisions\/6015"}],"up":[{"embeddable":true,"href":"https:\/\/www.university-press.fau.de\/en\/wp-json\/wp\/v2\/pages\/654"}],"wp:attachment":[{"href":"https:\/\/www.university-press.fau.de\/en\/wp-json\/wp\/v2\/media?parent=660"}],"curies":[{"name":"wp","href":"https:\/\/api.w.org\/{rel}","templated":true}]}}