{"id":661,"date":"2022-09-20T11:04:22","date_gmt":"2022-09-20T09:04:22","guid":{"rendered":"https:\/\/www.university-press.fau.de\/?page_id=211"},"modified":"2024-01-22T13:54:57","modified_gmt":"2024-01-22T12:54:57","slug":"verbreitung-vertrieb","status":"publish","type":"page","link":"https:\/\/www.university-press.fau.de\/en\/publizieren\/verbreitung-vertrieb\/","title":{"rendered":"Distribution, sales"},"content":{"rendered":"<h2 class=\"wp-block-heading\">Availability in Digital Form<\/h2>\n\n\n\n<p>Digital publications produced by <abbr title=\"Friedrich-Alexander-Universit\u00e4t Erlangen-N\u00fcrnberg\">FAU<\/abbr> University Press may be found soon after publication using standard search engines (Google, Google Scholar, Microsoft Academic Search, Bielefeld Academic Search Engine, etc.). Harvesting is supported via the OAI-PMH interface: <a href=\"https:\/\/open.fau.de\/server\/oai\/\">https:\/\/open.fau.de\/server\/oai\/<\/a>.<\/p>\n\n\n\n<p>FAU University Press uses both persistent Uniform Resource Names (URN), which are assigned free of charge by the German National Library, as well as Digital Object Identifiers (DOIs).<\/p>\n\n\n\n<p>We also work with the German National Library with regard to the long-term archiving of digital publications. All publications can be permanently cited and accessed using their URN. All FAU University Press titles are also assigned an eISBN.<\/p>\n\n\n\n<h2 class=\"wp-block-heading\">Retail Trade and Library<\/h2>\n\n\n\n<p>The publications of <abbr title=\"Friedrich-Alexander-Universit\u00e4t Erlangen-N\u00fcrnberg\">FAU<\/abbr> University Press are listed in the German Books in Print (VLB) catalogue and by Libri, Amazon and Google Books. They can be ordered from bookstores, Amazon and other online bookshops, as well as directly from <abbr title=\"Friedrich-Alexander-Universit\u00e4t Erlangen-N\u00fcrnberg\">FAU<\/abbr> University Press. <abbr title=\"Friedrich-Alexander-Universit\u00e4t Erlangen-N\u00fcrnberg\">FAU<\/abbr> University Press will set a retail price (fixed book price).<\/p>\n\n\n\n<p>Sofern nicht anders vereinbart, garantiert FAU University Press bei Druckschriften, die im Print-on-Demand-Verfahren hergestellt werden,&nbsp;die Lieferbarkeit f\u00fcr 5 Jahre. &nbsp;<\/p>\n\n\n\n<p>The print editions of the publications are listed in the German National Bibliography. They will also be listed in regional and interregional library catalogues, including the Library Union Catalogue of Bavaria Gateway Bayern and by the German National Library.<\/p>\n\n\n\n<h2 class=\"wp-block-heading\">Dissemination of Research Data&nbsp;<\/h2>\n\n\n\n<p>If you want to archive and publish accompanying primary or secondary data to your publication, this is of course possible and welcome. Please contact the publishing manager or, in the case of special technical questions, the Department of Research Data Management of the University Library:&nbsp;<a href=\"https:\/\/ub.fau.de\/en\/research\/data-and-software-in-research\/\">https:\/\/ub.fau.de\/en\/research\/data-and-software-in-research\/<\/a>.<\/p>\n\n\n<!-- wp:themify-builder\/canvas \/-->","protected":false},"excerpt":{"rendered":"<p>Elektronische Verf\u00fcgbarkeit Das elektronische Verlagsprogramm ist zeitnah zur Ver\u00f6ffentlichung \u00fcber Suchmaschinen (Google, Google Scholar, Microsoft Academic Search, Bielefeld Academic Search Engine etc.) zu finden. Das diesbez\u00fcgliche Harvesting wird \u00fcber die OAI-PMH-Schnittstelle unterst\u00fctzt: https:\/\/open.fau.de\/server\/oai\/. FAU University Press nutzt sowohl persistente Uniform Resource Names (URN), die kostenlos durch die Deutsche Nationalbibliothek vergeben werden, als auch Digital Object [&hellip;]<\/p>\n","protected":false},"author":2,"featured_media":0,"parent":654,"menu_order":70,"comment_status":"closed","ping_status":"closed","template":"","meta":{"_acf_changed":false,"footnotes":""},"class_list":["post-661","page","type-page","status-publish","hentry","has-post-title","has-post-date","has-post-category","has-post-tag","has-post-comment","has-post-author",""],"acf":[],"builder_content":"","_links":{"self":[{"href":"https:\/\/www.university-press.fau.de\/en\/wp-json\/wp\/v2\/pages\/661","targetHints":{"allow":["GET"]}}],"collection":[{"href":"https:\/\/www.university-press.fau.de\/en\/wp-json\/wp\/v2\/pages"}],"about":[{"href":"https:\/\/www.university-press.fau.de\/en\/wp-json\/wp\/v2\/types\/page"}],"author":[{"embeddable":true,"href":"https:\/\/www.university-press.fau.de\/en\/wp-json\/wp\/v2\/users\/2"}],"replies":[{"embeddable":true,"href":"https:\/\/www.university-press.fau.de\/en\/wp-json\/wp\/v2\/comments?post=661"}],"version-history":[{"count":17,"href":"https:\/\/www.university-press.fau.de\/en\/wp-json\/wp\/v2\/pages\/661\/revisions"}],"predecessor-version":[{"id":4440,"href":"https:\/\/www.university-press.fau.de\/en\/wp-json\/wp\/v2\/pages\/661\/revisions\/4440"}],"up":[{"embeddable":true,"href":"https:\/\/www.university-press.fau.de\/en\/wp-json\/wp\/v2\/pages\/654"}],"wp:attachment":[{"href":"https:\/\/www.university-press.fau.de\/en\/wp-json\/wp\/v2\/media?parent=661"}],"curies":[{"name":"wp","href":"https:\/\/api.w.org\/{rel}","templated":true}]}}