{"id":662,"date":"2022-09-20T11:07:35","date_gmt":"2022-09-20T09:07:35","guid":{"rendered":"https:\/\/www.university-press.fau.de\/?page_id=213"},"modified":"2023-07-10T15:58:03","modified_gmt":"2023-07-10T13:58:03","slug":"verlagsservice","status":"publish","type":"page","link":"https:\/\/www.university-press.fau.de\/en\/publizieren\/verlagsservice\/","title":{"rendered":"Publishing Services"},"content":{"rendered":"<p>As an author or editor at <abbr title=\"Friedrich-Alexander-Universit\u00e4t Erlangen-N\u00fcrnberg\">FAU<\/abbr> University Press, you will benefit from a wide range of services. We support you in all areas necessary for the publication of your work. On request, we will calculate the prices for printed copies, enabling you to receive your own and deposit copies at low cost, in addition to the Open Access version of the e-book, which is accessible free of charge worldwide.<\/p>\n\n\n\n<p>We can also advise you on the design of your manuscript. We are happy to design the book cover according to your wishes.<\/p>\n\n\n\n<p>We will work closely with you throughout the production process and provide you with an ISBN, DOI and ISSN if required. We can also arrange for your book to be listed in the Verzeichnis lieferbarer B\u00fccher (VLB) (buchhandel.de), record metadata for the German National Bibliography and send you the legally required deposit copies.<\/p>\n\n\n\n<p>Your publication is in good hands with us. We make sure that it is found by online booksellers and in internet search engines. We will register the publication in the FAU University Press website, in the German Association of University Presses (AG Universit\u00e4tsverlage), in the Association of European University Presses (AEUP), in the German National Library (DNB), in the Bavarian Union Catalogue and, of course, in the catalogue of the University Library of Erlangen-N\u00fcrnberg. On request we will also try to include it in certain subject databases, see Abstracting &amp; Indexing Services.<\/p>\n\n\n\n<p>Permanent archiving of the electronic version is guaranteed. A contractually agreed minimum availability of requested print copies is a matter of course for us. We take care of the shipping, distribution and invoicing of your publication and can also send review copies on request.<\/p>\n\n\n\n<p>Please contact us if you require any other publishing services.<\/p>\n\n\n<!-- wp:themify-builder\/canvas \/-->","protected":false},"excerpt":{"rendered":"<p>Als Autorin oder Autor sowie Herausgeberin oder Herausgeber profitieren Sie von unseren weitreichenden Services bei FAU University Press. Wir unterst\u00fctzen Sie in allen Bereichen, die f\u00fcr die Ver\u00f6ffentlichung Ihrer Publikation notwendig sind. Auf Wunsch kalkulieren wir die Preise f\u00fcr gedruckte Exemplare und erm\u00f6glichen Ihnen so neben der weltweit kostenfrei zug\u00e4nglichen Open-Access-Version des E-Books auch den [&hellip;]<\/p>\n","protected":false},"author":2,"featured_media":0,"parent":654,"menu_order":80,"comment_status":"closed","ping_status":"closed","template":"","meta":{"_acf_changed":false,"footnotes":""},"class_list":["post-662","page","type-page","status-publish","hentry","has-post-title","has-post-date","has-post-category","has-post-tag","has-post-comment","has-post-author",""],"acf":[],"builder_content":"","_links":{"self":[{"href":"https:\/\/www.university-press.fau.de\/en\/wp-json\/wp\/v2\/pages\/662","targetHints":{"allow":["GET"]}}],"collection":[{"href":"https:\/\/www.university-press.fau.de\/en\/wp-json\/wp\/v2\/pages"}],"about":[{"href":"https:\/\/www.university-press.fau.de\/en\/wp-json\/wp\/v2\/types\/page"}],"author":[{"embeddable":true,"href":"https:\/\/www.university-press.fau.de\/en\/wp-json\/wp\/v2\/users\/2"}],"replies":[{"embeddable":true,"href":"https:\/\/www.university-press.fau.de\/en\/wp-json\/wp\/v2\/comments?post=662"}],"version-history":[{"count":8,"href":"https:\/\/www.university-press.fau.de\/en\/wp-json\/wp\/v2\/pages\/662\/revisions"}],"predecessor-version":[{"id":3481,"href":"https:\/\/www.university-press.fau.de\/en\/wp-json\/wp\/v2\/pages\/662\/revisions\/3481"}],"up":[{"embeddable":true,"href":"https:\/\/www.university-press.fau.de\/en\/wp-json\/wp\/v2\/pages\/654"}],"wp:attachment":[{"href":"https:\/\/www.university-press.fau.de\/en\/wp-json\/wp\/v2\/media?parent=662"}],"curies":[{"name":"wp","href":"https:\/\/api.w.org\/{rel}","templated":true}]}}