{"id":664,"date":"2022-09-20T11:37:20","date_gmt":"2022-09-20T09:37:20","guid":{"rendered":"https:\/\/www.university-press.fau.de\/?page_id=217"},"modified":"2024-07-05T08:41:53","modified_gmt":"2024-07-05T06:41:53","slug":"beschwerde-interessenskonflikt","status":"publish","type":"page","link":"https:\/\/www.university-press.fau.de\/en\/publizieren\/beschwerde-interessenskonflikt\/","title":{"rendered":"Conflicts and Complaints"},"content":{"rendered":"<p>In the event of conflicts and complaints, the board of <abbr title=\"Friedrich-Alexander-Universit\u00e4t Erlangen-N\u00fcrnberg\">FAU<\/abbr> University Press will provide advice and arbitration. Any conflicts and complaints should be reported to the board of <abbr title=\"Friedrich-Alexander-Universit\u00e4t Erlangen-N\u00fcrnberg\">FAU<\/abbr> University Press in writing for documentation purposes and submitted to the following address:<\/p>\n\n\n\n<p>FAU University Press<br>Verlagsleitung<br>Universit\u00e4tsstr. 4<br>91054 Erlangen \nGermany<\/p>\n\n\n\n<p>In addition, the <a href=\"http:\/\/www.university-press.fau.de\/en\/herausgeber\/\">Academic Advisory Board<\/a> can be contacted if FAU University Press or its activities are the subject(s) of the complaint. In this case, please contact the chairperson of the Academic Advisory Board (Prof. Dr. Karl-Heinz Leven,&nbsp;<a href=\"mailto:karl-heinz.leven@fau.de\">karl-heinz.leven@fau.de<\/a>). Both the board of <abbr title=\"Friedrich-Alexander-Universit\u00e4t Erlangen-N\u00fcrnberg\">FAU<\/abbr> University Press and the Academic Advisory Board use the flowcharts and materials of <acronym title=\"Committee on Publication Ethics\">COPE<\/acronym> (<a class=\"external-link\" href=\"https:\/\/publicationethics.org\/\">https:\/\/publicationethics.org\/<\/a>).<\/p>\n\n\n\n<p>It is advisable for authors to declare any circumstances relating to ethical considerations, financial arrangements or planned patent applications that could be construed as conflicts of interest on their part at the time of manuscript submission, or at the latest in the legally binding publishing contract. Please see in this connection the relevant section of the publishing contract. <abbr title=\"Friedrich-Alexander-Universit\u00e4t Erlangen-N\u00fcrnberg\">FAU<\/abbr> University Press reserves the right to consult its legal department for advice and to reject any manuscripts that violate the interests of third parties or that reveal the proscribed influence of third parties.<\/p>\n\n\n<!-- wp:themify-builder\/canvas \/-->","protected":false},"excerpt":{"rendered":"<p>Die Verlagsleitung steht im Falle von Konflikten und Beschwerden beratend und schlichtend zur Verf\u00fcgung. Konflikt- und Beschwerdef\u00e4lle sind der Dokumentation halber schriftlich an die Verlagsleitung zu melden: FAU University PressVerlagsleitungUniversit\u00e4tsstr. 491054 Erlangen Als unabh\u00e4ngige Instanz kann dar\u00fcber hinaus der Wissenschaftliche Beirat hinzugezogen werden, falls der Verlag oder dessen Arbeit selbst in der Kritik steht. Als [&hellip;]<\/p>\n","protected":false},"author":2,"featured_media":0,"parent":654,"menu_order":94,"comment_status":"closed","ping_status":"closed","template":"","meta":{"_acf_changed":false,"footnotes":""},"class_list":["post-664","page","type-page","status-publish","hentry","has-post-title","has-post-date","has-post-category","has-post-tag","has-post-comment","has-post-author",""],"acf":[],"builder_content":"","_links":{"self":[{"href":"https:\/\/www.university-press.fau.de\/en\/wp-json\/wp\/v2\/pages\/664","targetHints":{"allow":["GET"]}}],"collection":[{"href":"https:\/\/www.university-press.fau.de\/en\/wp-json\/wp\/v2\/pages"}],"about":[{"href":"https:\/\/www.university-press.fau.de\/en\/wp-json\/wp\/v2\/types\/page"}],"author":[{"embeddable":true,"href":"https:\/\/www.university-press.fau.de\/en\/wp-json\/wp\/v2\/users\/2"}],"replies":[{"embeddable":true,"href":"https:\/\/www.university-press.fau.de\/en\/wp-json\/wp\/v2\/comments?post=664"}],"version-history":[{"count":12,"href":"https:\/\/www.university-press.fau.de\/en\/wp-json\/wp\/v2\/pages\/664\/revisions"}],"predecessor-version":[{"id":5278,"href":"https:\/\/www.university-press.fau.de\/en\/wp-json\/wp\/v2\/pages\/664\/revisions\/5278"}],"up":[{"embeddable":true,"href":"https:\/\/www.university-press.fau.de\/en\/wp-json\/wp\/v2\/pages\/654"}],"wp:attachment":[{"href":"https:\/\/www.university-press.fau.de\/en\/wp-json\/wp\/v2\/media?parent=664"}],"curies":[{"name":"wp","href":"https:\/\/api.w.org\/{rel}","templated":true}]}}