{"id":95,"date":"2022-09-02T14:29:49","date_gmt":"2022-09-02T12:29:49","guid":{"rendered":"https:\/\/www.university-press.fau.de\/?page_id=95"},"modified":"2023-09-29T09:57:03","modified_gmt":"2023-09-29T07:57:03","slug":"open-science","status":"publish","type":"page","link":"https:\/\/www.university-press.fau.de\/en\/open-science\/","title":{"rendered":"Open Science"},"content":{"rendered":"<p id=\"abstand\">\"Open Science\" describes not only making individual results of scientific work accessible, but also making all components of the scientific teaching and research process as transparent, open and free as possible. In accordance with its Open Science Policy (DOI: <a href=\"https:\/\/doi.org\/10.5281\/zenodo.5602559\">10.5281\/zenodo.5602559<\/a>, German and English), Friedrich-Alexander-Universit\u00e4t Erlangen-N\u00fcrnberg (FAU) offers its scientists a wide range of support.<\/p>\n\n\n\n<p>With FAU University Press as FAU's own publishing house, you publish academic literature in high quality at attractive conditions and enable others worldwide to access it electronically - entirely in the positive sense of \"Open Access\" as a component of Open Science. This guarantees optimal visibility and citability.<\/p>\n\n\n\n<p>FAU University Press showcases the academic output of FAU and promotes open access in fields in which the publication of monographs is deemed to be of considerable relevance. The open access publishing programme of FAU University Press is expected to grow at an above-average rate, both with regard to its subject range and the number of available titles, making research at FAU accessible to the international academic community.<\/p>\n\n\n\n<p>For more information about Open Access, please visit the information platform&nbsp;<a href=\"https:\/\/open-access.network\/\">open-access.network<\/a>&nbsp;and the University Library's website at&nbsp;<a href=\"https:\/\/ub.fau.de\/en\/research\/open-access\/\">https:\/\/ub.fau.de\/en\/research\/open-access\/<\/a>.<\/p>\n\n\n\n<p><\/p>\n\n\n<!-- wp:themify-builder\/canvas \/-->","protected":false},"excerpt":{"rendered":"<p>\u201eOpen Science\u201c beschreibt den Ansatz, nicht nur einzelne Ergebnisse des wissenschaftlichen Arbeitens zug\u00e4nglich zu machen, sondern m\u00f6glichst alle Bestandteile des wissenschaftlichen Lehr- und Forschungsprozesses transparent, offen und kostenfrei nachnutzbar auszugestalten. Gem\u00e4\u00df ihrer Open Science Policy (DOI: 10.5281\/zenodo.5602559, deutsch und englisch) bietet die Friedrich-Alexander-Universit\u00e4t Erlangen-N\u00fcrnberg (FAU) ihren Angeh\u00f6rigen hierbei vielf\u00e4ltige M\u00f6glichkeiten und Unterst\u00fctzung. Mit FAU University [&hellip;]<\/p>\n","protected":false},"author":2,"featured_media":0,"parent":0,"menu_order":50,"comment_status":"closed","ping_status":"closed","template":"","meta":{"_acf_changed":false,"footnotes":""},"class_list":["post-95","page","type-page","status-publish","hentry","has-post-title","has-post-date","has-post-category","has-post-tag","has-post-comment","has-post-author",""],"acf":[],"builder_content":"","_links":{"self":[{"href":"https:\/\/www.university-press.fau.de\/en\/wp-json\/wp\/v2\/pages\/95","targetHints":{"allow":["GET"]}}],"collection":[{"href":"https:\/\/www.university-press.fau.de\/en\/wp-json\/wp\/v2\/pages"}],"about":[{"href":"https:\/\/www.university-press.fau.de\/en\/wp-json\/wp\/v2\/types\/page"}],"author":[{"embeddable":true,"href":"https:\/\/www.university-press.fau.de\/en\/wp-json\/wp\/v2\/users\/2"}],"replies":[{"embeddable":true,"href":"https:\/\/www.university-press.fau.de\/en\/wp-json\/wp\/v2\/comments?post=95"}],"version-history":[{"count":16,"href":"https:\/\/www.university-press.fau.de\/en\/wp-json\/wp\/v2\/pages\/95\/revisions"}],"predecessor-version":[{"id":3709,"href":"https:\/\/www.university-press.fau.de\/en\/wp-json\/wp\/v2\/pages\/95\/revisions\/3709"}],"wp:attachment":[{"href":"https:\/\/www.university-press.fau.de\/en\/wp-json\/wp\/v2\/media?parent=95"}],"curies":[{"name":"wp","href":"https:\/\/api.w.org\/{rel}","templated":true}]}}