{"id":133,"date":"2022-09-07T10:39:35","date_gmt":"2022-09-07T08:39:35","guid":{"rendered":"https:\/\/www.university-press.fau.de\/produkt\/festakt-20-jahre-maschinenbau-und-fertigungstechnik-in-erlangen\/"},"modified":"2024-05-03T10:52:14","modified_gmt":"2024-05-03T08:52:14","slug":"978-3-930357-53-6","status":"publish","type":"product","link":"https:\/\/www.university-press.fau.de\/en\/product\/978-3-930357-53-6\/","title":{"rendered":"Festakt 20 Jahre Maschinenbau und Fertigungstechnik in Erlangen."},"content":{"rendered":"","protected":false},"excerpt":{"rendered":"","protected":false},"featured_media":0,"comment_status":"open","ping_status":"closed","template":"","meta":{"_acf_changed":false},"product_brand":[],"product_cat":[36],"product_tag":[37],"class_list":{"0":"post-133","1":"product","2":"type-product","3":"status-publish","5":"product_cat-akademische-reden-und-kolloquien","6":"product_tag-vergriffen","7":"has-post-title","8":"has-post-date","9":"has-post-category","10":"has-post-tag","11":"has-post-comment","12":"has-post-author","13":"","15":"first","16":"outofstock","17":"taxable","18":"shipping-taxable","19":"purchasable","20":"product-type-simple"},"acf":{"autor":"","orcid":"","ror":"","herausgeber":"","orcid_hrsg":"","rorhrsg":"","bearbeiter":"","sonstige_beteiligte_personen":"","untertitel":"Laudatio und Festvortrag anl\u00e4sslich der Ehrenpromotion von M. M. Andreasen durch die Technische Fakult\u00e4t der Universit\u00e4t Erlangen-N\u00fcrnberg am 12.04.2002 in der Aula des Erlanger Schlosses.","zusatz":"","jahr":"2003","zeitschrift":"","serie":"","serie_name":"","serie_band":"","serie_jahr":"","serie_titel_band":"","vortrage":"","issn":"","isbn":"3-930357-53-4","isbn13":"978-3-930357-53-6","seiten":"52","sonstiges":"","band":21,"auflage":"","opus":"","dspace":"","e-isbn_pdf":"","doi":"","epub":"","e-isbn_epub":"","doi_epub":"","html":"","e-isbn_html":"","doi_html":"","e-isbn_reader":"","doi_reader":"","digibib":"","urn":"","supplementary_material":"","sprache":["Deutsch"],"ausgabe":"Softcover","suche":"3930357534 9783930357536   ","lizenz":"BY-3","bemerkung":""},"builder_content":"","_links":{"self":[{"href":"https:\/\/www.university-press.fau.de\/en\/wp-json\/wp\/v2\/product\/133","targetHints":{"allow":["GET"]}}],"collection":[{"href":"https:\/\/www.university-press.fau.de\/en\/wp-json\/wp\/v2\/product"}],"about":[{"href":"https:\/\/www.university-press.fau.de\/en\/wp-json\/wp\/v2\/types\/product"}],"replies":[{"embeddable":true,"href":"https:\/\/www.university-press.fau.de\/en\/wp-json\/wp\/v2\/comments?post=133"}],"wp:attachment":[{"href":"https:\/\/www.university-press.fau.de\/en\/wp-json\/wp\/v2\/media?parent=133"}],"wp:term":[{"taxonomy":"product_brand","embeddable":true,"href":"https:\/\/www.university-press.fau.de\/en\/wp-json\/wp\/v2\/product_brand?post=133"},{"taxonomy":"product_cat","embeddable":true,"href":"https:\/\/www.university-press.fau.de\/en\/wp-json\/wp\/v2\/product_cat?post=133"},{"taxonomy":"product_tag","embeddable":true,"href":"https:\/\/www.university-press.fau.de\/en\/wp-json\/wp\/v2\/product_tag?post=133"}],"curies":[{"name":"wp","href":"https:\/\/api.w.org\/{rel}","templated":true}]}}