{"id":1333,"date":"2022-10-18T14:49:58","date_gmt":"2022-10-18T12:49:58","guid":{"rendered":"https:\/\/www.university-press.fau.de\/?post_type=product&#038;p=1333"},"modified":"2025-08-27T12:46:08","modified_gmt":"2025-08-27T10:46:08","slug":"978-3-944057-40-8","status":"publish","type":"product","link":"https:\/\/www.university-press.fau.de\/en\/product\/978-3-944057-40-8\/","title":{"rendered":"Automatische Verarbeitung der Morphologie des Albanischen"},"content":{"rendered":"<p>Die automatische Sprachverarbeitung hat seit ihren Anf\u00e4ngen deutlich an Bedeutung gewonnen. Sie ist heute in einigen Bereichen wie z.B. bei der Suche im Internet unverzichtbar und nicht mehr wegzudenken. Ein Werkzeug f\u00fcr die automatische Wortformerkennung und -produktion ist ein grundlegender Baustein f\u00fcr viele Anwendungen. Sie kann in vielen Bereichen eingesetzt werden, sowohl als eigenst\u00e4ndige Anwendung, z.B. f\u00fcr didaktische Zwecke oder zur morphologischen Annotation von Korpora, als auch als unterst\u00fctzende Komponente f\u00fcr Anwendungen wie die syntaktische Analyse von Texten.<\/p>\n<p>Das hier vorgestellte System ist ein automatisches Werkzeug f\u00fcr folgende Aufgabengebiete: Analyse der Rechtschreibung, Lemmatisierung, Annotation der Wortarten, vollst\u00e4ndige morphologische Analyse von Wortformen. Das System kann auch im umgekehrten Modus verwendet werden, d.h. Wortformen aus einem gegebenen Lemma und seinen morphologischen Eigenschaften generieren.<\/p>\n<p>Das System deckt die Flexion der albanischen Nomina, Verben, Adjektive, Numeralia, Adverbien und Pronomina ab, sowie die nicht flektierenden Wortarten und die h\u00e4ufigsten Typen der Wortbildung. Es wurde mit einer Reihe von Testlisten aus unterschiedlichen Quellen getestet.<\/p>\n<p>Mit diesen Eigenschaften er\u00f6ffnet sich f\u00fcr das Morphologie-Werkzeug ein breites Spektrum von Anwendungsf\u00e4llen in der maschinellen Verarbeitung der albanischen Sprache.<\/p>\n<p>Besim Kabashi wurde 1972 in Istog, Kosovo, geboren. Er studierte Linguistische Informatik, Germanistische Linguistik und Informatik an der Friedrich-Alexander-Universit\u00e4t Erlangen-N\u00fcrnberg und schloss sein Studium im Jahr 2003 mit dem akademischen Grad Magister Artium (M.A.) erfolgreich ab. Seitdem ist er Wissenschaftlicher Mitarbeiter an der Professur f\u00fcr Computerlinguistik bzw. Korpuslinguistik, im Studienfach Linguistische Informatik, wo er sich sowohl mit Lehre als auch Forschung besch\u00e4ftigt. Er wurde 2014 im Fachbereich Informatik promoviert und erwarb den akademischen Grad eines Doktors der Ingenieurwissenschaften (Dr.-Ing.). Sein Forschungsgebiet war haupts\u00e4chlich automatische Wortformerkennung und -produktion. Er ver\u00f6ffentlichte sowohl selbstst\u00e4ndig als auch in Zusammenarbeit mit anderen Verfassern eine Reihe von Artikeln im Bereich Linguistische Informatik \u00fcber automatische Wortformerkennung und -produktion, Computerlexikographie, Wissensressourcen, Korpuslinguistik und Statistik.<\/p>","protected":false},"excerpt":{"rendered":"<p>Die automatische Sprachverarbeitung hat seit ihren Anf\u00e4ngen deutlich an Bedeutung gewonnen. Sie ist heute in einigen Bereichen wie z.B. bei der Suche im Internet unverzichtbar und nicht mehr wegzudenken. Ein Werkzeug f\u00fcr die automatische Wortformerkennung und -produktion ist ein grundlegender Baustein f\u00fcr viele Anwendungen. Sie kann in vielen Bereichen eingesetzt werden, sowohl als eigenst\u00e4ndige Anwendung, [&hellip;]<\/p>\n","protected":false},"featured_media":1334,"comment_status":"open","ping_status":"closed","template":"","meta":{"_acf_changed":false},"product_brand":[],"product_cat":[49],"product_tag":[],"class_list":{"0":"post-1333","1":"product","2":"type-product","3":"status-publish","4":"has-post-thumbnail","6":"product_cat-fau-forschungen-reihe-b-medizin-naturwissenschaft-technik","7":"has-post-title","8":"has-post-date","9":"has-post-category","10":"has-post-tag","11":"has-post-comment","12":"has-post-author","13":"","15":"first","16":"instock","17":"taxable","18":"shipping-taxable","19":"purchasable","20":"product-type-simple"},"acf":{"autor":"Kabashi, Besim ","orcid":"","ror":"","herausgeber":"","orcid_hrsg":"","rorhrsg":"","bearbeiter":"","sonstige_beteiligte_personen":"","untertitel":"","zusatz":"","jahr":"2015","zeitschrift":"","serie":"","serie_name":"","serie_band":"","serie_jahr":"","serie_titel_band":"","vortrage":"","issn":"","isbn":"","isbn13":"978-3-944057-40-8","seiten":"XVIII, 211","sonstiges":"","band":6,"auflage":"","opus":6859,"dspace":"6859","e-isbn_pdf":"978-3-944057-43-9 ","doi":"","epub":"","e-isbn_epub":"","doi_epub":"","html":"","e-isbn_html":"","doi_html":"","e-isbn_reader":"","doi_reader":"","digibib":"","urn":"urn:nbn:de:bvb:29-opus4-68591","supplementary_material":"","sprache":["Deutsch"],"ausgabe":"Softcover","suche":" 9783944057408 9783944057439   ","lizenz":"BY-NC-ND-3","bemerkung":""},"builder_content":"","_links":{"self":[{"href":"https:\/\/www.university-press.fau.de\/en\/wp-json\/wp\/v2\/product\/1333","targetHints":{"allow":["GET"]}}],"collection":[{"href":"https:\/\/www.university-press.fau.de\/en\/wp-json\/wp\/v2\/product"}],"about":[{"href":"https:\/\/www.university-press.fau.de\/en\/wp-json\/wp\/v2\/types\/product"}],"replies":[{"embeddable":true,"href":"https:\/\/www.university-press.fau.de\/en\/wp-json\/wp\/v2\/comments?post=1333"}],"wp:featuredmedia":[{"embeddable":true,"href":"https:\/\/www.university-press.fau.de\/en\/wp-json\/wp\/v2\/media\/1334"}],"wp:attachment":[{"href":"https:\/\/www.university-press.fau.de\/en\/wp-json\/wp\/v2\/media?parent=1333"}],"wp:term":[{"taxonomy":"product_brand","embeddable":true,"href":"https:\/\/www.university-press.fau.de\/en\/wp-json\/wp\/v2\/product_brand?post=1333"},{"taxonomy":"product_cat","embeddable":true,"href":"https:\/\/www.university-press.fau.de\/en\/wp-json\/wp\/v2\/product_cat?post=1333"},{"taxonomy":"product_tag","embeddable":true,"href":"https:\/\/www.university-press.fau.de\/en\/wp-json\/wp\/v2\/product_tag?post=1333"}],"curies":[{"name":"wp","href":"https:\/\/api.w.org\/{rel}","templated":true}]}}