{"id":1337,"date":"2022-10-18T14:59:35","date_gmt":"2022-10-18T12:59:35","guid":{"rendered":"https:\/\/www.university-press.fau.de\/?post_type=product&#038;p=1337"},"modified":"2025-08-27T12:53:30","modified_gmt":"2025-08-27T10:53:30","slug":"978-3-944057-61-3","status":"publish","type":"product","link":"https:\/\/www.university-press.fau.de\/en\/product\/978-3-944057-61-3\/","title":{"rendered":"Uncertainty Decoding for Reverberation-Robust Automatic Speech Recognition"},"content":{"rendered":"<p><span id=\"abstractFull_19902\" class=\"abstractFull\">The major problem in distant-talking speech recognition is the corruption of speech signals by both interfering sounds and reverberation. While a range of successful techniques has been developed since the beginnings of speech recognition research to combat additive and short convolutive noise, compensating for long-term distortion caused by reverberation has not gained wide attention until recently. This thesis further develops an uncertainty decoding approach, named REverberation MOdeling for Speech recognition (REMOS), to adapt the acoustic model of a conventional Hidden Markov Model-based recognizer to reverberant environments. By incorporating a convolutive observation model, the Viterbi decoder is extended in order to implicitly provide a state-wise late reverberation estimate leading to a relaxation of the hidden Markov models' conditional independence assumption. The experimental evaluation confirms that REMOS yields strong speech recognition performance under noisy and reverberant conditions and furthermore allows for a rapid adaptation to changing acoustic conditions.<\/span><\/p>","protected":false},"excerpt":{"rendered":"<p>Das grundlegende Problem der Spracherkennung mit Freisprechmikrofonen ist die Verf\u00e4lschung der Sprachsignale durch St\u00f6rsprecher und Nachhall. Seit den Anf\u00e4ngen der Spracherkennungsforschung wurden eine Reihe erfolgreicher Techniken entwickelt, um additive und kurze konvolutive St\u00f6rungen zu \u00fcberwinden. Demgegen\u00fcber erhielt die Kompensation von Langzeitst\u00f6rungen, wie sie durch Nachhall verursacht werden, bis vor Kurzem nur geringe Beachtung. Die vorliegende [&hellip;]<\/p>\n","protected":false},"featured_media":1338,"comment_status":"open","ping_status":"closed","template":"","meta":{"_acf_changed":false},"product_brand":[],"product_cat":[49],"product_tag":[],"class_list":{"0":"post-1337","1":"product","2":"type-product","3":"status-publish","4":"has-post-thumbnail","6":"product_cat-fau-forschungen-reihe-b-medizin-naturwissenschaft-technik","7":"has-post-title","8":"has-post-date","9":"has-post-category","10":"has-post-tag","11":"has-post-comment","12":"has-post-author","13":"","15":"first","16":"instock","17":"taxable","18":"shipping-taxable","19":"purchasable","20":"product-type-simple"},"acf":{"autor":"Maas, Roland ","orcid":"","ror":"","herausgeber":"","orcid_hrsg":"","rorhrsg":"","bearbeiter":"","sonstige_beteiligte_personen":"","untertitel":"","zusatz":"","jahr":"2016","zeitschrift":"","serie":"","serie_name":"","serie_band":"","serie_jahr":"","serie_titel_band":"","vortrage":"","issn":"","isbn":"","isbn13":"978-3-944057-61-3","seiten":"VIII, 191","sonstiges":"","band":8,"auflage":"","opus":"","dspace":"7251","e-isbn_pdf":"978-3-944057-62-0","doi":"","epub":"","e-isbn_epub":"","doi_epub":"","html":"","e-isbn_html":"","doi_html":"","e-isbn_reader":"","doi_reader":"","digibib":"","urn":"urn:nbn:de:bvb:29-opus4-72553","supplementary_material":"","sprache":["Englisch"],"ausgabe":"Softcover","suche":" 9783944057613 9783944057620  ","lizenz":"BY-NC-ND-3","bemerkung":""},"builder_content":"","_links":{"self":[{"href":"https:\/\/www.university-press.fau.de\/en\/wp-json\/wp\/v2\/product\/1337","targetHints":{"allow":["GET"]}}],"collection":[{"href":"https:\/\/www.university-press.fau.de\/en\/wp-json\/wp\/v2\/product"}],"about":[{"href":"https:\/\/www.university-press.fau.de\/en\/wp-json\/wp\/v2\/types\/product"}],"replies":[{"embeddable":true,"href":"https:\/\/www.university-press.fau.de\/en\/wp-json\/wp\/v2\/comments?post=1337"}],"wp:featuredmedia":[{"embeddable":true,"href":"https:\/\/www.university-press.fau.de\/en\/wp-json\/wp\/v2\/media\/1338"}],"wp:attachment":[{"href":"https:\/\/www.university-press.fau.de\/en\/wp-json\/wp\/v2\/media?parent=1337"}],"wp:term":[{"taxonomy":"product_brand","embeddable":true,"href":"https:\/\/www.university-press.fau.de\/en\/wp-json\/wp\/v2\/product_brand?post=1337"},{"taxonomy":"product_cat","embeddable":true,"href":"https:\/\/www.university-press.fau.de\/en\/wp-json\/wp\/v2\/product_cat?post=1337"},{"taxonomy":"product_tag","embeddable":true,"href":"https:\/\/www.university-press.fau.de\/en\/wp-json\/wp\/v2\/product_tag?post=1337"}],"curies":[{"name":"wp","href":"https:\/\/api.w.org\/{rel}","templated":true}]}}