{"id":134,"date":"2022-09-07T10:39:35","date_gmt":"2022-09-07T08:39:35","guid":{"rendered":"https:\/\/www.university-press.fau.de\/produkt\/wertfreies-forschen-und-wertrationales-handeln-grundprinzipien-der-neoklassik-in-der-soziologie\/"},"modified":"2024-05-03T10:52:09","modified_gmt":"2024-05-03T08:52:09","slug":"978-3-9808453-0-4","status":"publish","type":"product","link":"https:\/\/www.university-press.fau.de\/en\/product\/978-3-9808453-0-4\/","title":{"rendered":"Wertfreies Forschen und wertrationales Handeln: Grundprinzipien der Neoklassik in der Soziologie"},"content":{"rendered":"","protected":false},"excerpt":{"rendered":"","protected":false},"featured_media":0,"comment_status":"open","ping_status":"closed","template":"","meta":{"_acf_changed":false},"product_brand":[],"product_cat":[36],"product_tag":[37],"class_list":{"0":"post-134","1":"product","2":"type-product","3":"status-publish","5":"product_cat-akademische-reden-und-kolloquien","6":"product_tag-vergriffen","7":"has-post-title","8":"has-post-date","9":"has-post-category","10":"has-post-tag","11":"has-post-comment","12":"has-post-author","13":"","15":"first","16":"outofstock","17":"taxable","18":"shipping-taxable","19":"purchasable","20":"product-type-simple"},"acf":{"autor":"","orcid":"","ror":"","herausgeber":"Henrik Kreutz","orcid_hrsg":"","rorhrsg":"","bearbeiter":"","sonstige_beteiligte_personen":"","untertitel":"Beitr\u00e4ge zur akademischen Feier anl\u00e4sslich der Verleihung der Ehrendoktorw\u00fcrde <br \/> der Friedrich-Alexander-Universit\u00e4t Erlangen-N\u00fcrnberg an Iv\u00e1n Szel\u00e9nyi","zusatz":"","jahr":"2003","zeitschrift":"","serie":"","serie_name":"","serie_band":"","serie_jahr":"","serie_titel_band":"","vortrage":"","issn":"","isbn":"3-9808453-0-3","isbn13":"978-3-9808453-0-4","seiten":"110","sonstiges":"","band":22,"auflage":"","opus":"","dspace":"","e-isbn_pdf":"","doi":"","epub":"","e-isbn_epub":"","doi_epub":"","html":"","e-isbn_html":"","doi_html":"","e-isbn_reader":"","doi_reader":"","digibib":"","urn":"","supplementary_material":"","sprache":["Deutsch"],"ausgabe":"Softcover","suche":"3980845303 9783980845304   ","lizenz":"BY-3","bemerkung":""},"builder_content":"","_links":{"self":[{"href":"https:\/\/www.university-press.fau.de\/en\/wp-json\/wp\/v2\/product\/134","targetHints":{"allow":["GET"]}}],"collection":[{"href":"https:\/\/www.university-press.fau.de\/en\/wp-json\/wp\/v2\/product"}],"about":[{"href":"https:\/\/www.university-press.fau.de\/en\/wp-json\/wp\/v2\/types\/product"}],"replies":[{"embeddable":true,"href":"https:\/\/www.university-press.fau.de\/en\/wp-json\/wp\/v2\/comments?post=134"}],"wp:attachment":[{"href":"https:\/\/www.university-press.fau.de\/en\/wp-json\/wp\/v2\/media?parent=134"}],"wp:term":[{"taxonomy":"product_brand","embeddable":true,"href":"https:\/\/www.university-press.fau.de\/en\/wp-json\/wp\/v2\/product_brand?post=134"},{"taxonomy":"product_cat","embeddable":true,"href":"https:\/\/www.university-press.fau.de\/en\/wp-json\/wp\/v2\/product_cat?post=134"},{"taxonomy":"product_tag","embeddable":true,"href":"https:\/\/www.university-press.fau.de\/en\/wp-json\/wp\/v2\/product_tag?post=134"}],"curies":[{"name":"wp","href":"https:\/\/api.w.org\/{rel}","templated":true}]}}