{"id":1397,"date":"2022-10-21T09:23:56","date_gmt":"2022-10-21T07:23:56","guid":{"rendered":"https:\/\/www.university-press.fau.de\/?post_type=product&#038;p=1397"},"modified":"2023-12-14T10:58:25","modified_gmt":"2023-12-14T09:58:25","slug":"978-3-96147-151-5","status":"publish","type":"product","link":"https:\/\/www.university-press.fau.de\/en\/product\/978-3-96147-151-5\/","title":{"rendered":"Differential Switched Mode RF Power Amplifiers"},"content":{"rendered":"<p>The digitization of the analog radio frequency (RF) domain, carried out to realize flexible, low-cost software-defined radio transmitters, has reached the power amplifier (PA).<\/p>\n<p>Switched mode operation is used to implement a digital input interface and optimize the efficiency of RF amplifiers by minimizing the current-voltage overlap at the transistor. Differential (push-pull) operation is used to enhance the bandwidth of an amplifier by taking advantage of the symmetry to match even harmonics.\nThis work discusses differential switched mode operation to design simultaneously efficient and wideband PAs. Using the example of the current mode class-D (CMCD) amplifier, the required harmonic output impedances in differential and common mode are derived from the ideal waveforms. In order to implement the output impedances with a large bandwidth, this thesis presents optimized designs of wideband output filters and planar baluns.<\/p>\n<p>The book concludes with several examples of differential switched mode RF PAs. Furthermore, the integration of antennas as differential loads for differential PAs is examined and an implementation of a so-called \"amplitenna\" is presented.<\/p>","protected":false},"excerpt":{"rendered":"<p>Die Digitalisierung der analogen HF Signalverarbeitungskette, die n\u00f6tig ist um flexible und kosteng\u00fcnstige Sendesysteme (Stichwort \u201eSoftware Defined Radio, SDR\u201d) zu realisieren, ist beim Leistungsverst\u00e4rker angelangt. Der Schaltbetrieb von HF Leistungsverst\u00e4rkern wird zur Effizienzoptimierung angewandt, indem die verlustbehaftete \u00dcberlappung von Strom und Spannung am Transistor vermieden wird. Des Weiteren erm\u00f6glicht der Schaltbetrieb eine digitale Ansteuerung des [&hellip;]<\/p>\n","protected":false},"featured_media":1398,"comment_status":"open","ping_status":"closed","template":"","meta":{"_acf_changed":false},"product_brand":[],"product_cat":[49],"product_tag":[],"class_list":{"0":"post-1397","1":"product","2":"type-product","3":"status-publish","4":"has-post-thumbnail","6":"product_cat-fau-forschungen-reihe-b-medizin-naturwissenschaft-technik","7":"has-post-title","8":"has-post-date","9":"has-post-category","10":"has-post-tag","11":"has-post-comment","12":"has-post-author","13":"","15":"first","16":"instock","17":"taxable","18":"shipping-taxable","19":"purchasable","20":"product-type-simple"},"acf":{"autor":"Kamper, Michael","orcid":"","ror":"","herausgeber":"","orcid_hrsg":"","rorhrsg":"","bearbeiter":"","sonstige_beteiligte_personen":"","untertitel":"","zusatz":"","jahr":"2018","zeitschrift":"","serie":"","serie_name":"","serie_band":"","serie_jahr":"","serie_titel_band":"","vortrage":"","issn":"","isbn":"","isbn13":"978-3-96147-151-5","seiten":"191","sonstiges":"","band":24,"auflage":"","opus":"","dspace":"10370","e-isbn_pdf":"978-3-96147-152-2","doi":"https:\/\/doi.org\/10.25593\/978-3-96147-152-2","epub":"","e-isbn_epub":"","doi_epub":"","html":"","e-isbn_html":"","doi_html":"","e-isbn_reader":"","doi_reader":"","digibib":"","urn":"urn:nbn:de:bvb:29-opus4-103736","supplementary_material":"","sprache":["Englisch"],"ausgabe":"Softcover","suche":" 9783961471515 9783961471522  ","lizenz":"BY-4","bemerkung":""},"builder_content":"","_links":{"self":[{"href":"https:\/\/www.university-press.fau.de\/en\/wp-json\/wp\/v2\/product\/1397","targetHints":{"allow":["GET"]}}],"collection":[{"href":"https:\/\/www.university-press.fau.de\/en\/wp-json\/wp\/v2\/product"}],"about":[{"href":"https:\/\/www.university-press.fau.de\/en\/wp-json\/wp\/v2\/types\/product"}],"replies":[{"embeddable":true,"href":"https:\/\/www.university-press.fau.de\/en\/wp-json\/wp\/v2\/comments?post=1397"}],"wp:featuredmedia":[{"embeddable":true,"href":"https:\/\/www.university-press.fau.de\/en\/wp-json\/wp\/v2\/media\/1398"}],"wp:attachment":[{"href":"https:\/\/www.university-press.fau.de\/en\/wp-json\/wp\/v2\/media?parent=1397"}],"wp:term":[{"taxonomy":"product_brand","embeddable":true,"href":"https:\/\/www.university-press.fau.de\/en\/wp-json\/wp\/v2\/product_brand?post=1397"},{"taxonomy":"product_cat","embeddable":true,"href":"https:\/\/www.university-press.fau.de\/en\/wp-json\/wp\/v2\/product_cat?post=1397"},{"taxonomy":"product_tag","embeddable":true,"href":"https:\/\/www.university-press.fau.de\/en\/wp-json\/wp\/v2\/product_tag?post=1397"}],"curies":[{"name":"wp","href":"https:\/\/api.w.org\/{rel}","templated":true}]}}