{"id":1403,"date":"2022-10-21T09:44:38","date_gmt":"2022-10-21T07:44:38","guid":{"rendered":"https:\/\/www.university-press.fau.de\/?post_type=product&#038;p=1403"},"modified":"2023-12-14T10:46:47","modified_gmt":"2023-12-14T09:46:47","slug":"978-3-96147-205-5","status":"publish","type":"product","link":"https:\/\/www.university-press.fau.de\/en\/product\/978-3-96147-205-5\/","title":{"rendered":"Wideband Active Load Modulation in RF Power Amplifiers"},"content":{"rendered":"<p>For almost a century, active load modulation techniques have been used to increase the backoff efficiency of high frequency power amplifiers. The Doherty architecture, which is based on active load modulation, has become the standard power amplifier architecture in cellular base station transmitters and makes a significant contribution to the energy-efficient operation of cellular mobile radio networks today.<\/p>\n<p>In recent times, the increasing availability of ever more powerful digital signal processing also led to a paradigm shift in the field of transmitter systems. The application of complex digital predistortion algorithms opens up new ways to overcome some of the bandwidth limitations that are inherent to classic power amplifier architectures based on active load modulation and thus allows to exploit the efficiency advantages of active load modulation also for the increasingly important wideband operation.<\/p>\n<p>In this work, a universal and illustrative method of analysis of multi-harmonic load modulation spaces is developed and the possibilities and characteristics of hybrid modes within the \u2018Doherty-Outphasing continuum\u2019 with regard to wideband operation are investigated. In the last part of the work, the theoretical findings are verified using a wideband Doherty PA demonstrator with a peak output power of 300 W in the frequency range of 680 to 1020 MHz.<\/p>","protected":false},"excerpt":{"rendered":"<p>Seit beinahe einem Jahrhundert wird die Technik der aktiven Lastmodulation in Hochfrequenzleistungsverst\u00e4rkern zur Erh\u00f6hung der Energieeffizienz im Teillastbereich eingesetzt. In den Sendeverst\u00e4rkern von Mobilfunkbasisstationen hat sich die auf aktiver Lastmodulation beruhende Doherty-Architektur inzwischen als Standard etabliert und leistet dort einen wesentlichen Beitrag zum energieeffizienten Betrieb der Mobilfunknetze. Die Verf\u00fcgbarkeit einer immer leistungsf\u00e4higeren digitalen Signalverarbeitung f\u00fchrt [&hellip;]<\/p>\n","protected":false},"featured_media":1404,"comment_status":"open","ping_status":"closed","template":"","meta":{"_acf_changed":false},"product_brand":[],"product_cat":[49],"product_tag":[],"class_list":{"0":"post-1403","1":"product","2":"type-product","3":"status-publish","4":"has-post-thumbnail","6":"product_cat-fau-forschungen-reihe-b-medizin-naturwissenschaft-technik","7":"has-post-title","8":"has-post-date","9":"has-post-category","10":"has-post-tag","11":"has-post-comment","12":"has-post-author","13":"","15":"first","16":"instock","17":"taxable","18":"shipping-taxable","19":"purchasable","20":"product-type-simple"},"acf":{"autor":"Musolff, Christian Karl","orcid":"","ror":"","herausgeber":"","orcid_hrsg":"","rorhrsg":"","bearbeiter":"","sonstige_beteiligte_personen":"","untertitel":"","zusatz":"","jahr":"2019","zeitschrift":"","serie":"","serie_name":"","serie_band":"","serie_jahr":"","serie_titel_band":"","vortrage":"","issn":"","isbn":"","isbn13":"978-3-96147-205-5","seiten":"xv, 169","sonstiges":"","band":26,"auflage":"","opus":"","dspace":"11316","e-isbn_pdf":"978-3-96147-206-2","doi":"https:\/\/doi.org\/10.25593\/978-3-96147-206-2","epub":"","e-isbn_epub":"","doi_epub":"","html":"","e-isbn_html":"","doi_html":"","e-isbn_reader":"","doi_reader":"","digibib":"","urn":"urn:nbn:de:bvb:29-opus4-113162","supplementary_material":"","sprache":["Englisch"],"ausgabe":"Softcover","suche":" 9783961472055 9783961472062  ","lizenz":"BY-4","bemerkung":""},"builder_content":"","_links":{"self":[{"href":"https:\/\/www.university-press.fau.de\/en\/wp-json\/wp\/v2\/product\/1403","targetHints":{"allow":["GET"]}}],"collection":[{"href":"https:\/\/www.university-press.fau.de\/en\/wp-json\/wp\/v2\/product"}],"about":[{"href":"https:\/\/www.university-press.fau.de\/en\/wp-json\/wp\/v2\/types\/product"}],"replies":[{"embeddable":true,"href":"https:\/\/www.university-press.fau.de\/en\/wp-json\/wp\/v2\/comments?post=1403"}],"wp:featuredmedia":[{"embeddable":true,"href":"https:\/\/www.university-press.fau.de\/en\/wp-json\/wp\/v2\/media\/1404"}],"wp:attachment":[{"href":"https:\/\/www.university-press.fau.de\/en\/wp-json\/wp\/v2\/media?parent=1403"}],"wp:term":[{"taxonomy":"product_brand","embeddable":true,"href":"https:\/\/www.university-press.fau.de\/en\/wp-json\/wp\/v2\/product_brand?post=1403"},{"taxonomy":"product_cat","embeddable":true,"href":"https:\/\/www.university-press.fau.de\/en\/wp-json\/wp\/v2\/product_cat?post=1403"},{"taxonomy":"product_tag","embeddable":true,"href":"https:\/\/www.university-press.fau.de\/en\/wp-json\/wp\/v2\/product_tag?post=1403"}],"curies":[{"name":"wp","href":"https:\/\/api.w.org\/{rel}","templated":true}]}}