{"id":1407,"date":"2022-10-21T10:00:01","date_gmt":"2022-10-21T08:00:01","guid":{"rendered":"https:\/\/www.university-press.fau.de\/?post_type=product&#038;p=1407"},"modified":"2023-12-14T10:38:27","modified_gmt":"2023-12-14T09:38:27","slug":"978-3-96147-223-9","status":"publish","type":"product","link":"https:\/\/www.university-press.fau.de\/en\/product\/978-3-96147-223-9\/","title":{"rendered":"Zeitmodulierte, monodisperse Tropfengenerierung zur Herstellung von Feinstsprays"},"content":{"rendered":"<p>This dissertation describes investigations on liquid atomization, the main subject being the development of a novel method of atomization for the production of sprays with small droplet diameters at low flow rates. The working principle of this atomization method is based on the production of monodisperse droplet chains by controlled break-up of liquid jets. These primary droplets disintegrate into small secondary droplets by impinging onto a solid surface, forming a fine spray. Experiments on drop impact atomization revealed that this method of spray production provides the smallest droplet diameters, especially at low flow rates.<\/p>\n<p>Additionally, a few fundamental studies on multiphase flows are described. The existing theoretical knowledge on the first wind-induced break-up of liquid jets could be extended by considering the axisymmetric gas boundary layer flow around the jets. For non-continuous or pulsating operation of controlled jet break-up, a relationship between the mechanical vibration amplitude and the fluid mechanical initial disturbance amplitude of the jet surface was found.<\/p>","protected":false},"excerpt":{"rendered":"<p>Die vorliegende Dissertation setzt sich mit der Zerst\u00e4ubung von Fl\u00fcssigkeiten auseinander. Das Hauptaugenmerk liegt auf der Entwicklung eines zeitlich modulierenden Zerst\u00e4ubungsverfahrens f\u00fcr die Erzeugung sehr feiner Sprays bei kleinen Durchs\u00e4tzen der zerst\u00e4ubten Fl\u00fcssigkeit. Das entwickelte Verfahren basiert auf der Erzeugung monodisperser Tropfenketten durch den kontrollierten Zerfall von Fl\u00fcssigkeitsstrahlen. Diese Prim\u00e4rtropfen zerspritzen durch den Aufprall auf [&hellip;]<\/p>\n","protected":false},"featured_media":1408,"comment_status":"open","ping_status":"closed","template":"","meta":{"_acf_changed":false},"product_brand":[],"product_cat":[49],"product_tag":[],"class_list":{"0":"post-1407","1":"product","2":"type-product","3":"status-publish","4":"has-post-thumbnail","6":"product_cat-fau-forschungen-reihe-b-medizin-naturwissenschaft-technik","7":"has-post-title","8":"has-post-date","9":"has-post-category","10":"has-post-tag","11":"has-post-comment","12":"has-post-author","13":"","15":"first","16":"instock","17":"taxable","18":"shipping-taxable","19":"purchasable","20":"product-type-simple"},"acf":{"autor":"Etzold, Mathias","orcid":"","ror":"","herausgeber":"","orcid_hrsg":"","rorhrsg":"","bearbeiter":"","sonstige_beteiligte_personen":"","untertitel":"","zusatz":"","jahr":"2019","zeitschrift":"","serie":"","serie_name":"","serie_band":"","serie_jahr":"","serie_titel_band":"","vortrage":"","issn":"","isbn":"","isbn13":"978-3-96147-223-9","seiten":"XV, 235","sonstiges":"","band":28,"auflage":"","opus":"","dspace":"11354","e-isbn_pdf":"978-3-96147-224-6","doi":"https:\/\/doi.org\/10.25593\/978-3-96147-224-6","epub":"","e-isbn_epub":"","doi_epub":"","html":"","e-isbn_html":"","doi_html":"","e-isbn_reader":"","doi_reader":"","digibib":"","urn":"urn:nbn:de:bvb:29-opus4-113549","supplementary_material":"","sprache":["Deutsch"],"ausgabe":"Softcover","suche":" 9783961472239 9783961472246  ","lizenz":"BY-4","bemerkung":""},"builder_content":"","_links":{"self":[{"href":"https:\/\/www.university-press.fau.de\/en\/wp-json\/wp\/v2\/product\/1407","targetHints":{"allow":["GET"]}}],"collection":[{"href":"https:\/\/www.university-press.fau.de\/en\/wp-json\/wp\/v2\/product"}],"about":[{"href":"https:\/\/www.university-press.fau.de\/en\/wp-json\/wp\/v2\/types\/product"}],"replies":[{"embeddable":true,"href":"https:\/\/www.university-press.fau.de\/en\/wp-json\/wp\/v2\/comments?post=1407"}],"wp:featuredmedia":[{"embeddable":true,"href":"https:\/\/www.university-press.fau.de\/en\/wp-json\/wp\/v2\/media\/1408"}],"wp:attachment":[{"href":"https:\/\/www.university-press.fau.de\/en\/wp-json\/wp\/v2\/media?parent=1407"}],"wp:term":[{"taxonomy":"product_brand","embeddable":true,"href":"https:\/\/www.university-press.fau.de\/en\/wp-json\/wp\/v2\/product_brand?post=1407"},{"taxonomy":"product_cat","embeddable":true,"href":"https:\/\/www.university-press.fau.de\/en\/wp-json\/wp\/v2\/product_cat?post=1407"},{"taxonomy":"product_tag","embeddable":true,"href":"https:\/\/www.university-press.fau.de\/en\/wp-json\/wp\/v2\/product_tag?post=1407"}],"curies":[{"name":"wp","href":"https:\/\/api.w.org\/{rel}","templated":true}]}}