{"id":141,"date":"2022-09-07T10:39:37","date_gmt":"2022-09-07T08:39:37","guid":{"rendered":"https:\/\/www.university-press.fau.de\/produkt\/aberkennung-der-doktorwuerde-an-der-universitaet-erlangen-in-der-zeit-des-nationalsozialismus\/"},"modified":"2025-01-22T13:58:43","modified_gmt":"2025-01-22T12:58:43","slug":"978-3-9808453-1-1","status":"publish","type":"product","link":"https:\/\/www.university-press.fau.de\/en\/product\/978-3-9808453-1-1\/","title":{"rendered":"Aberkennung der Doktorw\u00fcrde an der Universit\u00e4t Erlangen in der Zeit des Nationalsozialismus"},"content":{"rendered":"<p>F\u00fcr die Zeit des Nationalsozialismus sind an der Friedrich-Alexander-Universit\u00e4t Erlangen \u00fcber 160 Aberkennungen der Doktorw\u00fcrde zu verzeichnen. Die Ver\u00f6ffentlichung fa\u00dft die Dokumentationen der Gedenkakte der Medizinischen Fakult\u00e4t (am 12. Juli 2008) und des Fachbereichs Rechtswissenschaft (am 11. Februar 2010) zusammen, erg\u00e4nzt um Depromotionsf\u00e4lle aus der Theologischen und der Naturwissenschaftlichen Fakult\u00e4t. Die Reproduktionen mit der Signatur NLA. HStAH Nds.110W Acc. 8\/90 Nr. 183\/8 auf den Seiten 22 und 23 wurden mit Genehmigung des Nieders\u00e4chsischen Staatsarchivs publiziert. Das Archivgut ist Eigentum des Niders\u00e4chsischen Landesarchivs. Ohne vorherige schriftliche Zustimmung des Nieders\u00e4chsischen Landesarchivs d\u00fcrfen die Abbildungen nicht gespeichert, reproduziert, archiviert, dupliziert, kopiert, ver\u00e4ndert oder auf andere Weise genutzt werden.<\/p>","protected":false},"excerpt":{"rendered":"<p>F\u00fcr die Zeit des Nationalsozialismus sind an der Friedrich-Alexander-Universit\u00e4t Erlangen \u00fcber 160 Aberkennungen der Doktorw\u00fcrde zu verzeichnen. Die Ver\u00f6ffentlichung fa\u00dft die Dokumentationen der Gedenkakte der Medizinischen Fakult\u00e4t (am 12. Juli 2008) und des Fachbereichs Rechtswissenschaft (am 11. Februar 2010) zusammen, erg\u00e4nzt um Depromotionsf\u00e4lle aus der Theologischen und der Naturwissenschaftlichen Fakult\u00e4t. Die Reproduktionen mit der Signatur [&hellip;]<\/p>\n","protected":false},"featured_media":0,"comment_status":"open","ping_status":"closed","template":"","meta":{"_acf_changed":false},"product_brand":[],"product_cat":[36],"product_tag":[39],"class_list":{"0":"post-141","1":"product","2":"type-product","3":"status-publish","5":"product_cat-akademische-reden-und-kolloquien","6":"product_tag-nur-als-online-publikation","7":"has-post-title","8":"has-post-date","9":"has-post-category","10":"has-post-tag","11":"has-post-comment","12":"has-post-author","13":"","15":"first","16":"outofstock","17":"taxable","18":"shipping-taxable","19":"product-type-simple"},"acf":{"autor":"","orcid":"","ror":"","herausgeber":"Thomas A. H. Sch\u00f6ck","orcid_hrsg":"","rorhrsg":"","bearbeiter":"","sonstige_beteiligte_personen":"","untertitel":"Dokumentation der Gedenkakte der Medizinischen Fakult\u00e4t und des Fachbereichs Rechtswissenschaft und Aberkennungen an der Theologischen und der Naturwissenschaftlichen Fakult\u00e4t","zusatz":"","jahr":"2010","zeitschrift":"","serie":"","serie_name":"","serie_band":"","serie_jahr":"","serie_titel_band":"","vortrage":"","issn":"","isbn":"","isbn13":"978-3-9808453-1-1","seiten":"76","sonstiges":"Ill.","band":29,"auflage":"","opus":1625,"dspace":"1625","e-isbn_pdf":"","doi":"","epub":"","e-isbn_epub":"","doi_epub":"","html":"","e-isbn_html":"","doi_html":"","e-isbn_reader":"","doi_reader":"","digibib":"","urn":"https:\/\/nbn-resolving.org\/urn:nbn:de:bvb:29-opus-23982","supplementary_material":"","sprache":["Deutsch"],"ausgabe":"Softcover","suche":" 9783980845311   ","lizenz":"BY-3","bemerkung":""},"builder_content":"","_links":{"self":[{"href":"https:\/\/www.university-press.fau.de\/en\/wp-json\/wp\/v2\/product\/141","targetHints":{"allow":["GET"]}}],"collection":[{"href":"https:\/\/www.university-press.fau.de\/en\/wp-json\/wp\/v2\/product"}],"about":[{"href":"https:\/\/www.university-press.fau.de\/en\/wp-json\/wp\/v2\/types\/product"}],"replies":[{"embeddable":true,"href":"https:\/\/www.university-press.fau.de\/en\/wp-json\/wp\/v2\/comments?post=141"}],"wp:attachment":[{"href":"https:\/\/www.university-press.fau.de\/en\/wp-json\/wp\/v2\/media?parent=141"}],"wp:term":[{"taxonomy":"product_brand","embeddable":true,"href":"https:\/\/www.university-press.fau.de\/en\/wp-json\/wp\/v2\/product_brand?post=141"},{"taxonomy":"product_cat","embeddable":true,"href":"https:\/\/www.university-press.fau.de\/en\/wp-json\/wp\/v2\/product_cat?post=141"},{"taxonomy":"product_tag","embeddable":true,"href":"https:\/\/www.university-press.fau.de\/en\/wp-json\/wp\/v2\/product_tag?post=141"}],"curies":[{"name":"wp","href":"https:\/\/api.w.org\/{rel}","templated":true}]}}