{"id":1413,"date":"2022-10-21T10:22:03","date_gmt":"2022-10-21T08:22:03","guid":{"rendered":"https:\/\/www.university-press.fau.de\/?post_type=product&#038;p=1413"},"modified":"2023-12-14T09:20:43","modified_gmt":"2023-12-14T08:20:43","slug":"978%e2%80%903%e2%80%9096147%e2%80%90264%e2%80%902","status":"publish","type":"product","link":"https:\/\/www.university-press.fau.de\/en\/product\/978%e2%80%903%e2%80%9096147%e2%80%90264%e2%80%902\/","title":{"rendered":"Mikrostrukturelle und mechanische Charakterisierung von polykristallinen ausscheidungsgeh\u00e4rteten Co-Basis Superlegierungen unter besonderer Ber\u00fccksichtigung der Verformungsmechanismen"},"content":{"rendered":"<p>A series of application-oriented \u03b3\u2032 hardened Co-base cast-and-wrought superalloys was developed and analyzed in the course of this thesis. Optimized heat treatments led to the development of bi- or tridispersive \u03b3\/\u03b3\u2032 particle distributions in all alloys that result in high strength. The introduction of intermetallic phases at the grain boundaries stabilized the grain structure up to high application temperatures. The compression strength of the alloys was comparable to commercially available cast-and-wrought alloys. At temperatures above 750 \u00b0C, the Co-base superalloys proved to be even more stable than their Ni-base counterparts and provided even higher strength. In addition, the Co-base alloys exhibited excellent creep properties with minimum creep rates reduced by up to two orders of magnitude compared to Ni-base cast-and-wrought alloys. Investigations of the creep mechanisms revealed microtwinning as the dominating deformation mechanism prevailing in the Co-base alloys. High-resolution transmission electron microscopy could be used to identify single Shockley partial dislocations that lead to twin growth by segregation assisted slip along the twin boundary. A comprehensive analysis of several microstructural parameters like grain size, \u03b3\u2032 particle distribution and volume fraction and lattice mismatch as well as a chemical analysis of the composition of \u03b3 and \u03b3\u2032 phase allowed to evaluate the different hardening contributions in the alloys.<\/p>","protected":false},"excerpt":{"rendered":"<p>Im Rahmen dieser Arbeit wurde eine Serie von anwendungsnahen, \u03b3\u2032 geh\u00e4rteten Co-Basis Schmiedelegierungen entwickelt und harakterisiert. Optimierte W\u00e4rmebehandlungen f\u00fchrten f\u00fcr alle Legierungen zur Ausbildung einer \u03b3\/\u03b3\u2032-Mikrostruktur, welche bi- oder tridisperse \u03b3\u2032-Teilchenverteilungen aufwies und einen m\u00f6glichst hohen H\u00e4rtungsbeitrag lieferte. Durch das Einbringen von orngrenzenpinnenden intermetallischen Phasen konnte die Korngr\u00f6\u00dfe auch bei hohen Anwendungstemperaturen stabil gehalten werden. [&hellip;]<\/p>\n","protected":false},"featured_media":1414,"comment_status":"open","ping_status":"closed","template":"","meta":{"_acf_changed":false},"product_brand":[],"product_cat":[49],"product_tag":[],"class_list":{"0":"post-1413","1":"product","2":"type-product","3":"status-publish","4":"has-post-thumbnail","6":"product_cat-fau-forschungen-reihe-b-medizin-naturwissenschaft-technik","7":"has-post-title","8":"has-post-date","9":"has-post-category","10":"has-post-tag","11":"has-post-comment","12":"has-post-author","13":"","15":"first","16":"instock","17":"taxable","18":"shipping-taxable","19":"purchasable","20":"product-type-simple"},"acf":{"autor":"Freund, Lisa","orcid":"","ror":"","herausgeber":"","orcid_hrsg":"","rorhrsg":"","bearbeiter":"","sonstige_beteiligte_personen":"","untertitel":"","zusatz":"","jahr":"2019","zeitschrift":"","serie":"","serie_name":"","serie_band":"","serie_jahr":"","serie_titel_band":"","vortrage":"","issn":"","isbn":"","isbn13":"978\u20103\u201096147\u2010264\u20102","seiten":"xvi, 216","sonstiges":"","band":31,"auflage":"","opus":"","dspace":"12646","e-isbn_pdf":"978-3-96147-265-9","doi":"https:\/\/doi.org\/10.25593\/978-3-96147-265-9","epub":"","e-isbn_epub":"","doi_epub":"","html":"","e-isbn_html":"","doi_html":"","e-isbn_reader":"","doi_reader":"","digibib":"","urn":"urn:nbn:de:bvb:29-opus4-126461","supplementary_material":"","sprache":["Deutsch"],"ausgabe":"Softcover","suche":" 978\u20103\u201096147\u2010264\u20102 9783961472659  ","lizenz":"BY-4","bemerkung":""},"builder_content":"","_links":{"self":[{"href":"https:\/\/www.university-press.fau.de\/en\/wp-json\/wp\/v2\/product\/1413","targetHints":{"allow":["GET"]}}],"collection":[{"href":"https:\/\/www.university-press.fau.de\/en\/wp-json\/wp\/v2\/product"}],"about":[{"href":"https:\/\/www.university-press.fau.de\/en\/wp-json\/wp\/v2\/types\/product"}],"replies":[{"embeddable":true,"href":"https:\/\/www.university-press.fau.de\/en\/wp-json\/wp\/v2\/comments?post=1413"}],"wp:featuredmedia":[{"embeddable":true,"href":"https:\/\/www.university-press.fau.de\/en\/wp-json\/wp\/v2\/media\/1414"}],"wp:attachment":[{"href":"https:\/\/www.university-press.fau.de\/en\/wp-json\/wp\/v2\/media?parent=1413"}],"wp:term":[{"taxonomy":"product_brand","embeddable":true,"href":"https:\/\/www.university-press.fau.de\/en\/wp-json\/wp\/v2\/product_brand?post=1413"},{"taxonomy":"product_cat","embeddable":true,"href":"https:\/\/www.university-press.fau.de\/en\/wp-json\/wp\/v2\/product_cat?post=1413"},{"taxonomy":"product_tag","embeddable":true,"href":"https:\/\/www.university-press.fau.de\/en\/wp-json\/wp\/v2\/product_tag?post=1413"}],"curies":[{"name":"wp","href":"https:\/\/api.w.org\/{rel}","templated":true}]}}