{"id":1417,"date":"2022-10-21T10:32:52","date_gmt":"2022-10-21T08:32:52","guid":{"rendered":"https:\/\/www.university-press.fau.de\/?post_type=product&#038;p=1417"},"modified":"2023-12-14T09:16:24","modified_gmt":"2023-12-14T08:16:24","slug":"978-3-96147-305-2","status":"publish","type":"product","link":"https:\/\/www.university-press.fau.de\/en\/product\/978-3-96147-305-2\/","title":{"rendered":"Contact related Failure Detection of Semiconductor Layer Stacks using an Acoustic Emission Test Method"},"content":{"rendered":"<p>The book provides the reader with a novel, non-destructive test method for mechanical damages in semiconductor structures that can arise when contacting connection pads of integrated circuits during probing on wafer level. Instead of time-consuming and costly failure analyzes using optical and electrical methods, an acoustic emission test method is presented, which was adapted and optimized to the application case wafer test. The system was simulated using suitable models and verified in extensive experiments on suitable test structures. Based on detailed explanations, mathematical derivations of the micromechanical stress and frequency response states, precisely illustrated figures and numerous high-quality optical pictures, a well-founded elaboration of the problem and solution of a newly developed sensor-indenter system for thin layer crack detection is presented. All chapters have an introduction overview and a summary of the main results and conclusions. The work thus makes a significant contribution to reducing development costs and increasing the reliability of complex semiconductor structures of current and future technologies.<\/p>","protected":false},"excerpt":{"rendered":"<p>Die vorliegende Arbeit vermittelt dem Leser eine neuartige, zerst\u00f6rungsfreie Pr\u00fcfmethode von mechanischen Besch\u00e4digungen in Halbleiterstrukturen, die beim Kontaktieren von Anschlusspads von integrierten Schaltungen beim Test auf Scheibenebene entstehen k\u00f6nnen. Statt wie bisher durch zeit- und kostenintensiver Analysen mit Hilfe von optischen und elektrischen Verfahren, wird eine dem Anwendungsfall Wafertest angepasste und optimierte Schallemissionspr\u00fcfung vorgestellt, die [&hellip;]<\/p>\n","protected":false},"featured_media":1418,"comment_status":"open","ping_status":"closed","template":"","meta":{"_acf_changed":false},"product_brand":[],"product_cat":[49],"product_tag":[],"class_list":{"0":"post-1417","1":"product","2":"type-product","3":"status-publish","4":"has-post-thumbnail","6":"product_cat-fau-forschungen-reihe-b-medizin-naturwissenschaft-technik","7":"has-post-title","8":"has-post-date","9":"has-post-category","10":"has-post-tag","11":"has-post-comment","12":"has-post-author","13":"","15":"first","16":"instock","17":"taxable","18":"shipping-taxable","19":"purchasable","20":"product-type-simple"},"acf":{"autor":"Unterreitmeier, Marianne","orcid":"","ror":"","herausgeber":"","orcid_hrsg":"","rorhrsg":"","bearbeiter":"","sonstige_beteiligte_personen":"","untertitel":"","zusatz":"","jahr":"2020","zeitschrift":"","serie":"","serie_name":"","serie_band":"","serie_jahr":"","serie_titel_band":"","vortrage":"","issn":"","isbn":"","isbn13":"978-3-96147-305-2","seiten":"xxiv. 324","sonstiges":"","band":33,"auflage":"","opus":"","dspace":"14478","e-isbn_pdf":"978-3-96147-306-9","doi":"https:\/\/doi.org\/10.25593\/978-3-96147-306-9","epub":"","e-isbn_epub":"","doi_epub":"","html":"","e-isbn_html":"","doi_html":"","e-isbn_reader":"","doi_reader":"","digibib":"","urn":"urn:nbn:de:bvb:29-opus4-144784","supplementary_material":"","sprache":["Englisch"],"ausgabe":"Softcover","suche":" 9783961473052 9783961473069  ","lizenz":"BY-4","bemerkung":""},"builder_content":"","_links":{"self":[{"href":"https:\/\/www.university-press.fau.de\/en\/wp-json\/wp\/v2\/product\/1417","targetHints":{"allow":["GET"]}}],"collection":[{"href":"https:\/\/www.university-press.fau.de\/en\/wp-json\/wp\/v2\/product"}],"about":[{"href":"https:\/\/www.university-press.fau.de\/en\/wp-json\/wp\/v2\/types\/product"}],"replies":[{"embeddable":true,"href":"https:\/\/www.university-press.fau.de\/en\/wp-json\/wp\/v2\/comments?post=1417"}],"wp:featuredmedia":[{"embeddable":true,"href":"https:\/\/www.university-press.fau.de\/en\/wp-json\/wp\/v2\/media\/1418"}],"wp:attachment":[{"href":"https:\/\/www.university-press.fau.de\/en\/wp-json\/wp\/v2\/media?parent=1417"}],"wp:term":[{"taxonomy":"product_brand","embeddable":true,"href":"https:\/\/www.university-press.fau.de\/en\/wp-json\/wp\/v2\/product_brand?post=1417"},{"taxonomy":"product_cat","embeddable":true,"href":"https:\/\/www.university-press.fau.de\/en\/wp-json\/wp\/v2\/product_cat?post=1417"},{"taxonomy":"product_tag","embeddable":true,"href":"https:\/\/www.university-press.fau.de\/en\/wp-json\/wp\/v2\/product_tag?post=1417"}],"curies":[{"name":"wp","href":"https:\/\/api.w.org\/{rel}","templated":true}]}}