{"id":1476,"date":"2022-10-24T14:20:58","date_gmt":"2022-10-24T12:20:58","guid":{"rendered":"https:\/\/www.university-press.fau.de\/?post_type=product&#038;p=1476"},"modified":"2025-11-27T09:51:42","modified_gmt":"2025-11-27T08:51:42","slug":"978-3-96147-453-0","status":"publish","type":"product","link":"https:\/\/www.university-press.fau.de\/en\/product\/978-3-96147-453-0\/","title":{"rendered":"Berufs- und Studienorientierung am Gymnasium"},"content":{"rendered":"<p>\u00bbDer Beruf ist das R\u00fcckgrat des Lebens und seine Wahl die wichtigste Entscheidung, die der Mensch treffen muss.\u00ab Nietzsche Zu den zentralen Aufgaben der Gymnasien geh\u00f6rt es, Jugendliche auf dem Weg in die Arbeits- und Studienwelt zu begleiten und sie dabei zu unterst\u00fctzen, einen geeigneten Beruf auszuw\u00e4hlen. Sich stetig wandelnde Anforderungen der modernen Berufswelt ver\u00e4ndern auch die Anspr\u00fcche an die Berufsvorbereitung in den Schulen. Der Bildungsf\u00f6deralismus in Deutschland bedingt dabei, dass die Ausgestaltung der beruflichen Orientierung am Gymnasium L\u00e4ndersache ist. Dieses Buch bietet neben einer Situationsanalyse des bayerischen Konzepts auch Handlungshinweise f\u00fcr die Praxis, welche Lehrkr\u00e4ften, Schulleitungen, Eltern und potenziellen Arbeitgebern bei ihrer Unterst\u00fctzung von Berufsw\u00e4hlern dienlich sein sollen. Markante Kennzeichen und Unterschiede der l\u00e4nderspezifischen Lehrplanvorgaben, deren St\u00e4rken und Schw\u00e4chen sowie m\u00f6gliche Konsequenzen und Optimierungsvorschl\u00e4ge f\u00fcr die Praxis am bayerischen Gymnasium werden aufgezeigt und sollen so zur erfolgreichen Berufswahl beitragen.<\/p>","protected":false},"excerpt":{"rendered":"<p>\u00bbDer Beruf ist das R\u00fcckgrat des Lebens und seine Wahl die wichtigste Entscheidung, die der Mensch treffen muss.\u00ab Nietzsche Zu den zentralen Aufgaben der Gymnasien geh\u00f6rt es, Jugendliche auf dem Weg in die Arbeits- und Studienwelt zu begleiten und sie dabei zu unterst\u00fctzen, einen geeigneten Beruf auszuw\u00e4hlen. Sich stetig wandelnde Anforderungen der modernen Berufswelt ver\u00e4ndern [&hellip;]<\/p>\n","protected":false},"featured_media":1477,"comment_status":"open","ping_status":"closed","template":"","meta":{"_acf_changed":false},"product_brand":[],"product_cat":[52],"product_tag":[],"class_list":{"0":"post-1476","1":"product","2":"type-product","3":"status-publish","4":"has-post-thumbnail","6":"product_cat-fau-lehren-und-lernen","7":"has-post-title","8":"has-post-date","9":"has-post-category","10":"has-post-tag","11":"has-post-comment","12":"has-post-author","13":"","15":"first","16":"instock","17":"taxable","18":"shipping-taxable","19":"purchasable","20":"product-type-simple"},"acf":{"autor":"Langmajer, Anja","orcid":"","ror":"","herausgeber":"","orcid_hrsg":"","rorhrsg":"","bearbeiter":"","sonstige_beteiligte_personen":"","untertitel":"","zusatz":"","jahr":"2021","zeitschrift":"","serie":"","serie_name":"","serie_band":"","serie_jahr":"","serie_titel_band":"","vortrage":"","issn":"","isbn":"","isbn13":"978-3-96147-453-0","seiten":"502","sonstiges":"","band":6,"auflage":"","opus":17351,"dspace":"17351","e-isbn_pdf":"978-3-96147-454-7","doi":"https:\/\/doi.org\/10.25593\/978-3-96147-454-7","epub":"","e-isbn_epub":"","doi_epub":"","html":"","e-isbn_html":"","doi_html":"","e-isbn_reader":"","doi_reader":"","digibib":"","urn":"urn:nbn:de:bvb:29-opus4-173510","supplementary_material":"","sprache":["Deutsch"],"ausgabe":"Softcover","suche":" 9783961474530 9783961474547  ","lizenz":"BY-4","bemerkung":""},"builder_content":"","_links":{"self":[{"href":"https:\/\/www.university-press.fau.de\/en\/wp-json\/wp\/v2\/product\/1476","targetHints":{"allow":["GET"]}}],"collection":[{"href":"https:\/\/www.university-press.fau.de\/en\/wp-json\/wp\/v2\/product"}],"about":[{"href":"https:\/\/www.university-press.fau.de\/en\/wp-json\/wp\/v2\/types\/product"}],"replies":[{"embeddable":true,"href":"https:\/\/www.university-press.fau.de\/en\/wp-json\/wp\/v2\/comments?post=1476"}],"wp:featuredmedia":[{"embeddable":true,"href":"https:\/\/www.university-press.fau.de\/en\/wp-json\/wp\/v2\/media\/1477"}],"wp:attachment":[{"href":"https:\/\/www.university-press.fau.de\/en\/wp-json\/wp\/v2\/media?parent=1476"}],"wp:term":[{"taxonomy":"product_brand","embeddable":true,"href":"https:\/\/www.university-press.fau.de\/en\/wp-json\/wp\/v2\/product_brand?post=1476"},{"taxonomy":"product_cat","embeddable":true,"href":"https:\/\/www.university-press.fau.de\/en\/wp-json\/wp\/v2\/product_cat?post=1476"},{"taxonomy":"product_tag","embeddable":true,"href":"https:\/\/www.university-press.fau.de\/en\/wp-json\/wp\/v2\/product_tag?post=1476"}],"curies":[{"name":"wp","href":"https:\/\/api.w.org\/{rel}","templated":true}]}}