{"id":1483,"date":"2022-10-24T15:05:06","date_gmt":"2022-10-24T13:05:06","guid":{"rendered":"https:\/\/www.university-press.fau.de\/produkt\/eine-simulationsmethode-fuer-das-3-rollen-schubbiegen\/"},"modified":"2025-03-25T07:14:21","modified_gmt":"2025-03-25T06:14:21","slug":"978-3-96147-147-8","status":"publish","type":"product","link":"https:\/\/www.university-press.fau.de\/en\/product\/978-3-96147-147-8\/","title":{"rendered":"Eine Simulationsmethode f\u00fcr das 3-Rollen-Schubbiegen"},"content":{"rendered":"<p>The complex bent tube components are due to required process flexibility increasingly and with preference formed by kinematical freeform tube bending processes. However the lack of process understanding makes the freeform tube bending inaccurate and too slow for the industrial application. Thus, the methodology developed in this work importantly contributes to the implementation of a general valid process design strategy for the industrial realization of a freeform bending based on the roll-push-bending processes. For the time-efficient and accurate determination of the process parameters an innovative numerical model was presented, whereat and considering the bending result the modelling of the machine\u00b4s structure plays a particularly important role. Therefore, to ensure a high calculation accuracy, the elastic deformations of the machine\u00b4s structure were particular precise examined and implemented in the model. Finally, the model was optimized and validated by experimentally obtained data.<\/p>","protected":false},"excerpt":{"rendered":"<p>Die komplexgebogenen Bauteile werden aufgrund der ben\u00f6tigten Prozess-Flexibilit\u00e4t immer \u00f6fter durch kinematische Freiformbiegeprozesse umgeformt. Das Freiformbiegen ist aber aufgrund des mangelhaften Prozessverst\u00e4ndnisses in hohem Ma\u00dfe ungenau und f\u00fcr industriele Applikation zu langsam. Die in dieser Arbeit entwickelte Methodik stellt einen wichtigen Beitrag zur Umsetzung einer allgemeing\u00fcltigen Prozessauslegungsstrategie f\u00fcr die Realisierung eines auf dem Rollen-Schubbiegen basierenden [&hellip;]<\/p>\n","protected":false},"featured_media":1583,"comment_status":"open","ping_status":"closed","template":"","meta":{"_acf_changed":false},"product_brand":[],"product_cat":[34],"product_tag":[],"class_list":{"0":"post-1483","1":"product","2":"type-product","3":"status-publish","4":"has-post-thumbnail","6":"product_cat-fau-studien-aus-dem-maschinenbau","7":"has-post-title","8":"has-post-date","9":"has-post-category","10":"has-post-tag","11":"has-post-comment","12":"has-post-author","13":"","15":"first","16":"instock","17":"taxable","18":"shipping-taxable","19":"purchasable","20":"product-type-simple"},"acf":{"autor":"Vipavc, Daniel","orcid":"","ror":"","herausgeber":"","orcid_hrsg":"","rorhrsg":"","bearbeiter":"","sonstige_beteiligte_personen":"","untertitel":"","zusatz":"","jahr":"2018","zeitschrift":"","serie":"","serie_name":"","serie_band":"","serie_jahr":"","serie_titel_band":"","vortrage":"","issn":"","isbn":"","isbn13":"978-3-96147-147-8","seiten":"xiii, 121","sonstiges":"","band":311,"auflage":"","opus":"","dspace":"10402","e-isbn_pdf":"978-3-96147-148-5","doi":"https:\/\/doi.org\/10.25593\/978-3-96147-148-5","epub":"","e-isbn_epub":"","doi_epub":"","html":"","e-isbn_html":"","doi_html":"","e-isbn_reader":"","doi_reader":"","digibib":"","urn":"urn:nbn:de:bvb:29-opus4-104021","supplementary_material":"","sprache":["Deutsch"],"ausgabe":"Softcover","suche":" 9783961471478 9783961471485  ","lizenz":"BY-NC-4","bemerkung":""},"builder_content":"","_links":{"self":[{"href":"https:\/\/www.university-press.fau.de\/en\/wp-json\/wp\/v2\/product\/1483","targetHints":{"allow":["GET"]}}],"collection":[{"href":"https:\/\/www.university-press.fau.de\/en\/wp-json\/wp\/v2\/product"}],"about":[{"href":"https:\/\/www.university-press.fau.de\/en\/wp-json\/wp\/v2\/types\/product"}],"replies":[{"embeddable":true,"href":"https:\/\/www.university-press.fau.de\/en\/wp-json\/wp\/v2\/comments?post=1483"}],"wp:featuredmedia":[{"embeddable":true,"href":"https:\/\/www.university-press.fau.de\/en\/wp-json\/wp\/v2\/media\/1583"}],"wp:attachment":[{"href":"https:\/\/www.university-press.fau.de\/en\/wp-json\/wp\/v2\/media?parent=1483"}],"wp:term":[{"taxonomy":"product_brand","embeddable":true,"href":"https:\/\/www.university-press.fau.de\/en\/wp-json\/wp\/v2\/product_brand?post=1483"},{"taxonomy":"product_cat","embeddable":true,"href":"https:\/\/www.university-press.fau.de\/en\/wp-json\/wp\/v2\/product_cat?post=1483"},{"taxonomy":"product_tag","embeddable":true,"href":"https:\/\/www.university-press.fau.de\/en\/wp-json\/wp\/v2\/product_tag?post=1483"}],"curies":[{"name":"wp","href":"https:\/\/api.w.org\/{rel}","templated":true}]}}