{"id":1487,"date":"2022-10-24T15:05:08","date_gmt":"2022-10-24T13:05:08","guid":{"rendered":"https:\/\/www.university-press.fau.de\/produkt\/simulative-auslegung-der-spann-und-fixierkonzepte-im-karosserierohbau-bewertung-der-baugruppenmasshaltigkeit-unter-beruecksichtigung-schwankender-einflussgroessen\/"},"modified":"2025-03-25T07:14:22","modified_gmt":"2025-03-25T06:14:22","slug":"978-3-96147-176-8","status":"publish","type":"product","link":"https:\/\/www.university-press.fau.de\/en\/product\/978-3-96147-176-8\/","title":{"rendered":"Simulative Auslegung der Spann- und Fixierkonzepte im Karosserierohbau: Bewertung der Baugruppenma\u00dfhaltigkeit unter Ber\u00fccksichtigung schwankender Einflussgr\u00f6\u00dfen"},"content":{"rendered":"<p>This research work investigated which  material and process factors have a significant influence on the dimensional accuracy of assemblies. The main aim of this study was the development of cause-effect relations in order to design the clamping and fastening concepts of assemblies. The result is a method, which is independent of the assembly and with which the influence of framing stations' parameters can be estimated. Recommandations in the form of process windows were generated for the future design process of assemblies, enabling lower shape deviations.<\/p>\n<p>An improvement of the dimensional accuracy of principal and real add-on parts were realized by optimizing the statistically distributed input variables of the clamping and fastening processes.\nThis research topic will keep his high importance in the future as adapting the clamping and fixture concept produces less costs than tool changes.<\/p>","protected":false},"excerpt":{"rendered":"<p>Diese Forschungsarbeit untersuchte, welche Werkstoff- und Prozessfaktoren einen signifikanten Einfluss auf die Ma\u00dfhaltigkeit von Baugruppen haben. Hauptziel dieser Arbeit war die Erarbeitung von Ursachen-Wirkungs-Zusammenh\u00e4ngen zur simulativen Auslegung der Spann- und Fixierkonzepte von Baugruppen. Das Resultat ist eine baugruppenunabh\u00e4ngige Methodik, mit welcher sich der Einfluss von schwankenden F\u00fcgestationsparametern absch\u00e4tzen l\u00e4sst. Handlungsempfehlungen in Form von Prozessfenstern zur [&hellip;]<\/p>\n","protected":false},"featured_media":1713,"comment_status":"open","ping_status":"closed","template":"","meta":{"_acf_changed":false},"product_brand":[],"product_cat":[34],"product_tag":[],"class_list":{"0":"post-1487","1":"product","2":"type-product","3":"status-publish","4":"has-post-thumbnail","6":"product_cat-fau-studien-aus-dem-maschinenbau","7":"has-post-title","8":"has-post-date","9":"has-post-category","10":"has-post-tag","11":"has-post-comment","12":"has-post-author","13":"","15":"first","16":"instock","17":"taxable","18":"shipping-taxable","19":"purchasable","20":"product-type-simple"},"acf":{"autor":"Konrad, Tobias","orcid":"","ror":"","herausgeber":"","orcid_hrsg":"","rorhrsg":"","bearbeiter":"","sonstige_beteiligte_personen":"","untertitel":"","zusatz":"","jahr":"2019","zeitschrift":"","serie":"","serie_name":"","serie_band":"","serie_jahr":"","serie_titel_band":"","vortrage":"","issn":"","isbn":"","isbn13":"978-3-96147-176-8","seiten":"x, 203","sonstiges":"","band":319,"auflage":"","opus":"","dspace":"10559","e-isbn_pdf":"978-3-96147-177-5","doi":"https:\/\/doi.org\/10.25593\/978-3-96147-177-5","epub":"","e-isbn_epub":"","doi_epub":"","html":"","e-isbn_html":"","doi_html":"","e-isbn_reader":"","doi_reader":"","digibib":"","urn":"urn:nbn:de:bvb:29-opus4-105597","supplementary_material":"","sprache":["Deutsch"],"ausgabe":"Softcover","suche":" 9783961471768 9783961471775  ","lizenz":"BY-NC-4","bemerkung":""},"builder_content":"","_links":{"self":[{"href":"https:\/\/www.university-press.fau.de\/en\/wp-json\/wp\/v2\/product\/1487","targetHints":{"allow":["GET"]}}],"collection":[{"href":"https:\/\/www.university-press.fau.de\/en\/wp-json\/wp\/v2\/product"}],"about":[{"href":"https:\/\/www.university-press.fau.de\/en\/wp-json\/wp\/v2\/types\/product"}],"replies":[{"embeddable":true,"href":"https:\/\/www.university-press.fau.de\/en\/wp-json\/wp\/v2\/comments?post=1487"}],"wp:featuredmedia":[{"embeddable":true,"href":"https:\/\/www.university-press.fau.de\/en\/wp-json\/wp\/v2\/media\/1713"}],"wp:attachment":[{"href":"https:\/\/www.university-press.fau.de\/en\/wp-json\/wp\/v2\/media?parent=1487"}],"wp:term":[{"taxonomy":"product_brand","embeddable":true,"href":"https:\/\/www.university-press.fau.de\/en\/wp-json\/wp\/v2\/product_brand?post=1487"},{"taxonomy":"product_cat","embeddable":true,"href":"https:\/\/www.university-press.fau.de\/en\/wp-json\/wp\/v2\/product_cat?post=1487"},{"taxonomy":"product_tag","embeddable":true,"href":"https:\/\/www.university-press.fau.de\/en\/wp-json\/wp\/v2\/product_tag?post=1487"}],"curies":[{"name":"wp","href":"https:\/\/api.w.org\/{rel}","templated":true}]}}