{"id":1492,"date":"2022-10-24T15:05:10","date_gmt":"2022-10-24T13:05:10","guid":{"rendered":"https:\/\/www.university-press.fau.de\/produkt\/arbeitsraumueberwachung-und-autonome-bahnplanung-fuer-ein-sicheres-und-flexibles-roboter-assistenzsystem-in-der-fertigung\/"},"modified":"2025-03-25T07:14:21","modified_gmt":"2025-03-25T06:14:21","slug":"978-3-96147-153-9","status":"publish","type":"product","link":"https:\/\/www.university-press.fau.de\/en\/product\/978-3-96147-153-9\/","title":{"rendered":"Arbeitsraum\u00fcberwachung und autonome Bahnplanung f\u00fcr ein sicheres und flexibles Roboter-Assistenzsystem in der Fertigung"},"content":{"rendered":"<p>Traditionally, industrial robots are used behind separating protective devices for automated manufacturing with high quantities, for example for welding or painting of body parts in auto-mobile production. In this thesis essential components of a secure und flexible industrial robot based assistance system for enabling human-robot cooperation (HRC) are developed and successfully demonstrated using the example of an assembly process in a working place for disabled people. The main objectives are relieving an on average aging personnel of highly physically burdening, exhausting and repetitive production tasks and thereby increasing the satisfaction of employees as well as splitting up capability based the labour between humans and robots for raising the productivity and quality. Another application that is shown in this thesis is the assistance in working places for handicapped, where enabling people to perform higher demanding work content is focussed.<\/p>\n<p>An efficient approach for the more intelligent use of potentially dangerous industrial robots of the collaboration type of velocity and distance control is developed by the realised workspace surveillance and protection. By means of a robust detection of obstacle objects as well as a conservative classification into persons and other obstacles collisions with the used assistance robot are reliably avoided and adapted reaction strategies are enabled. The flexible and effi-cient use of cooperating industrial robots with only short idle times during changing ambient conditions and without programming by experts requires a preferably autonomous generation of robot paths. To solve this need for action a novel planner using the cell decomposition of the workspace is realised for the examined and widespread use case of the vertical six-axis articulated robot with in-line wrist to generate collision free and preferably short robot paths, that are intuitively comprehensible by the operator.<\/p>","protected":false},"excerpt":{"rendered":"<p>Traditionell werden Industrieroboter hinter abgetrennten Schutzeinrichtungen zur automatisierten Fertigung bei hohen St\u00fcckzahlen, beispielsweise beim Schwei\u00dfen oder Lackieren von Karosserieteilen in der Automobilproduktion, eingesetzt. In dieser Arbeit werden wesentliche Teilkomponenten f\u00fcr ein sicheres und flexibles, Industrieroboter basiertes Unterst\u00fctzungssystem zur Erm\u00f6glichung der Mensch-Roboter-Kooperation (MRK) entwickelt und am Beispiel eines Montageprozesses in einer Behindertenwerkstatt erfolgreich demonstriert. Prim\u00e4re Ziel-stellungen [&hellip;]<\/p>\n","protected":false},"featured_media":1625,"comment_status":"open","ping_status":"closed","template":"","meta":{"_acf_changed":false},"product_brand":[],"product_cat":[34],"product_tag":[],"class_list":{"0":"post-1492","1":"product","2":"type-product","3":"status-publish","4":"has-post-thumbnail","6":"product_cat-fau-studien-aus-dem-maschinenbau","7":"has-post-title","8":"has-post-date","9":"has-post-category","10":"has-post-tag","11":"has-post-comment","12":"has-post-author","13":"","15":"first","16":"instock","17":"taxable","18":"shipping-taxable","19":"purchasable","20":"product-type-simple"},"acf":{"autor":"Ramer, Christina","orcid":"","ror":"","herausgeber":"","orcid_hrsg":"","rorhrsg":"","bearbeiter":"","sonstige_beteiligte_personen":"","untertitel":"","zusatz":"","jahr":"2018","zeitschrift":"","serie":"","serie_name":"","serie_band":"","serie_jahr":"","serie_titel_band":"","vortrage":"","issn":"","isbn":"","isbn13":"978-3-96147-153-9","seiten":"xiv, 188","sonstiges":"","band":312,"auflage":"","opus":"","dspace":"10771","e-isbn_pdf":"978-3-96147-154-6","doi":"https:\/\/doi.org\/10.25593\/978-3-96147-154-6","epub":"","e-isbn_epub":"","doi_epub":"","html":"","e-isbn_html":"","doi_html":"","e-isbn_reader":"","doi_reader":"","digibib":"","urn":"urn:nbn:de:bvb:29-opus4-107710","supplementary_material":"","sprache":["Deutsch"],"ausgabe":"Softcover","suche":" 9783961471539 9783961471546  ","lizenz":"BY-NC-ND-4","bemerkung":""},"builder_content":"","_links":{"self":[{"href":"https:\/\/www.university-press.fau.de\/en\/wp-json\/wp\/v2\/product\/1492","targetHints":{"allow":["GET"]}}],"collection":[{"href":"https:\/\/www.university-press.fau.de\/en\/wp-json\/wp\/v2\/product"}],"about":[{"href":"https:\/\/www.university-press.fau.de\/en\/wp-json\/wp\/v2\/types\/product"}],"replies":[{"embeddable":true,"href":"https:\/\/www.university-press.fau.de\/en\/wp-json\/wp\/v2\/comments?post=1492"}],"wp:featuredmedia":[{"embeddable":true,"href":"https:\/\/www.university-press.fau.de\/en\/wp-json\/wp\/v2\/media\/1625"}],"wp:attachment":[{"href":"https:\/\/www.university-press.fau.de\/en\/wp-json\/wp\/v2\/media?parent=1492"}],"wp:term":[{"taxonomy":"product_brand","embeddable":true,"href":"https:\/\/www.university-press.fau.de\/en\/wp-json\/wp\/v2\/product_brand?post=1492"},{"taxonomy":"product_cat","embeddable":true,"href":"https:\/\/www.university-press.fau.de\/en\/wp-json\/wp\/v2\/product_cat?post=1492"},{"taxonomy":"product_tag","embeddable":true,"href":"https:\/\/www.university-press.fau.de\/en\/wp-json\/wp\/v2\/product_tag?post=1492"}],"curies":[{"name":"wp","href":"https:\/\/api.w.org\/{rel}","templated":true}]}}