{"id":1493,"date":"2022-10-24T15:05:11","date_gmt":"2022-10-24T13:05:11","guid":{"rendered":"https:\/\/www.university-press.fau.de\/produkt\/architektur-applikationsspezifischer-multi-physics-simulationskonfiguratoren-am-beispiel-modularer-triebzuege\/"},"modified":"2025-03-25T07:14:22","modified_gmt":"2025-03-25T06:14:22","slug":"978-3-96147-184-3","status":"publish","type":"product","link":"https:\/\/www.university-press.fau.de\/en\/product\/978-3-96147-184-3\/","title":{"rendered":"Architektur applikationsspezifischer Multi-Physics-Simulationskonfiguratoren am Beispiel modularer Triebz\u00fcge"},"content":{"rendered":"<p>The development of highly digitized products and systems challenges manufacturers to master increasing technical complexity. Alongside development, Digital Twins can provide aid in the verification process to ensure a flawless functionality - an approach, which is yet underrepresented. In order to evoke a change, holistic simulations under consideration of physical as well as control engineering mechanisms are essential, which can be achieved by using Multi-Physics models. This work presents an object-oriented Modelica-based model architecture to implement Digital Twins with the aforementioned functionality. The approach completes the missing model behavior and, moreover, features a modular, manifold configurability to address a function-driven development process that makes the product\u2019s composition follow its functionality. In this way, the complex interactions of a system\u2019s components with their exchangeable configuration is addressed in the field of analysis and verification in various stages of design, implementation and integration. The adoption of Digital Twins by means of common development tools can be realized through Functional Mock-Up interface (FMI), which enables the usage of Digital Twins for automated tests in a virtual environment, as well as the integration of existing models and their components into the Digital Twin. The method was validated using the example of high-velocity railway systems, which are characterized by their mixture of complex control systems, distributed traction motors and braking systems. Today, the system\u2019s complexity is prone to cause impermissible driving anomalies, such as longitudinal oscillations of the compartments. Applying the proposed Digital Twins to the virtual development process of trains, these incompatibilities and their resulting malfunctions can be revealed and thus avoided before the product development process is completed.<\/p>","protected":false},"excerpt":{"rendered":"<p>Die Entwicklung hochgradig digitalisierter Produkte und Anlagen stellt Hersteller vor die Herausforderung, die steigende technische Komplexit\u00e4t zu beherrschen. Dabei helfen Digitale Zwillinge. Die entwicklungsbegleitende Verifizierung, deren Aufgabe die Sicherstellung eines fehlerfrei funktionierenden Produktes ist, ist darin bislang unterrepr\u00e4sentiert. Um dies zu \u00e4ndern, muss das physikalische und steuerungstechnische Verhalten ebenfalls ber\u00fccksichtigt werden, wof\u00fcr die Inklusion multiphysikalischer [&hellip;]<\/p>\n","protected":false},"featured_media":1715,"comment_status":"open","ping_status":"closed","template":"","meta":{"_acf_changed":false},"product_brand":[],"product_cat":[34],"product_tag":[],"class_list":{"0":"post-1493","1":"product","2":"type-product","3":"status-publish","4":"has-post-thumbnail","6":"product_cat-fau-studien-aus-dem-maschinenbau","7":"has-post-title","8":"has-post-date","9":"has-post-category","10":"has-post-tag","11":"has-post-comment","12":"has-post-author","13":"","15":"first","16":"instock","17":"taxable","18":"shipping-taxable","19":"purchasable","20":"product-type-simple"},"acf":{"autor":"Meinel, David","orcid":"","ror":"","herausgeber":"","orcid_hrsg":"","rorhrsg":"","bearbeiter":"","sonstige_beteiligte_personen":"","untertitel":"","zusatz":"","jahr":"2019","zeitschrift":"","serie":"","serie_name":"","serie_band":"","serie_jahr":"","serie_titel_band":"","vortrage":"","issn":"","isbn":"","isbn13":"978-3-96147-184-3","seiten":"xii, 166","sonstiges":"","band":320,"auflage":"","opus":"","dspace":"10824","e-isbn_pdf":"978-3-96147-185-0","doi":"https:\/\/doi.org\/10.25593\/978-3-96147-185-0","epub":"","e-isbn_epub":"","doi_epub":"","html":"","e-isbn_html":"","doi_html":"","e-isbn_reader":"","doi_reader":"","digibib":"","urn":"urn:nbn:de:bvb:29-opus4-108248","supplementary_material":"","sprache":["Deutsch"],"ausgabe":"Softcover","suche":" 9783961471843 9783961471850  ","lizenz":"BY-NC-4","bemerkung":""},"builder_content":"","_links":{"self":[{"href":"https:\/\/www.university-press.fau.de\/en\/wp-json\/wp\/v2\/product\/1493","targetHints":{"allow":["GET"]}}],"collection":[{"href":"https:\/\/www.university-press.fau.de\/en\/wp-json\/wp\/v2\/product"}],"about":[{"href":"https:\/\/www.university-press.fau.de\/en\/wp-json\/wp\/v2\/types\/product"}],"replies":[{"embeddable":true,"href":"https:\/\/www.university-press.fau.de\/en\/wp-json\/wp\/v2\/comments?post=1493"}],"wp:featuredmedia":[{"embeddable":true,"href":"https:\/\/www.university-press.fau.de\/en\/wp-json\/wp\/v2\/media\/1715"}],"wp:attachment":[{"href":"https:\/\/www.university-press.fau.de\/en\/wp-json\/wp\/v2\/media?parent=1493"}],"wp:term":[{"taxonomy":"product_brand","embeddable":true,"href":"https:\/\/www.university-press.fau.de\/en\/wp-json\/wp\/v2\/product_brand?post=1493"},{"taxonomy":"product_cat","embeddable":true,"href":"https:\/\/www.university-press.fau.de\/en\/wp-json\/wp\/v2\/product_cat?post=1493"},{"taxonomy":"product_tag","embeddable":true,"href":"https:\/\/www.university-press.fau.de\/en\/wp-json\/wp\/v2\/product_tag?post=1493"}],"curies":[{"name":"wp","href":"https:\/\/api.w.org\/{rel}","templated":true}]}}