{"id":1498,"date":"2022-10-24T15:05:13","date_gmt":"2022-10-24T13:05:13","guid":{"rendered":"https:\/\/www.university-press.fau.de\/produkt\/erarbeitung-einer-methodik-zur-semiempirischen-ermittlung-der-umwandlungskinetik-durchhaertender-waelzlagerstaehle-fuer-die-waermebehandlungssimulation\/"},"modified":"2025-03-25T07:14:22","modified_gmt":"2025-03-25T06:14:22","slug":"978-3-96147-209-3","status":"publish","type":"product","link":"https:\/\/www.university-press.fau.de\/en\/product\/978-3-96147-209-3\/","title":{"rendered":"Erarbeitung einer Methodik zur semiempirischen Ermittlung der Umwandlungskinetik durchh\u00e4rtender W\u00e4lzlagerst\u00e4hle f\u00fcr die W\u00e4rmebehandlungssimulation"},"content":{"rendered":"<p>The numerical simulation of heat treatment processes is becoming increasingly important in the design of large and complex bearing components. Since the required thermophysical and thermomechanical material properties depend strongly on the microstructural composition of the material, a precise description of the phase transformation behavior is of crucial importance for the accuracy of the heat treatment simulation. Against this background, the overall objective of this work is to generate a more detailed understanding of the factors influencing the phase transformation of through hardening bearing steels and to develop a methodology for simplified determination and exact mathematical mapping of the transformation behavior for the FE simulation of heat treatment processes.<\/p>\n<p>The knowledge gained in this work enables a more efficient approach to the simulation of heat treatment processes, as the time and effort for characterizing new material batches as well as known materials with different austenitizing conditions is considerably reduced. In addition, the quality of the simulation results is significantly improved by the more accurate mapping of the transformation behavior.<\/p>","protected":false},"excerpt":{"rendered":"<p>Die numerische Simulation von W\u00e4rmebehandlungsprozessen gewinnt bei der Auslegung gro\u00dfer und komplexer W\u00e4lzlagerkomponenten zunehmend an Bedeutung. Da die hierf\u00fcr ben\u00f6tigten thermophysikalischen und thermomechanischen Werkstoffkennwerte stark von der jeweiligen Gef\u00fcgezusammensetzung des Werkstoffes abh\u00e4ngen, ist eine exakte Beschreibung des Umwandlungsverhaltens von entscheidender Bedeutung f\u00fcr die Genauigkeit der W\u00e4rmebehandlungssimulation. Vor diesem Hintergrund ist es das \u00fcbergeordnete Ziel dieser [&hellip;]<\/p>\n","protected":false},"featured_media":1726,"comment_status":"open","ping_status":"closed","template":"","meta":{"_acf_changed":false},"product_brand":[],"product_cat":[34],"product_tag":[],"class_list":{"0":"post-1498","1":"product","2":"type-product","3":"status-publish","4":"has-post-thumbnail","6":"product_cat-fau-studien-aus-dem-maschinenbau","7":"has-post-title","8":"has-post-date","9":"has-post-category","10":"has-post-tag","11":"has-post-comment","12":"has-post-author","13":"","15":"first","16":"instock","17":"taxable","18":"shipping-taxable","19":"purchasable","20":"product-type-simple"},"acf":{"autor":"Lutz, Stefan","orcid":"","ror":"","herausgeber":"","orcid_hrsg":"","rorhrsg":"","bearbeiter":"","sonstige_beteiligte_personen":"","untertitel":"","zusatz":"","jahr":"2019","zeitschrift":"","serie":"","serie_name":"","serie_band":"","serie_jahr":"","serie_titel_band":"","vortrage":"","issn":"","isbn":"","isbn13":"978-3-96147-209-3","seiten":"xiv, 189","sonstiges":"","band":325,"auflage":"","opus":"","dspace":"11315","e-isbn_pdf":"978-3-96147-210-9","doi":"https:\/\/doi.org\/10.25593\/978-3-96147-210-9","epub":"","e-isbn_epub":"","doi_epub":"","html":"","e-isbn_html":"","doi_html":"","e-isbn_reader":"","doi_reader":"","digibib":"","urn":"urn:nbn:de:bvb:29-opus4-113159","supplementary_material":"","sprache":["Deutsch"],"ausgabe":"Softcover","suche":" 9783961472093 9783961472109  ","lizenz":"BY-NC-4","bemerkung":""},"builder_content":"","_links":{"self":[{"href":"https:\/\/www.university-press.fau.de\/en\/wp-json\/wp\/v2\/product\/1498","targetHints":{"allow":["GET"]}}],"collection":[{"href":"https:\/\/www.university-press.fau.de\/en\/wp-json\/wp\/v2\/product"}],"about":[{"href":"https:\/\/www.university-press.fau.de\/en\/wp-json\/wp\/v2\/types\/product"}],"replies":[{"embeddable":true,"href":"https:\/\/www.university-press.fau.de\/en\/wp-json\/wp\/v2\/comments?post=1498"}],"wp:featuredmedia":[{"embeddable":true,"href":"https:\/\/www.university-press.fau.de\/en\/wp-json\/wp\/v2\/media\/1726"}],"wp:attachment":[{"href":"https:\/\/www.university-press.fau.de\/en\/wp-json\/wp\/v2\/media?parent=1498"}],"wp:term":[{"taxonomy":"product_brand","embeddable":true,"href":"https:\/\/www.university-press.fau.de\/en\/wp-json\/wp\/v2\/product_brand?post=1498"},{"taxonomy":"product_cat","embeddable":true,"href":"https:\/\/www.university-press.fau.de\/en\/wp-json\/wp\/v2\/product_cat?post=1498"},{"taxonomy":"product_tag","embeddable":true,"href":"https:\/\/www.university-press.fau.de\/en\/wp-json\/wp\/v2\/product_tag?post=1498"}],"curies":[{"name":"wp","href":"https:\/\/api.w.org\/{rel}","templated":true}]}}