{"id":1499,"date":"2022-10-24T15:05:14","date_gmt":"2022-10-24T13:05:14","guid":{"rendered":"https:\/\/www.university-press.fau.de\/produkt\/technisch-wirtschaftliche-optionen-zur-lastflexibilisierung-durch-intelligente-elektrische-waermespeicher\/"},"modified":"2025-03-25T07:14:22","modified_gmt":"2025-03-25T06:14:22","slug":"978-3-96147-219-2","status":"publish","type":"product","link":"https:\/\/www.university-press.fau.de\/en\/product\/978-3-96147-219-2\/","title":{"rendered":"Technisch-wirtschaftliche Optionen zur Lastflexibilisierung durch intelligente elektrische W\u00e4rmespeicher"},"content":{"rendered":"<p>Der partei\u00fcbergreifende Beschluss zum Ausstieg aus der Kernenergie wird das Energieversorgungssystem k\u00fcnftig vor gro\u00dfe Herausforderungen stellen. Die Integration erneuerbarer Energieerzeugungsanlagen, insbesondere der Photovoltaik- und Windkraftanlagen rufen durch die starke Abh\u00e4ngigkeit von der aktuellen Wettersituation ein stark volatiles Einspeiseverhalten hervor. Dieses f\u00fchrt zusehends zu zunehmenden Anstrengungen in der Sicherstellung des Leistungsgleichgewichts zum Erhalt der Systemstabilit\u00e4t. Wie die Analyse im Rahmen dieser Arbeit zeigt, bietet das Lastmanagement innerhalb des Sektors des privaten Wohnens, der einen Anteil von 25 % am Gesamtstrombedarf in Deutschland aufweist, ein gro\u00dfes Potential. Detailliertere Betrachtungen der elektrischen Verbraucher f\u00fchren zu dem Schluss, dass sich insbesondere Ger\u00e4te eignen, die eine M\u00f6glichkeit der zeitlichen Entkoppelung zwischen der Funktionserf\u00fcllung bzw. der Zustandserhaltung und der Nutzerinteraktion aufweisen Die in dieser Arbeit ermittelten Verm\u00f6gen unterschiedlicher elektrischer Ger\u00e4te im Bereich des privaten Wohnens zeigen, dass vor allem elektrische W\u00e4rmespeicher, mit deren Technik noch jede 25. Wohnung in Deutschland beheizt wird, eine erschlie\u00dfbare Schaltleistung in H\u00f6he von 17,6 GW und eine theoretische Speicherkapazit\u00e4t von 140 GWh aufweisen.<\/p>\n<p>Basierend auf dieser Erkenntnis wurde ein IuK-Konzept als Nachr\u00fcstlosung entwickelt, das eine Abkehr der bisherigen parallelen Massenansteuerung der Ger\u00e4te zul\u00e4sst und einen unidirektionalen Informationsfluss erlaubt. Dadurch wird das Energieversorgungsunternehmen bef\u00e4higt eine Leistungsskalierung der Verbraucher vorzunehmen und somit elektrische \u00dcbersch\u00fcsse ideal zu verwerten. Die praktische Umsetzung und funktionale Erprobung dieses Ansatzes zeigt, dass der Energieversorger dadurch imstande ist, aktuell verf\u00fcgbare Speicherkapazit\u00e4ten und Schaltleistungen der elektrischen W\u00e4rmespeicher abzurufen und entsprechend in Echtzeit auf die aktuelle Netzlast zu reagieren.<\/p>\n<p>Diese Entwicklung stellt einen weiteren konsequenten Schritt auf dem Weg hin zu einer dezentralen, auf regenerativen Energietr\u00e4gern basierenden Stromerzeugung dar. Dadurch wird eine M\u00f6glichkeit skizziert, wie unter Einbeziehung von Endkunden eine anteilige Aktivierung des vorhandenen latenten Speicherpotentials erzielt werden kann.<\/p>","protected":false},"excerpt":{"rendered":"<p>Der partei\u00fcbergreifende Beschluss zum Ausstieg aus der Kernenergie wird das Energieversorgungssystem k\u00fcnftig vor gro\u00dfe Herausforderungen stellen. Die Integration erneuerbarer Energieerzeugungsanlagen, insbesondere der Photovoltaik- und Windkraftanlagen rufen durch die starke Abh\u00e4ngigkeit von der aktuellen Wettersituation ein stark volatiles Einspeiseverhalten hervor. Dieses f\u00fchrt zusehends zu zunehmenden Anstrengungen in der Sicherstellung des Leistungsgleichgewichts zum Erhalt der Systemstabilit\u00e4t. Wie [&hellip;]<\/p>\n","protected":false},"featured_media":1730,"comment_status":"open","ping_status":"closed","template":"","meta":{"_acf_changed":false},"product_brand":[],"product_cat":[34],"product_tag":[],"class_list":{"0":"post-1499","1":"product","2":"type-product","3":"status-publish","4":"has-post-thumbnail","6":"product_cat-fau-studien-aus-dem-maschinenbau","7":"has-post-title","8":"has-post-date","9":"has-post-category","10":"has-post-tag","11":"has-post-comment","12":"has-post-author","13":"","15":"first","16":"instock","17":"taxable","18":"shipping-taxable","19":"purchasable","20":"product-type-simple"},"acf":{"autor":"B\u00fcrner, Johannes","orcid":"","ror":"","herausgeber":"","orcid_hrsg":"","rorhrsg":"","bearbeiter":"","sonstige_beteiligte_personen":"","untertitel":"","zusatz":"","jahr":"2019","zeitschrift":"","serie":"","serie_name":"","serie_band":"","serie_jahr":"","serie_titel_band":"","vortrage":"","issn":"","isbn":"","isbn13":"978-3-96147-219-2","seiten":"xiv, 233","sonstiges":"","band":327,"auflage":"","opus":"","dspace":"11350","e-isbn_pdf":"978-3-96147-220-8","doi":"https:\/\/doi.org\/10.25593\/978-3-96147-220-8","epub":"","e-isbn_epub":"","doi_epub":"","html":"","e-isbn_html":"","doi_html":"","e-isbn_reader":"","doi_reader":"","digibib":"","urn":"urn:nbn:de:bvb:29-opus4-113502","supplementary_material":"","sprache":["Deutsch"],"ausgabe":"Softcover","suche":" 9783961472192 9783961472208  ","lizenz":"BY-NC-4","bemerkung":""},"builder_content":"","_links":{"self":[{"href":"https:\/\/www.university-press.fau.de\/en\/wp-json\/wp\/v2\/product\/1499","targetHints":{"allow":["GET"]}}],"collection":[{"href":"https:\/\/www.university-press.fau.de\/en\/wp-json\/wp\/v2\/product"}],"about":[{"href":"https:\/\/www.university-press.fau.de\/en\/wp-json\/wp\/v2\/types\/product"}],"replies":[{"embeddable":true,"href":"https:\/\/www.university-press.fau.de\/en\/wp-json\/wp\/v2\/comments?post=1499"}],"wp:featuredmedia":[{"embeddable":true,"href":"https:\/\/www.university-press.fau.de\/en\/wp-json\/wp\/v2\/media\/1730"}],"wp:attachment":[{"href":"https:\/\/www.university-press.fau.de\/en\/wp-json\/wp\/v2\/media?parent=1499"}],"wp:term":[{"taxonomy":"product_brand","embeddable":true,"href":"https:\/\/www.university-press.fau.de\/en\/wp-json\/wp\/v2\/product_brand?post=1499"},{"taxonomy":"product_cat","embeddable":true,"href":"https:\/\/www.university-press.fau.de\/en\/wp-json\/wp\/v2\/product_cat?post=1499"},{"taxonomy":"product_tag","embeddable":true,"href":"https:\/\/www.university-press.fau.de\/en\/wp-json\/wp\/v2\/product_tag?post=1499"}],"curies":[{"name":"wp","href":"https:\/\/api.w.org\/{rel}","templated":true}]}}