{"id":1500,"date":"2022-10-24T15:05:14","date_gmt":"2022-10-24T13:05:14","guid":{"rendered":"https:\/\/www.university-press.fau.de\/produkt\/modellbasierte-prozesskettenabbildung-ruehrreibgeschweisster-aluminiumhalbzeuge-zur-umformtechnischen-herstellung-hoechstfester-leichtbaustrukturteile\/"},"modified":"2025-03-25T07:14:22","modified_gmt":"2025-03-25T06:14:22","slug":"978-3-96147-217-8","status":"publish","type":"product","link":"https:\/\/www.university-press.fau.de\/en\/product\/978-3-96147-217-8\/","title":{"rendered":"Modellbasierte Prozesskettenabbildung r\u00fchrreibgeschwei\u00dfter Aluminiumhalbzeuge zur umformtechnischen Herstellung h\u00f6chstfester Leichtbaustrukturteile"},"content":{"rendered":"<p>A key factor for an efficiency increase in air plane and space ship manufacturing is the development of technologies for cost and resource efficient production of structural parts. High strength aluminum alloys show a high potential for the use in aerospace applications, nevertheless innovations are limited by the state of the art of shaping technologies. An advanced approach is to form large scale spherical parts from tailor welded blanks. Therefor it is essential to have the knowledge about the interactions along the process chain and be able to calculate their influence on final part properties and quality. Within this scientific work specific material characterization provides the basis for the understanding of heat treatment, forming and joining technology. Furthermore, to be able to fulfill multi criteria specifications in part and process design a methodology based on analytical and numerical models has been introduced and verified according its general applicability for the manufacturing of light-weight structural parts made of high strength aluminum.<\/p>","protected":false},"excerpt":{"rendered":"<p>Ein Schl\u00fcsselfaktor zur Steigerung der Effizienz im Luftverkehr und zur Intensivierung der zivilen Raumfahrt ist die Weiterentwicklung von Technologien zur kosten- und ressourcenschonenden Herstellung von Strukturteilen. Die Werkstoffgruppe der h\u00f6chstfesten Aluminiumlegierungen weist ein hohes Potenzial f\u00fcr den Einsatz in Luft- und Raumfahrzeugen auf, innovative Anwendungen werden jedoch durch den aktuellen Stand formgebender Fertigungstechnologien begrenzt. Ein [&hellip;]<\/p>\n","protected":false},"featured_media":1728,"comment_status":"open","ping_status":"closed","template":"","meta":{"_acf_changed":false},"product_brand":[],"product_cat":[34],"product_tag":[],"class_list":{"0":"post-1500","1":"product","2":"type-product","3":"status-publish","4":"has-post-thumbnail","6":"product_cat-fau-studien-aus-dem-maschinenbau","7":"has-post-title","8":"has-post-date","9":"has-post-category","10":"has-post-tag","11":"has-post-comment","12":"has-post-author","13":"","15":"first","16":"instock","17":"taxable","18":"shipping-taxable","19":"purchasable","20":"product-type-simple"},"acf":{"autor":"Gnibl, Tobias","orcid":"","ror":"","herausgeber":"","orcid_hrsg":"","rorhrsg":"","bearbeiter":"","sonstige_beteiligte_personen":"","untertitel":"","zusatz":"","jahr":"2019","zeitschrift":"","serie":"","serie_name":"","serie_band":"","serie_jahr":"","serie_titel_band":"","vortrage":"","issn":"","isbn":"","isbn13":"978-3-96147-217-8","seiten":"xii, 167","sonstiges":"","band":326,"auflage":"","opus":"","dspace":"12269","e-isbn_pdf":"978-3-96147-218-5","doi":"https:\/\/doi.org\/10.25593\/978-3-96147-218-5","epub":"","e-isbn_epub":"","doi_epub":"","html":"","e-isbn_html":"","doi_html":"","e-isbn_reader":"","doi_reader":"","digibib":"","urn":"urn:nbn:de:bvb:29-opus4-122696","supplementary_material":"","sprache":["Deutsch"],"ausgabe":"Softcover","suche":" 9783961472178 9783961472185  ","lizenz":"BY-NC-4","bemerkung":""},"builder_content":"","_links":{"self":[{"href":"https:\/\/www.university-press.fau.de\/en\/wp-json\/wp\/v2\/product\/1500","targetHints":{"allow":["GET"]}}],"collection":[{"href":"https:\/\/www.university-press.fau.de\/en\/wp-json\/wp\/v2\/product"}],"about":[{"href":"https:\/\/www.university-press.fau.de\/en\/wp-json\/wp\/v2\/types\/product"}],"replies":[{"embeddable":true,"href":"https:\/\/www.university-press.fau.de\/en\/wp-json\/wp\/v2\/comments?post=1500"}],"wp:featuredmedia":[{"embeddable":true,"href":"https:\/\/www.university-press.fau.de\/en\/wp-json\/wp\/v2\/media\/1728"}],"wp:attachment":[{"href":"https:\/\/www.university-press.fau.de\/en\/wp-json\/wp\/v2\/media?parent=1500"}],"wp:term":[{"taxonomy":"product_brand","embeddable":true,"href":"https:\/\/www.university-press.fau.de\/en\/wp-json\/wp\/v2\/product_brand?post=1500"},{"taxonomy":"product_cat","embeddable":true,"href":"https:\/\/www.university-press.fau.de\/en\/wp-json\/wp\/v2\/product_cat?post=1500"},{"taxonomy":"product_tag","embeddable":true,"href":"https:\/\/www.university-press.fau.de\/en\/wp-json\/wp\/v2\/product_tag?post=1500"}],"curies":[{"name":"wp","href":"https:\/\/api.w.org\/{rel}","templated":true}]}}