{"id":1507,"date":"2022-10-24T15:05:18","date_gmt":"2022-10-24T13:05:18","guid":{"rendered":"https:\/\/www.university-press.fau.de\/produkt\/qualitaet-und-zuverlaessigkeit-laserdirektstrukturierter-mechatronisch-integrierter-baugruppen-lds-mid\/"},"modified":"2025-03-25T07:43:45","modified_gmt":"2025-03-25T06:43:45","slug":"978-3-96147-252-9","status":"publish","type":"product","link":"https:\/\/www.university-press.fau.de\/en\/product\/978-3-96147-252-9\/","title":{"rendered":"Qualit\u00e4t und Zuverl\u00e4ssigkeit laserdirektstrukturierter mechatronisch integrierter Baugruppen (LDS-MID)"},"content":{"rendered":"<p>In consideration of the increasing demand for multifunctional mechatronic systems, MID technology offers promising potential for the production of highly integrated mechatronic assemblies in function-optimized designs. However, uncertainties with regard to quality and reliability inhibit the use of customized MID solutions, in particular in rough and safety-relevant areas. In this context, key factors influencing quality along the multi-stage and interdisciplinary manufacturing process of LDS-MID are highlighted and necessary measures for quality assurance in manufacturing explained. The further main focuses of the present work result from the characteristic failure causes and restrictions, which impair a broader expansion of LDSMID. These are the delamination of the metallization, the formation of conductor cracks as well as the thermal damage of conductors. Derived from this, systematic investigations pursue the objectives to determine and increase the adhesion strength of LDS metallization, to avoid conductor cracks under thermal load and to significantly increase the current carrying capacity by the use of metal core MID. Based on the methods and findings\ndeveloped, existing uncertainties regarding the suitability of LDS applications for use in demanding fields of application are reduced and useful indications for an effective enhancement of the robustness of LDS-MID are presented.<\/p>","protected":false},"excerpt":{"rendered":"<p>Angesichts des zunehmenden Bedarfs an multifunktionalen mechatronischen Systemen bietet die MID-Technologie vielversprechende Potenziale zur Herstellung hochintegrierter mechatronischer Baugruppen in funktionsoptimalem Design. Unsicherheiten hinsichtlich der Qualit\u00e4t und Zuverl\u00e4ssigkeit hemmen jedoch insbesondere in rauen und sicherheitsrelevanten Bereichen den Einsatz individueller MID-L\u00f6sungen. Vor diesem Hintergrund werden einleitend die wesentlichen qualit\u00e4tsbeeinflussenden Faktoren entlang des mehrstufigen, multidisziplin\u00e4ren Herstellungsprozesses von LDS-MID [&hellip;]<\/p>\n","protected":false},"featured_media":1752,"comment_status":"open","ping_status":"closed","template":"","meta":{"_acf_changed":false},"product_brand":[],"product_cat":[34],"product_tag":[],"class_list":{"0":"post-1507","1":"product","2":"type-product","3":"status-publish","4":"has-post-thumbnail","6":"product_cat-fau-studien-aus-dem-maschinenbau","7":"has-post-title","8":"has-post-date","9":"has-post-category","10":"has-post-tag","11":"has-post-comment","12":"has-post-author","13":"","15":"first","16":"instock","17":"taxable","18":"shipping-taxable","19":"purchasable","20":"product-type-simple"},"acf":{"autor":"Kuhn, Thomas","orcid":"","ror":"","herausgeber":"","orcid_hrsg":"","rorhrsg":"","bearbeiter":"","sonstige_beteiligte_personen":"","untertitel":"","zusatz":"","jahr":"2019","zeitschrift":"","serie":"","serie_name":"","serie_band":"","serie_jahr":"","serie_titel_band":"","vortrage":"","issn":"","isbn":"","isbn13":"978-3-96147-252-9","seiten":"ix, 152","sonstiges":"","band":334,"auflage":"","opus":"","dspace":"13080","e-isbn_pdf":"978-3-96147-253-6","doi":"https:\/\/doi.org\/10.25593\/978-3-96147-253-6","epub":"","e-isbn_epub":"","doi_epub":"","html":"","e-isbn_html":"","doi_html":"","e-isbn_reader":"","doi_reader":"","digibib":"","urn":"urn:nbn:de:bvb:29-opus4-130801","supplementary_material":"","sprache":["Deutsch"],"ausgabe":"Softcover","suche":" 9783961472529 9783961472536  ","lizenz":"BY-NC-4","bemerkung":""},"builder_content":"","_links":{"self":[{"href":"https:\/\/www.university-press.fau.de\/en\/wp-json\/wp\/v2\/product\/1507","targetHints":{"allow":["GET"]}}],"collection":[{"href":"https:\/\/www.university-press.fau.de\/en\/wp-json\/wp\/v2\/product"}],"about":[{"href":"https:\/\/www.university-press.fau.de\/en\/wp-json\/wp\/v2\/types\/product"}],"replies":[{"embeddable":true,"href":"https:\/\/www.university-press.fau.de\/en\/wp-json\/wp\/v2\/comments?post=1507"}],"wp:featuredmedia":[{"embeddable":true,"href":"https:\/\/www.university-press.fau.de\/en\/wp-json\/wp\/v2\/media\/1752"}],"wp:attachment":[{"href":"https:\/\/www.university-press.fau.de\/en\/wp-json\/wp\/v2\/media?parent=1507"}],"wp:term":[{"taxonomy":"product_brand","embeddable":true,"href":"https:\/\/www.university-press.fau.de\/en\/wp-json\/wp\/v2\/product_brand?post=1507"},{"taxonomy":"product_cat","embeddable":true,"href":"https:\/\/www.university-press.fau.de\/en\/wp-json\/wp\/v2\/product_cat?post=1507"},{"taxonomy":"product_tag","embeddable":true,"href":"https:\/\/www.university-press.fau.de\/en\/wp-json\/wp\/v2\/product_tag?post=1507"}],"curies":[{"name":"wp","href":"https:\/\/api.w.org\/{rel}","templated":true}]}}