{"id":1508,"date":"2022-10-24T15:05:19","date_gmt":"2022-10-24T13:05:19","guid":{"rendered":"https:\/\/www.university-press.fau.de\/produkt\/modellbasierte-zustands-und-prozessueberwachung-auf-basis-sozio-cyber-physischer-systeme\/"},"modified":"2025-03-25T07:43:45","modified_gmt":"2025-03-25T06:43:45","slug":"978-3-96147-256-7","status":"publish","type":"product","link":"https:\/\/www.university-press.fau.de\/en\/product\/978-3-96147-256-7\/","title":{"rendered":"Modellbasierte Zustands- und Prozess\u00fcberwachung auf Basis sozio-cyber-physischer Systeme"},"content":{"rendered":"<p>Within the scope of the fourth industrial revolution, Industry 4.0, the manufacturing industry is trying to optimize the traditional target figures of quality, costs and time as well as resource efficiency, flexibility, adaptability and resilience in volatile global markets. The focus  is on the development of smart factories, in which relevant objects and humans are interconnected . Cyber-physical systems (CPS) are used as sensorized and actuatorized, resilient and intelligent overall systems to control production processes, machines and product quality . The technical complexity of production systems and their associated maintenance processes are rising due to the demands on their adaptability and the increasing automation. Challenges in the development and implementation of CPS include the lack of interoperability and reference architecture concepts as well as the insufficiently defined interaction of people and CPS.<\/p>\n<p>Socio-cyber-physical systems (Socio-CPS) focus on bidirectional interaction of humans and CPS to address this problem. The scope and objective of this dissertation is to define Socio-CPS in the condition  and process monitoring of smart factories. This dissertation utilizes scenarios of Socio-CPS, holistically defines system architectures and validates the solutions developed in industrial applications. The successful implementation of Socio-CPS in three heterogeneous validation scenarios  proves the correctness and applicability of the solutions.<\/p>","protected":false},"excerpt":{"rendered":"<p>Die produzierende Industrie strebt im Rahmen der vierten industriellen Revolution, Industrie 4.0, die Optimierung der klassischen Zielgr\u00f6\u00dfen Qualit\u00e4t, Kosten und Zeit sowie Ressourceneffizienz, Flexibilit\u00e4t, Wandlungsf\u00e4higkeit und Resilienz in globalen, volatilen M\u00e4rkten an. Im Mittelpunkt steht die Entwicklung von Smart Factories, in denen sich relevante Objekte, Produktions-, Logistik- und Informationssysteme sowie der Mensch vernetzen. Cyber-physische Systeme [&hellip;]<\/p>\n","protected":false},"featured_media":2025,"comment_status":"open","ping_status":"closed","template":"","meta":{"_acf_changed":false},"product_brand":[],"product_cat":[34],"product_tag":[],"class_list":{"0":"post-1508","1":"product","2":"type-product","3":"status-publish","4":"has-post-thumbnail","6":"product_cat-fau-studien-aus-dem-maschinenbau","7":"has-post-title","8":"has-post-date","9":"has-post-category","10":"has-post-tag","11":"has-post-comment","12":"has-post-author","13":"","15":"first","16":"instock","17":"taxable","18":"shipping-taxable","19":"purchasable","20":"product-type-simple"},"acf":{"autor":"Fleischmann, Hans","orcid":"","ror":"","herausgeber":"","orcid_hrsg":"","rorhrsg":"","bearbeiter":"","sonstige_beteiligte_personen":"","untertitel":"","zusatz":"","jahr":"2019","zeitschrift":"","serie":"","serie_name":"","serie_band":"","serie_jahr":"","serie_titel_band":"","vortrage":"","issn":"","isbn":"","isbn13":"978-3-96147-256-7","seiten":"xi, 214","sonstiges":"","band":335,"auflage":"","opus":"","dspace":"13030","e-isbn_pdf":"978-3-96147-257-4","doi":"https:\/\/doi.org\/10.25593\/978-3-96147-257-4","epub":"","e-isbn_epub":"","doi_epub":"","html":"","e-isbn_html":"","doi_html":"","e-isbn_reader":"","doi_reader":"","digibib":"","urn":"urn:nbn:de:bvb:29-opus4-130301","supplementary_material":"","sprache":["Deutsch"],"ausgabe":"Softcover","suche":" 9783961472567 9783961472574  ","lizenz":"BY-NC-4","bemerkung":""},"builder_content":"","_links":{"self":[{"href":"https:\/\/www.university-press.fau.de\/en\/wp-json\/wp\/v2\/product\/1508","targetHints":{"allow":["GET"]}}],"collection":[{"href":"https:\/\/www.university-press.fau.de\/en\/wp-json\/wp\/v2\/product"}],"about":[{"href":"https:\/\/www.university-press.fau.de\/en\/wp-json\/wp\/v2\/types\/product"}],"replies":[{"embeddable":true,"href":"https:\/\/www.university-press.fau.de\/en\/wp-json\/wp\/v2\/comments?post=1508"}],"wp:featuredmedia":[{"embeddable":true,"href":"https:\/\/www.university-press.fau.de\/en\/wp-json\/wp\/v2\/media\/2025"}],"wp:attachment":[{"href":"https:\/\/www.university-press.fau.de\/en\/wp-json\/wp\/v2\/media?parent=1508"}],"wp:term":[{"taxonomy":"product_brand","embeddable":true,"href":"https:\/\/www.university-press.fau.de\/en\/wp-json\/wp\/v2\/product_brand?post=1508"},{"taxonomy":"product_cat","embeddable":true,"href":"https:\/\/www.university-press.fau.de\/en\/wp-json\/wp\/v2\/product_cat?post=1508"},{"taxonomy":"product_tag","embeddable":true,"href":"https:\/\/www.university-press.fau.de\/en\/wp-json\/wp\/v2\/product_tag?post=1508"}],"curies":[{"name":"wp","href":"https:\/\/api.w.org\/{rel}","templated":true}]}}