{"id":1510,"date":"2022-10-24T15:05:20","date_gmt":"2022-10-24T13:05:20","guid":{"rendered":"https:\/\/www.university-press.fau.de\/produkt\/datenerfassung-fuer-die-anwendung-lernender-algorithmen-bei-der-herstellung-von-blechformteilen\/"},"modified":"2025-03-25T07:43:45","modified_gmt":"2025-03-25T06:43:45","slug":"978-3-96147-281-9","status":"publish","type":"product","link":"https:\/\/www.university-press.fau.de\/en\/product\/978-3-96147-281-9\/","title":{"rendered":"Datenerfassung f\u00fcr die Anwendung lernender Algorithmen bei der Herstellung von Blechformteilen"},"content":{"rendered":"<p>The process of industrially producing shaped sheet metal parts is influenced by a large number of fluctuating factors. Therefore, quality problems appear to occur randomly and cause defective parts and a loss of productivity. A suitable way to improve these processes is the application of data analysis and statistical methods like machine learning, which require a large amount of data. So far, the data base and suitable methods for data acquisition are lacking for the use of these methods.<\/p>\n<p>Therefore, in this work, a generally valid and transferable method for recording and saving relevant influencing and resultant variables during the series production of sheet metal parts has been developed. This method and the resulting data are the basis for the analysis of correlations in the process, the prediction of quality by learning algorithms and the calculation of suitable press settings. These use cases were tested in the work and the results were evaluated. Thus, the functionality of the data acquisition and the expected potentials could be confirmed.<\/p>","protected":false},"excerpt":{"rendered":"<p>Der industrielle Fertigungsprozess von Blechformteilen unterliegt dem Einfluss einer Vielzahl von Parameterschwankungen, die das Umformergebnis signifikant mitbestimmen. Daher treten Qualit\u00e4tsprobleme scheinbar zuf\u00e4llig auf und verursachen Ausschuss und einen Verlust an Produktivit\u00e4t. Ein vielversprechendes Mittel zur Verbesserung derartiger Prozesse ist der Einsatz von Datenanalysen und lernenden Algorithmen, die jedoch eine gro\u00dfe Datenmenge voraussetzten. Bisher fehlten die [&hellip;]<\/p>\n","protected":false},"featured_media":2031,"comment_status":"open","ping_status":"closed","template":"","meta":{"_acf_changed":false},"product_brand":[],"product_cat":[34],"product_tag":[],"class_list":{"0":"post-1510","1":"product","2":"type-product","3":"status-publish","4":"has-post-thumbnail","6":"product_cat-fau-studien-aus-dem-maschinenbau","7":"has-post-title","8":"has-post-date","9":"has-post-category","10":"has-post-tag","11":"has-post-comment","12":"has-post-author","13":"","15":"first","16":"instock","17":"taxable","18":"shipping-taxable","19":"purchasable","20":"product-type-simple"},"acf":{"autor":"Purr, Stephan","orcid":"","ror":"","herausgeber":"","orcid_hrsg":"","rorhrsg":"","bearbeiter":"","sonstige_beteiligte_personen":"","untertitel":"","zusatz":"","jahr":"2020","zeitschrift":"","serie":"","serie_name":"","serie_band":"","serie_jahr":"","serie_titel_band":"","vortrage":"","issn":"","isbn":"","isbn13":"978-3-96147-281-9","seiten":"ix, 165","sonstiges":"","band":338,"auflage":"","opus":"","dspace":"13206","e-isbn_pdf":"978-3-96147-282-6","doi":"https:\/\/doi.org\/10.25593\/978-3-96147-282-6","epub":"","e-isbn_epub":"","doi_epub":"","html":"","e-isbn_html":"","doi_html":"","e-isbn_reader":"","doi_reader":"","digibib":"","urn":"urn:nbn:de:bvb:29-opus4-132062","supplementary_material":"","sprache":["Deutsch"],"ausgabe":"Softcover","suche":" 9783961472819 9783961472826  ","lizenz":"BY-NC-4","bemerkung":""},"builder_content":"","_links":{"self":[{"href":"https:\/\/www.university-press.fau.de\/en\/wp-json\/wp\/v2\/product\/1510","targetHints":{"allow":["GET"]}}],"collection":[{"href":"https:\/\/www.university-press.fau.de\/en\/wp-json\/wp\/v2\/product"}],"about":[{"href":"https:\/\/www.university-press.fau.de\/en\/wp-json\/wp\/v2\/types\/product"}],"replies":[{"embeddable":true,"href":"https:\/\/www.university-press.fau.de\/en\/wp-json\/wp\/v2\/comments?post=1510"}],"wp:featuredmedia":[{"embeddable":true,"href":"https:\/\/www.university-press.fau.de\/en\/wp-json\/wp\/v2\/media\/2031"}],"wp:attachment":[{"href":"https:\/\/www.university-press.fau.de\/en\/wp-json\/wp\/v2\/media?parent=1510"}],"wp:term":[{"taxonomy":"product_brand","embeddable":true,"href":"https:\/\/www.university-press.fau.de\/en\/wp-json\/wp\/v2\/product_brand?post=1510"},{"taxonomy":"product_cat","embeddable":true,"href":"https:\/\/www.university-press.fau.de\/en\/wp-json\/wp\/v2\/product_cat?post=1510"},{"taxonomy":"product_tag","embeddable":true,"href":"https:\/\/www.university-press.fau.de\/en\/wp-json\/wp\/v2\/product_tag?post=1510"}],"curies":[{"name":"wp","href":"https:\/\/api.w.org\/{rel}","templated":true}]}}