{"id":1512,"date":"2022-10-24T15:05:21","date_gmt":"2022-10-24T13:05:21","guid":{"rendered":"https:\/\/www.university-press.fau.de\/produkt\/kaltfliesspressen-von-gerad-und-schraegverzahnten-zahnraedern\/"},"modified":"2025-03-25T14:10:45","modified_gmt":"2025-03-25T13:10:45","slug":"978-3-96147-287-1","status":"publish","type":"product","link":"https:\/\/www.university-press.fau.de\/en\/product\/978-3-96147-287-1\/","title":{"rendered":"Kaltflie\u00dfpressen von gerad- und schr\u00e4gverzahnten Zahnr\u00e4dern"},"content":{"rendered":"<p>Zur Zahnradherstellung kommen aufgrund der erreichbaren Fertigungsgenauigkeit standardm\u00e4\u00dfig spanende Verfahren zur Anwendung. Unter wirtschaftlichen und \u00f6kologischen Gesichtspunkten bietet das Kaltflie\u00dfpressen aufgrund k\u00fcrzerer Fertigungszyklen und erh\u00f6hter Materialeffizienz eine Alternative. Zudem sind kaltflie\u00dfgepresste Zahnr\u00e4der durch eine prozessbedingte Verfestigung und eine faser\u00e4hnliche Gef\u00fcgestruktur im Einsatz belastbarer. Eine Variante des Vorw\u00e4rtsflie\u00dfpressens zur Herstellung von Zahnr\u00e4dern ist das sogenannte &#8222;Samanta&#8220;-Verfahren. Der entscheidende Vorteil dieses Prozesses gegen\u00fcber klassischen Quer- und Vorw\u00e4rtsflie\u00dfpressverfahren besteht darin, dass kein Auswerfervorgang erforderlich ist. Neben einem positiven Effekt auf die erreichbare Mengenleistung wird eine Beeinflussung der Bauteilgenauigkeit beim Auswerfen der umgeformten Bauteile aus dem Werkzeugsystem vermieden. Um das &#8222;Samanta&#8220;-Verfahren in der Industrie einsetzen zu k\u00f6nnen, sind die erzielbare Verzahnungsqualit\u00e4t und die erreichbaren Werkzeugstandmengen zu steigern. Vor diesem Hintergrund fokussiert diese Arbeit auf die Ermittlung von funktionalen Zusammenh\u00e4ngen zwischen Zahnradparametern und Prozessgr\u00f6\u00dfen zur Schaffung eines grundlegenden Prozessverst\u00e4ndnisses f\u00fcr das Kaltflie\u00dfpressen von Zahnr\u00e4dern im \u201eSamanta\u201c-Verfahren. Auch ist die Erforschung von Methoden zur vorteilhaften Beeinflussung des Prozessergebnisses f\u00fcr die Ableitung von praxisrelevanten Empfehlungen zur Prozessauslegung ein zentraler Bestandteil dieser Arbeit<\/p>","protected":false},"excerpt":{"rendered":"<p>Zur Zahnradherstellung kommen aufgrund der erreichbaren Fertigungsgenauigkeit standardm\u00e4\u00dfig spanende Verfahren zur Anwendung. Unter wirtschaftlichen und \u00f6kologischen Gesichtspunkten bietet das Kaltflie\u00dfpressen aufgrund k\u00fcrzerer Fertigungszyklen und erh\u00f6hter Materialeffizienz eine Alternative. Zudem sind kaltflie\u00dfgepresste Zahnr\u00e4der durch eine prozessbedingte Verfestigung und eine faser\u00e4hnliche Gef\u00fcgestruktur im Einsatz belastbarer. Eine Variante des Vorw\u00e4rtsflie\u00dfpressens zur Herstellung von Zahnr\u00e4dern ist das sogenannte &#8222;Samanta&#8220;-Verfahren. [&hellip;]<\/p>\n","protected":false},"featured_media":2033,"comment_status":"open","ping_status":"closed","template":"","meta":{"_acf_changed":false},"product_brand":[],"product_cat":[34],"product_tag":[],"class_list":{"0":"post-1512","1":"product","2":"type-product","3":"status-publish","4":"has-post-thumbnail","6":"product_cat-fau-studien-aus-dem-maschinenbau","7":"has-post-title","8":"has-post-date","9":"has-post-category","10":"has-post-tag","11":"has-post-comment","12":"has-post-author","13":"","15":"first","16":"instock","17":"taxable","18":"shipping-taxable","19":"purchasable","20":"product-type-simple"},"acf":{"autor":"Kiener, Christoph","orcid":"","ror":"","herausgeber":"","orcid_hrsg":"","rorhrsg":"","bearbeiter":"","sonstige_beteiligte_personen":"","untertitel":"","zusatz":"","jahr":"2020","zeitschrift":"","serie":"","serie_name":"","serie_band":"","serie_jahr":"","serie_titel_band":"","vortrage":"","issn":"","isbn":"","isbn13":"978-3-96147-287-1","seiten":"197","sonstiges":"","band":339,"auflage":"","opus":"","dspace":"13505","e-isbn_pdf":"978-3-96147-288-8","doi":"https:\/\/doi.org\/10.25593\/978-3-96147-288-8","epub":"","e-isbn_epub":"","doi_epub":"","html":"","e-isbn_html":"","doi_html":"","e-isbn_reader":"","doi_reader":"","digibib":"","urn":"urn:nbn:de:bvb:29-opus4-135053","supplementary_material":"","sprache":["Deutsch"],"ausgabe":"Softcover","suche":" 9783961472871 9783961472888  ","lizenz":"BY-NC-4","bemerkung":""},"builder_content":"","_links":{"self":[{"href":"https:\/\/www.university-press.fau.de\/en\/wp-json\/wp\/v2\/product\/1512","targetHints":{"allow":["GET"]}}],"collection":[{"href":"https:\/\/www.university-press.fau.de\/en\/wp-json\/wp\/v2\/product"}],"about":[{"href":"https:\/\/www.university-press.fau.de\/en\/wp-json\/wp\/v2\/types\/product"}],"replies":[{"embeddable":true,"href":"https:\/\/www.university-press.fau.de\/en\/wp-json\/wp\/v2\/comments?post=1512"}],"wp:featuredmedia":[{"embeddable":true,"href":"https:\/\/www.university-press.fau.de\/en\/wp-json\/wp\/v2\/media\/2033"}],"wp:attachment":[{"href":"https:\/\/www.university-press.fau.de\/en\/wp-json\/wp\/v2\/media?parent=1512"}],"wp:term":[{"taxonomy":"product_brand","embeddable":true,"href":"https:\/\/www.university-press.fau.de\/en\/wp-json\/wp\/v2\/product_brand?post=1512"},{"taxonomy":"product_cat","embeddable":true,"href":"https:\/\/www.university-press.fau.de\/en\/wp-json\/wp\/v2\/product_cat?post=1512"},{"taxonomy":"product_tag","embeddable":true,"href":"https:\/\/www.university-press.fau.de\/en\/wp-json\/wp\/v2\/product_tag?post=1512"}],"curies":[{"name":"wp","href":"https:\/\/api.w.org\/{rel}","templated":true}]}}