{"id":1520,"date":"2022-10-24T15:05:25","date_gmt":"2022-10-24T13:05:25","guid":{"rendered":"https:\/\/www.university-press.fau.de\/produkt\/laserbasiertes-schmelzkleben-von-thermoplasten-mit-metallen\/"},"modified":"2025-03-25T14:10:45","modified_gmt":"2025-03-25T13:10:45","slug":"978-3-96147-326-7","status":"publish","type":"product","link":"https:\/\/www.university-press.fau.de\/en\/product\/978-3-96147-326-7\/","title":{"rendered":"Laserbasiertes Schmelzkleben von Thermoplasten mit Metallen"},"content":{"rendered":"<p>Predictable and reliable joining techniques play a key role for manufacturing multi-material components consisting of metals and plastics for industrial lightweight constructions. Limited by the state of the art there is a particular need for research on bonding plastics to metals. Laser-based hotmelt bonding is a promising not yet industrially established joining technique that has high potential to fulfill the requirements. However, a holistic understanding of the process is still missing. The focus of previous investigations was on the optimization of adhesion by surface pretreatment of metal. This scientific work gives an in-depth process understanding of laser-based hot-melt bonding without surface pretreatment.<\/p>\n<p>Considering the differences between plastics and metals calculation- and experiment-based investigations were performed to analyze the effect of process parameters, material properties, surface chemistry\/topography and ambient conditions on the hybrid joint. Based on the scientific results, a general calculation-based method for process design and optimization for laser-based hot-melt bonding was developed. This method allows a systematically identification of suitable process parameters with minimal experimental effort. Due to this fact, thermoplastic metal hybrids can now be joined reliable and efficient using laser-based hot-melt bonding.<\/p>","protected":false},"excerpt":{"rendered":"<p>Berechenbare und prozesssichere F\u00fcgeverfahren sind ein Schl\u00fcsselfaktor f\u00fcr die Fertigung ma\u00dfgeschneiderter Multimaterialbauteile aus Kunststoff und Metall f\u00fcr Leichtbauanwendungen. Nach dem aktuellen Stand der Technik und Forschung besteht vor allem f\u00fcr das Kleben von Kunststoff-Metall-Verbunde Forschungsbedarf. In dieser Arbeit wird deshalb das industriell noch nicht etablierte Verfahren des laserbasierten Schmelzklebens von Thermoplasten mit Metallen erforscht. Bisherige [&hellip;]<\/p>\n","protected":false},"featured_media":2049,"comment_status":"open","ping_status":"closed","template":"","meta":{"_acf_changed":false},"product_brand":[],"product_cat":[34],"product_tag":[],"class_list":{"0":"post-1520","1":"product","2":"type-product","3":"status-publish","4":"has-post-thumbnail","6":"product_cat-fau-studien-aus-dem-maschinenbau","7":"has-post-title","8":"has-post-date","9":"has-post-category","10":"has-post-tag","11":"has-post-comment","12":"has-post-author","13":"","15":"first","16":"instock","17":"taxable","18":"shipping-taxable","19":"purchasable","20":"product-type-simple"},"acf":{"autor":"Amend, Philipp","orcid":"","ror":"","herausgeber":"","orcid_hrsg":"","rorhrsg":"","bearbeiter":"","sonstige_beteiligte_personen":"","untertitel":"","zusatz":"","jahr":"2020","zeitschrift":"","serie":"","serie_name":"","serie_band":"","serie_jahr":"","serie_titel_band":"","vortrage":"","issn":"","isbn":"","isbn13":"978-3-96147-326-7","seiten":"XVI, 150","sonstiges":"","band":347,"auflage":"","opus":"","dspace":"14550","e-isbn_pdf":"978-3-96147-327-4","doi":"https:\/\/doi.org\/10.25593\/978-3-96147-327-4","epub":"","e-isbn_epub":"","doi_epub":"","html":"","e-isbn_html":"","doi_html":"","e-isbn_reader":"","doi_reader":"","digibib":"","urn":"urn:nbn:de:bvb:29-opus4-145504","supplementary_material":"","sprache":["Deutsch"],"ausgabe":"Softcover","suche":" 9783961473267 9783961473274  ","lizenz":"BY-NC-4","bemerkung":""},"builder_content":"","_links":{"self":[{"href":"https:\/\/www.university-press.fau.de\/en\/wp-json\/wp\/v2\/product\/1520","targetHints":{"allow":["GET"]}}],"collection":[{"href":"https:\/\/www.university-press.fau.de\/en\/wp-json\/wp\/v2\/product"}],"about":[{"href":"https:\/\/www.university-press.fau.de\/en\/wp-json\/wp\/v2\/types\/product"}],"replies":[{"embeddable":true,"href":"https:\/\/www.university-press.fau.de\/en\/wp-json\/wp\/v2\/comments?post=1520"}],"wp:featuredmedia":[{"embeddable":true,"href":"https:\/\/www.university-press.fau.de\/en\/wp-json\/wp\/v2\/media\/2049"}],"wp:attachment":[{"href":"https:\/\/www.university-press.fau.de\/en\/wp-json\/wp\/v2\/media?parent=1520"}],"wp:term":[{"taxonomy":"product_brand","embeddable":true,"href":"https:\/\/www.university-press.fau.de\/en\/wp-json\/wp\/v2\/product_brand?post=1520"},{"taxonomy":"product_cat","embeddable":true,"href":"https:\/\/www.university-press.fau.de\/en\/wp-json\/wp\/v2\/product_cat?post=1520"},{"taxonomy":"product_tag","embeddable":true,"href":"https:\/\/www.university-press.fau.de\/en\/wp-json\/wp\/v2\/product_tag?post=1520"}],"curies":[{"name":"wp","href":"https:\/\/api.w.org\/{rel}","templated":true}]}}