{"id":1533,"date":"2022-10-24T15:05:31","date_gmt":"2022-10-24T13:05:31","guid":{"rendered":"https:\/\/www.university-press.fau.de\/produkt\/modellierung-von-vorentwuerfen-in-der-virtuellen-realitaet-mit-natuerlicher-fingerinteraktion\/"},"modified":"2025-03-25T14:10:46","modified_gmt":"2025-03-25T13:10:46","slug":"978-3-96147-404-2","status":"publish","type":"product","link":"https:\/\/www.university-press.fau.de\/en\/product\/978-3-96147-404-2\/","title":{"rendered":"Modellierung von Vorentw\u00fcrfen in der virtuellen Realit\u00e4t mit nat\u00fcrlicher Fingerinteraktion"},"content":{"rendered":"<p>In addition to stereoscopic visualization, virtual and augmented reality technologies allow the use of natural user interfaces. In the context of digital product development, this provides enormous potential for a more intuitive, efficient and effective design of work steps that were previously carried out using a computer mouse and keyboard. This is of particular interest for the\npreliminary design, for which neither hand sketches nor current CAD applications represent ideal tools.<\/p>\n<p>In this context, a method for natural finger interaction is conceptualized, which is based on a combination of physical simulation and heuristic approaches. In order to assess the applicability of natural interaction in the CAD context, VR-based methods for CAD-assembly modelling and CAD-preliminary design modelling are elaborated. The method for preliminary design modelling, which is central to the present dissertation, enables the user to create the geometry of a preliminary design. Using natural finger interaction, basic bodies chosen from a modular box of building blocks can be created, modified and linked via boolean operations.<\/p>\n<p>The evaluation results of the performed user studies indicate significant efficiency advantages of natural finger interaction for the arrangement of objects in space for tasks with more than two degrees of freedom compared to interaction via computer mouse. Assembly modeling and preliminary design modeling also benefit significantly in terms of efficiency and learnability compared to user interfaces that are currently utilized. In summary, the investigations lead to the conclusion that natural finger interaction offers significant advantages for the CAD-modelling workflow in the context of preliminary design shape synthesis.<\/p>","protected":false},"excerpt":{"rendered":"<p>Die Technologien der virtuellen und der augmentierten Realit\u00e4t bieten neben der stereoskopischen Visualisierung zus\u00e4tzlich die M\u00f6glichkeit zum Einsatz nat\u00fcrlicher Benutzungsschnittstellen. Im Kontext der digitalen Produktentwicklung er\u00f6ffnet sich hierdurch das enorme Potenzial, bisher per Computermaus und Tastatur ausgef\u00fchrte Arbeitsschritte intuitiver, effizienter und effektiver zu gestalten. Dies ist besonders im Hinblick auf die Vorentwurfsgestaltung von gro\u00dfem Interesse, [&hellip;]<\/p>\n","protected":false},"featured_media":2168,"comment_status":"open","ping_status":"closed","template":"","meta":{"_acf_changed":false},"product_brand":[],"product_cat":[34],"product_tag":[],"class_list":{"0":"post-1533","1":"product","2":"type-product","3":"status-publish","4":"has-post-thumbnail","6":"product_cat-fau-studien-aus-dem-maschinenbau","7":"has-post-title","8":"has-post-date","9":"has-post-category","10":"has-post-tag","11":"has-post-comment","12":"has-post-author","13":"","15":"first","16":"instock","17":"taxable","18":"shipping-taxable","19":"purchasable","20":"product-type-simple"},"acf":{"autor":"Fechter, Marius Christian","orcid":"","ror":"","herausgeber":"","orcid_hrsg":"","rorhrsg":"","bearbeiter":"","sonstige_beteiligte_personen":"","untertitel":"","zusatz":"","jahr":"2021","zeitschrift":"","serie":"","serie_name":"","serie_band":"","serie_jahr":"","serie_titel_band":"","vortrage":"","issn":"","isbn":"","isbn13":"978-3-96147-404-2","seiten":"x, 188","sonstiges":"","band":362,"auflage":"","opus":"","dspace":"16065","e-isbn_pdf":"978-3-96147-405-9","doi":"https:\/\/doi.org\/10.25593\/978-3-96147-405-9","epub":"","e-isbn_epub":"","doi_epub":"","html":"","e-isbn_html":"","doi_html":"","e-isbn_reader":"","doi_reader":"","digibib":"","urn":"urn:nbn:de:bvb:29-opus4-160656","supplementary_material":"","sprache":["Deutsch"],"ausgabe":"Softcover","suche":" 9783961474042 9783961474059  ","lizenz":"BY-NC-4","bemerkung":""},"builder_content":"","_links":{"self":[{"href":"https:\/\/www.university-press.fau.de\/en\/wp-json\/wp\/v2\/product\/1533","targetHints":{"allow":["GET"]}}],"collection":[{"href":"https:\/\/www.university-press.fau.de\/en\/wp-json\/wp\/v2\/product"}],"about":[{"href":"https:\/\/www.university-press.fau.de\/en\/wp-json\/wp\/v2\/types\/product"}],"replies":[{"embeddable":true,"href":"https:\/\/www.university-press.fau.de\/en\/wp-json\/wp\/v2\/comments?post=1533"}],"wp:featuredmedia":[{"embeddable":true,"href":"https:\/\/www.university-press.fau.de\/en\/wp-json\/wp\/v2\/media\/2168"}],"wp:attachment":[{"href":"https:\/\/www.university-press.fau.de\/en\/wp-json\/wp\/v2\/media?parent=1533"}],"wp:term":[{"taxonomy":"product_brand","embeddable":true,"href":"https:\/\/www.university-press.fau.de\/en\/wp-json\/wp\/v2\/product_brand?post=1533"},{"taxonomy":"product_cat","embeddable":true,"href":"https:\/\/www.university-press.fau.de\/en\/wp-json\/wp\/v2\/product_cat?post=1533"},{"taxonomy":"product_tag","embeddable":true,"href":"https:\/\/www.university-press.fau.de\/en\/wp-json\/wp\/v2\/product_tag?post=1533"}],"curies":[{"name":"wp","href":"https:\/\/api.w.org\/{rel}","templated":true}]}}