{"id":1534,"date":"2022-10-24T15:05:32","date_gmt":"2022-10-24T13:05:32","guid":{"rendered":"https:\/\/www.university-press.fau.de\/produkt\/closed-loop-control-of-a-storage-supported-hybrid-compensation-system-for-improving-the-power-quality-in-medium-voltage-networks\/"},"modified":"2025-03-25T14:10:46","modified_gmt":"2025-03-25T13:10:46","slug":"978-3-96147-402-8","status":"publish","type":"product","link":"https:\/\/www.university-press.fau.de\/en\/product\/978-3-96147-402-8\/","title":{"rendered":"Closed-Loop Control of a Storage-Supported Hybrid Compensation System for Improving the Power Quality in Medium Voltage Networks"},"content":{"rendered":"<p>Both the operation of power electronic feeders as well as consumers in electrical grids and the transition to electricity generation based on renewable plants create challenges with regard to voltage quality in electrical grids. Therefore within this thesis a control concept of a storage supported device for the simultaneous provision of various system services is elaborated, analyzed and evaluated. Moreover, an approach for the energy and power management of the energy storage of this plant is presented. Essential topics of the examination are the determination of the present level of power quality, the derivation of suitable power quality indicators as well as the power distribution to the system services. In addition, the storage technologies redox-flow battery and flywheel storage, are implemented using models and combined into a hybrid storage system. For operation of the storage system with maximum efficiency an approach depending on the power values and state of charge values of the stores is investigated.<\/p>","protected":false},"excerpt":{"rendered":"<p>Sowohl mit dem Betrieb von leistungselektronischen Einspeisern sowie Verbrauchern in elektrischen Netzen als auch dem \u00dcbergang zu einer elektrischen Energieerzeugung auf Basis regenerativer Kraftwerke gehen Herausforderungen f\u00fcr die Spannungsqualit\u00e4t in elektrischen Netzen einher. Daher wird im Rahmen dieser Arbeit ein Regelungskonzept einer speicherunterst\u00fctzten hybriden Kompensationsanlage zur gleichzeitigen Bereitstellung verschiedener Systemdienstleistungen erarbeitet, analysiert und bewertet. Dar\u00fcber [&hellip;]<\/p>\n","protected":false},"featured_media":2164,"comment_status":"open","ping_status":"closed","template":"","meta":{"_acf_changed":false},"product_brand":[],"product_cat":[34],"product_tag":[],"class_list":{"0":"post-1534","1":"product","2":"type-product","3":"status-publish","4":"has-post-thumbnail","6":"product_cat-fau-studien-aus-dem-maschinenbau","7":"has-post-title","8":"has-post-date","9":"has-post-category","10":"has-post-tag","11":"has-post-comment","12":"has-post-author","13":"","15":"first","16":"instock","17":"taxable","18":"shipping-taxable","19":"purchasable","20":"product-type-simple"},"acf":{"autor":"Merkl, Ralf ","orcid":"","ror":"","herausgeber":"","orcid_hrsg":"","rorhrsg":"","bearbeiter":"","sonstige_beteiligte_personen":"","untertitel":"","zusatz":"","jahr":"2021","zeitschrift":"","serie":"","serie_name":"","serie_band":"","serie_jahr":"","serie_titel_band":"","vortrage":"","issn":"","isbn":"","isbn13":"978-3-96147-402-8","seiten":"xxvii, 200","sonstiges":"","band":360,"auflage":"","opus":"","dspace":"16012","e-isbn_pdf":"978-3-96147-403-5","doi":"https:\/\/doi.org\/10.25593\/978-3-96147-403-5","epub":"","e-isbn_epub":"","doi_epub":"","html":"","e-isbn_html":"","doi_html":"","e-isbn_reader":"","doi_reader":"","digibib":"","urn":"urn:nbn:de:bvb:29-opus4-160129","supplementary_material":"","sprache":["Englisch"],"ausgabe":"Softcover","suche":" 9783961474028 9783961474035  ","lizenz":"BY-NC-4","bemerkung":""},"builder_content":"","_links":{"self":[{"href":"https:\/\/www.university-press.fau.de\/en\/wp-json\/wp\/v2\/product\/1534","targetHints":{"allow":["GET"]}}],"collection":[{"href":"https:\/\/www.university-press.fau.de\/en\/wp-json\/wp\/v2\/product"}],"about":[{"href":"https:\/\/www.university-press.fau.de\/en\/wp-json\/wp\/v2\/types\/product"}],"replies":[{"embeddable":true,"href":"https:\/\/www.university-press.fau.de\/en\/wp-json\/wp\/v2\/comments?post=1534"}],"wp:featuredmedia":[{"embeddable":true,"href":"https:\/\/www.university-press.fau.de\/en\/wp-json\/wp\/v2\/media\/2164"}],"wp:attachment":[{"href":"https:\/\/www.university-press.fau.de\/en\/wp-json\/wp\/v2\/media?parent=1534"}],"wp:term":[{"taxonomy":"product_brand","embeddable":true,"href":"https:\/\/www.university-press.fau.de\/en\/wp-json\/wp\/v2\/product_brand?post=1534"},{"taxonomy":"product_cat","embeddable":true,"href":"https:\/\/www.university-press.fau.de\/en\/wp-json\/wp\/v2\/product_cat?post=1534"},{"taxonomy":"product_tag","embeddable":true,"href":"https:\/\/www.university-press.fau.de\/en\/wp-json\/wp\/v2\/product_tag?post=1534"}],"curies":[{"name":"wp","href":"https:\/\/api.w.org\/{rel}","templated":true}]}}