{"id":1536,"date":"2022-10-24T15:05:33","date_gmt":"2022-10-24T13:05:33","guid":{"rendered":"https:\/\/www.university-press.fau.de\/produkt\/oberflaechenmodifizierung-und-entwicklung-einer-auswertemethodik-zur-verschleisscharakterisierung-im-presshaerteprozess\/"},"modified":"2025-03-25T14:10:46","modified_gmt":"2025-03-25T13:10:46","slug":"978-3-96147-406-6","status":"publish","type":"product","link":"https:\/\/www.university-press.fau.de\/en\/product\/978-3-96147-406-6\/","title":{"rendered":"Oberfl\u00e4chenmodifizierung und Entwicklung einer Auswertemethodik zur Verschlei\u00dfcharakterisierung im Pressh\u00e4rteprozess"},"content":{"rendered":"<p>Growing environmental awareness and the steady rise in vehicle numbers are key challenges for the automotive industry to develop new car concepts. Hot stamping is an established manufacturing process for ensuring occupant safety while reducing the component weight. Compared with conventional forming processes, the tools are subject to massive wear due to the high thermo-mechanical stresses. In order to ensure consistent component quality and reduce maintenance, a suitable wear protection of the tools is required. In this work, two approaches were investigated to increase the wear resistance of hot stamping tools. For this purpose, a laser alloying process and surface coatings were used. The focus of the investigation was on deriving the influence of different alloying elements and element concentrations on the wear behavior. Another essential part of this work was the development of a suitable evaluation methodology in order to determine the wear volume, which enables an evaluation of the different modified surfaces regarding their wear tendency. In the final step, the surface modification was transferred to simple component geometries to ensure its applicability to the hot stamping process.<\/p>","protected":false},"excerpt":{"rendered":"<p>Das wachsende Umweltbewusstsein und der stetige Anstieg der Fahrzeugzahlen stellen in der Automobilindustrie zentrale Herausforderungen dar, um neue Fahrzeugkonzepte zu entwickeln. Zur Sicherstellung der Insassensicherheit bei gleichzeitiger Gewichtsreduktion findet als etabliertes Fertigungsverfahren das Pressh\u00e4rten Anwendung. Im Vergleich zu konventionellen Umformverfahren sind die Werkzeuge aufgrund der hohen thermo-mechanischen Beanspruchungen massiven Verschlei\u00dferscheinungen ausgesetzt. Um eine gleichbleibende Bauteilqualit\u00e4t [&hellip;]<\/p>\n","protected":false},"featured_media":2170,"comment_status":"open","ping_status":"closed","template":"","meta":{"_acf_changed":false},"product_brand":[],"product_cat":[34],"product_tag":[],"class_list":{"0":"post-1536","1":"product","2":"type-product","3":"status-publish","4":"has-post-thumbnail","6":"product_cat-fau-studien-aus-dem-maschinenbau","7":"has-post-title","8":"has-post-date","9":"has-post-category","10":"has-post-tag","11":"has-post-comment","12":"has-post-author","13":"","15":"first","16":"instock","17":"taxable","18":"shipping-taxable","19":"purchasable","20":"product-type-simple"},"acf":{"autor":"Neubauer, Franziska","orcid":"","ror":"","herausgeber":"","orcid_hrsg":"","rorhrsg":"","bearbeiter":"","sonstige_beteiligte_personen":"","untertitel":"","zusatz":"","jahr":"2021","zeitschrift":"","serie":"","serie_name":"","serie_band":"","serie_jahr":"","serie_titel_band":"","vortrage":"","issn":"","isbn":"","isbn13":"978-3-96147-406-6","seiten":"ix, 177","sonstiges":"","band":363,"auflage":"","opus":"","dspace":"16322","e-isbn_pdf":"978-3-96147-407-3","doi":"https:\/\/doi.org\/10.25593\/978-3-96147-407-3","epub":"","e-isbn_epub":"","doi_epub":"","html":"","e-isbn_html":"","doi_html":"","e-isbn_reader":"","doi_reader":"","digibib":"","urn":"urn:nbn:de:bvb:29-opus4-163224","supplementary_material":"","sprache":["Deutsch"],"ausgabe":"Softcover","suche":" 9783961474066 9783961474073  ","lizenz":"BY-NC-4","bemerkung":""},"builder_content":"","_links":{"self":[{"href":"https:\/\/www.university-press.fau.de\/en\/wp-json\/wp\/v2\/product\/1536","targetHints":{"allow":["GET"]}}],"collection":[{"href":"https:\/\/www.university-press.fau.de\/en\/wp-json\/wp\/v2\/product"}],"about":[{"href":"https:\/\/www.university-press.fau.de\/en\/wp-json\/wp\/v2\/types\/product"}],"replies":[{"embeddable":true,"href":"https:\/\/www.university-press.fau.de\/en\/wp-json\/wp\/v2\/comments?post=1536"}],"wp:featuredmedia":[{"embeddable":true,"href":"https:\/\/www.university-press.fau.de\/en\/wp-json\/wp\/v2\/media\/2170"}],"wp:attachment":[{"href":"https:\/\/www.university-press.fau.de\/en\/wp-json\/wp\/v2\/media?parent=1536"}],"wp:term":[{"taxonomy":"product_brand","embeddable":true,"href":"https:\/\/www.university-press.fau.de\/en\/wp-json\/wp\/v2\/product_brand?post=1536"},{"taxonomy":"product_cat","embeddable":true,"href":"https:\/\/www.university-press.fau.de\/en\/wp-json\/wp\/v2\/product_cat?post=1536"},{"taxonomy":"product_tag","embeddable":true,"href":"https:\/\/www.university-press.fau.de\/en\/wp-json\/wp\/v2\/product_tag?post=1536"}],"curies":[{"name":"wp","href":"https:\/\/api.w.org\/{rel}","templated":true}]}}