{"id":1550,"date":"2022-10-24T15:05:42","date_gmt":"2022-10-24T13:05:42","guid":{"rendered":"https:\/\/www.university-press.fau.de\/produkt\/messverfahren-fuer-die-pulverbettbasierte-additive-fertigung-zur-sicherstellung-der-konformitaet-mit-geometrischen-produktspezifikationen\/"},"modified":"2025-03-25T14:10:49","modified_gmt":"2025-03-25T13:10:49","slug":"978-3-96147-463-9","status":"publish","type":"product","link":"https:\/\/www.university-press.fau.de\/en\/product\/978-3-96147-463-9\/","title":{"rendered":"Messverfahren f\u00fcr die pulverbettbasierte additive Fertigung zur Sicherstellung der Konformit\u00e4t mit geometrischen Produktspezifikationen"},"content":{"rendered":"<p>Due to insufficient standards for in-process manufacturing and quality control, decisive prerequisites are still missing in additive manufacturing that are necessary for industrial series production. In addition to numerous efforts of various standardisation committees to standardise the additive manufacturing process gradually, the present work also deals with basic scientific methods for referenced in-process monitoring as well as derived approaches for the analysis of geometric manufacturing and measurement deviations. The aim is to contribute to a consistent procedure for process monitoring to ensure the conformity of geometric product specifications in additive manufacturing. In order to correct the detected geometric deviations during the process with appropriate control strategies, an exact allocation is necessary to be able to assign the measurement data precisely at any time of the manufacturing process in addition to a sufficient controllability. For a better assessment of the required comprehensive observability of the measured variables, a novel referencing concept for the position determination of the melt pool contours is provided, based on a powder bed based selective laser beam melting process. The acquisition of four referencing pipes, integrated in the powder bed, cause a shortening of the measuring circuit and increase the accuracy of the measurement data acquisition. This allows a better allocation of the causes of manufacturing and measurement deviations. Based on the referenced contour analysis of the melt pool and the detection of the shining heat radiation of the component contours after powder application, a metrological verification of lateral contour displacements is provided.<\/p>","protected":false},"excerpt":{"rendered":"<p>In der additiven Fertigung fehlen aufgrund unzureichender Standards zur prozessbegleitenden Fertigungs- und Qualit\u00e4tskontrolle derzeit entscheidende Voraussetzungen, die f\u00fcr eine industrielle Serienproduktion erforderlich sind. Neben zahlreichen Bem\u00fchungen verschiedener Normungsgremien den additiven Fertigungsprozess schrittweise zu standardisieren, besch\u00e4ftigt sich auch die vorliegende Arbeit mit grundlagenwissenschaftlichen Methoden zur referenzierten in-Prozess \u00dcberwachung sowie daraus abgeleiteten Ans\u00e4tzen zur Analyse geometrischer Fertigungs- [&hellip;]<\/p>\n","protected":false},"featured_media":2329,"comment_status":"open","ping_status":"closed","template":"","meta":{"_acf_changed":false},"product_brand":[],"product_cat":[34],"product_tag":[],"class_list":{"0":"post-1550","1":"product","2":"type-product","3":"status-publish","4":"has-post-thumbnail","6":"product_cat-fau-studien-aus-dem-maschinenbau","7":"has-post-title","8":"has-post-date","9":"has-post-category","10":"has-post-tag","11":"has-post-comment","12":"has-post-author","13":"","15":"first","16":"instock","17":"taxable","18":"shipping-taxable","19":"purchasable","20":"product-type-simple"},"acf":{"autor":"Lerchen, Martin","orcid":"","ror":"","herausgeber":"","orcid_hrsg":"","rorhrsg":"","bearbeiter":"","sonstige_beteiligte_personen":"","untertitel":"","zusatz":"","jahr":"2021","zeitschrift":"","serie":"","serie_name":"","serie_band":"","serie_jahr":"","serie_titel_band":"","vortrage":"","issn":"","isbn":"","isbn13":"978-3-96147-463-9","seiten":"x, 150","sonstiges":"","band":377,"auflage":"","opus":"","dspace":"17422","e-isbn_pdf":"978-3-96147-464-6","doi":"https:\/\/doi.org\/10.25593\/978-3-96147-464-6","epub":"","e-isbn_epub":"","doi_epub":"","html":"","e-isbn_html":"","doi_html":"","e-isbn_reader":"","doi_reader":"","digibib":"","urn":"urn:nbn:de:bvb:29-opus4-174227","supplementary_material":"","sprache":["Deutsch"],"ausgabe":"Softcover","suche":" 9783961474639 9783961474646  ","lizenz":"BY-NC-4","bemerkung":""},"builder_content":"","_links":{"self":[{"href":"https:\/\/www.university-press.fau.de\/en\/wp-json\/wp\/v2\/product\/1550","targetHints":{"allow":["GET"]}}],"collection":[{"href":"https:\/\/www.university-press.fau.de\/en\/wp-json\/wp\/v2\/product"}],"about":[{"href":"https:\/\/www.university-press.fau.de\/en\/wp-json\/wp\/v2\/types\/product"}],"replies":[{"embeddable":true,"href":"https:\/\/www.university-press.fau.de\/en\/wp-json\/wp\/v2\/comments?post=1550"}],"wp:featuredmedia":[{"embeddable":true,"href":"https:\/\/www.university-press.fau.de\/en\/wp-json\/wp\/v2\/media\/2329"}],"wp:attachment":[{"href":"https:\/\/www.university-press.fau.de\/en\/wp-json\/wp\/v2\/media?parent=1550"}],"wp:term":[{"taxonomy":"product_brand","embeddable":true,"href":"https:\/\/www.university-press.fau.de\/en\/wp-json\/wp\/v2\/product_brand?post=1550"},{"taxonomy":"product_cat","embeddable":true,"href":"https:\/\/www.university-press.fau.de\/en\/wp-json\/wp\/v2\/product_cat?post=1550"},{"taxonomy":"product_tag","embeddable":true,"href":"https:\/\/www.university-press.fau.de\/en\/wp-json\/wp\/v2\/product_tag?post=1550"}],"curies":[{"name":"wp","href":"https:\/\/api.w.org\/{rel}","templated":true}]}}