{"id":1554,"date":"2022-10-24T15:05:44","date_gmt":"2022-10-24T13:05:44","guid":{"rendered":"https:\/\/www.university-press.fau.de\/produkt\/einsatz-und-validierung-virtueller-absicherungsmethoden-fuer-abweichungsbehaftete-mechanismen-im-kontext-des-robust-design\/"},"modified":"2025-03-25T14:10:49","modified_gmt":"2025-03-25T13:10:49","slug":"978-3-96147-487-5","status":"publish","type":"product","link":"https:\/\/www.university-press.fau.de\/en\/product\/978-3-96147-487-5\/","title":{"rendered":"Einsatz und Validierung virtueller Absicherungsmethoden f\u00fcr abweichungsbehaftete Mechanismen im Kontext des Robust Design"},"content":{"rendered":"<p>Manufacturing processes are inevitably subject to variations that cause the quality of manufactured products to vary. Since quality fluctuations have a negative impact on the properties of products, Robust Design aims to minimize fluctuations. To accomplish this goal, various virtual validation tools can be used during product development.<\/p>\n<p>In the context of this work, a holistic approach model is presented that provides a framework for the systematic use and validation of virtual validation methods. This novel approach enables the targeted use of different virtual validation tools that can be applied during product development. Furthermore, for the first time it is shown how tolerance analysis models for mechanisms can be validated.<\/p>\n<p>Product developers are thus provided with a generally applicable, adaptable approach that enables them to use virtual validation methods in a systematic way and to critically evaluate their validity with the help of validations.<\/p>\n<p>The author also demonstrates how the procedure model can be adapted to practical problems. This is illustrated using the kinematics of an X-ray shutter, which serves as a demonstrator.<\/p>","protected":false},"excerpt":{"rendered":"<p>Fertigungsprozesse unterliegen zwangsl\u00e4ufig Schwankungen, die dazu f\u00fchren, dass die Qualit\u00e4t gefertigter Produkte variiert. Da sich Qualit\u00e4tsschwankungen negativ auf die Eigenschaften von Produkten auswirken, strebt das Robust Design eine Minimierung der Schwankungen an. Um dieses Ziel zu erreichen, k\u00f6nnen w\u00e4hrend der Produktentwicklung unterschiedliche virtuelle Absicherungswerkzeuge eingesetzt werden. Im Rahmen dieser Arbeit wird ein holistisches Vorgehensmodell pr\u00e4sentiert, [&hellip;]<\/p>\n","protected":false},"featured_media":2337,"comment_status":"open","ping_status":"closed","template":"","meta":{"_acf_changed":false},"product_brand":[],"product_cat":[34],"product_tag":[],"class_list":{"0":"post-1554","1":"product","2":"type-product","3":"status-publish","4":"has-post-thumbnail","6":"product_cat-fau-studien-aus-dem-maschinenbau","7":"has-post-title","8":"has-post-date","9":"has-post-category","10":"has-post-tag","11":"has-post-comment","12":"has-post-author","13":"","15":"first","16":"instock","17":"taxable","18":"shipping-taxable","19":"purchasable","20":"product-type-simple"},"acf":{"autor":"Heling, Bj\u00f6rn","orcid":"","ror":"","herausgeber":"","orcid_hrsg":"","rorhrsg":"","bearbeiter":"","sonstige_beteiligte_personen":"","untertitel":"","zusatz":"","jahr":"2021","zeitschrift":"","serie":"","serie_name":"","serie_band":"","serie_jahr":"","serie_titel_band":"","vortrage":"","issn":"","isbn":"","isbn13":"978-3-96147-487-5","seiten":"xi, 169","sonstiges":"","band":381,"auflage":"","opus":"","dspace":"18150","e-isbn_pdf":"978-3-96147-488-2","doi":"https:\/\/doi.org\/10.25593\/978-3-96147-488-2","epub":"","e-isbn_epub":"","doi_epub":"","html":"","e-isbn_html":"","doi_html":"","e-isbn_reader":"","doi_reader":"","digibib":"","urn":"urn:nbn:de:bvb:29-opus4-181500","supplementary_material":"","sprache":["Deutsch"],"ausgabe":"Softcover","suche":" 9783961474875 9783961474882  ","lizenz":"BY-NC-4","bemerkung":""},"builder_content":"","_links":{"self":[{"href":"https:\/\/www.university-press.fau.de\/en\/wp-json\/wp\/v2\/product\/1554","targetHints":{"allow":["GET"]}}],"collection":[{"href":"https:\/\/www.university-press.fau.de\/en\/wp-json\/wp\/v2\/product"}],"about":[{"href":"https:\/\/www.university-press.fau.de\/en\/wp-json\/wp\/v2\/types\/product"}],"replies":[{"embeddable":true,"href":"https:\/\/www.university-press.fau.de\/en\/wp-json\/wp\/v2\/comments?post=1554"}],"wp:featuredmedia":[{"embeddable":true,"href":"https:\/\/www.university-press.fau.de\/en\/wp-json\/wp\/v2\/media\/2337"}],"wp:attachment":[{"href":"https:\/\/www.university-press.fau.de\/en\/wp-json\/wp\/v2\/media?parent=1554"}],"wp:term":[{"taxonomy":"product_brand","embeddable":true,"href":"https:\/\/www.university-press.fau.de\/en\/wp-json\/wp\/v2\/product_brand?post=1554"},{"taxonomy":"product_cat","embeddable":true,"href":"https:\/\/www.university-press.fau.de\/en\/wp-json\/wp\/v2\/product_cat?post=1554"},{"taxonomy":"product_tag","embeddable":true,"href":"https:\/\/www.university-press.fau.de\/en\/wp-json\/wp\/v2\/product_tag?post=1554"}],"curies":[{"name":"wp","href":"https:\/\/api.w.org\/{rel}","templated":true}]}}