{"id":1566,"date":"2022-10-24T15:05:50","date_gmt":"2022-10-24T13:05:50","guid":{"rendered":"https:\/\/www.university-press.fau.de\/produkt\/auslegung-und-anwendung-prozessangepasster-halbzeuge-fuer-verfahren-der-blechmassivumformung\/"},"modified":"2025-03-25T14:10:50","modified_gmt":"2025-03-25T13:10:50","slug":"978-3-96147-525-4","status":"publish","type":"product","link":"https:\/\/www.university-press.fau.de\/en\/product\/978-3-96147-525-4\/","title":{"rendered":"Auslegung und Anwendung prozessangepasster Halbzeuge f\u00fcr Verfahren der Blechmassivumformung"},"content":{"rendered":"<p>In the area of tension between ecological and economic challenges, innovative processes are required in the field of production technology in order to be able to meet the increasing demands on new products. In this context, sheet-bulk metal forming represents a promising technology that combines the potentials of established sheet metal and bulk metal forming processes. The central challenges are mainly to ensure sufficient control of the locally varying biaxial and triaxial stress and strain states for the production of near-net-shape functional components. Against this background, the present work deepened and extended the understanding of the process with regard to the design and use of process-adapted semi-finished products in order to be able to increase the material flow control in accordance with the required component properties. As a basis for the investigations, the requirements-based design of a tool geometry to manufacture process-adapted semi-finished products was carried out using a numerical variant simulation, which was subsequently supplemented by a more efficient design approach. The central requirements include the avoidance of identified defect patterns on the externally toothed functional components, which are produced by the single-stage process combination of deep drawing and upsetting. The realisation of a sufficiently high material flow control is one of the basic prerequisites for the efficient production of defect-free functional components made of steel and aluminium alloys in sheet-bulk metal forming processes.<\/p>","protected":false},"excerpt":{"rendered":"<p>Im Spannungsfeld zwischen \u00f6kologischen und \u00f6konomischen Herausforderungen werden im Bereich der Produktionstechnik innovative Verfahren ben\u00f6tigt, um die steigenden Anforderungen an neue Produkte erf\u00fcllen zu k\u00f6nnen. Die Blechmassivumformung stellt in diesem Zusammenhang eine vielversprechende Technologie dar, welche die Potentiale etablierter Verfahren der Blech- und Massivumformung kombiniert. Die zentralen Herausforderungen bestehen vor allem in der Sicherstellung einer [&hellip;]<\/p>\n","protected":false},"featured_media":1622,"comment_status":"open","ping_status":"closed","template":"","meta":{"_acf_changed":false},"product_brand":[],"product_cat":[34],"product_tag":[],"class_list":{"0":"post-1566","1":"product","2":"type-product","3":"status-publish","4":"has-post-thumbnail","6":"product_cat-fau-studien-aus-dem-maschinenbau","7":"has-post-title","8":"has-post-date","9":"has-post-category","10":"has-post-tag","11":"has-post-comment","12":"has-post-author","13":"","15":"first","16":"instock","17":"taxable","18":"shipping-taxable","19":"purchasable","20":"product-type-simple"},"acf":{"autor":"Schulte, Robert","orcid":"","ror":"","herausgeber":"","orcid_hrsg":"","rorhrsg":"","bearbeiter":"","sonstige_beteiligte_personen":"","untertitel":"","zusatz":"","jahr":"2022","zeitschrift":"","serie":"","serie_name":"","serie_band":"","serie_jahr":"","serie_titel_band":"","vortrage":"","issn":"","isbn":"","isbn13":"978-3-96147-525-4","seiten":"x, 163","sonstiges":"","band":394,"auflage":"","opus":"","dspace":"19331","e-isbn_pdf":"978-3-96147-526-1","doi":"https:\/\/doi.org\/10.25593\/978-3-96147-526-1","epub":"","e-isbn_epub":"","doi_epub":"","html":"","e-isbn_html":"","doi_html":"","e-isbn_reader":"","doi_reader":"","digibib":"","urn":"urn:nbn:de:bvb:29-opus4-193314","supplementary_material":"","sprache":["Deutsch"],"ausgabe":"Softcover","suche":" 9783961475254 9783961475261  ","lizenz":"BY-NC-4","bemerkung":""},"builder_content":"","_links":{"self":[{"href":"https:\/\/www.university-press.fau.de\/en\/wp-json\/wp\/v2\/product\/1566","targetHints":{"allow":["GET"]}}],"collection":[{"href":"https:\/\/www.university-press.fau.de\/en\/wp-json\/wp\/v2\/product"}],"about":[{"href":"https:\/\/www.university-press.fau.de\/en\/wp-json\/wp\/v2\/types\/product"}],"replies":[{"embeddable":true,"href":"https:\/\/www.university-press.fau.de\/en\/wp-json\/wp\/v2\/comments?post=1566"}],"wp:featuredmedia":[{"embeddable":true,"href":"https:\/\/www.university-press.fau.de\/en\/wp-json\/wp\/v2\/media\/1622"}],"wp:attachment":[{"href":"https:\/\/www.university-press.fau.de\/en\/wp-json\/wp\/v2\/media?parent=1566"}],"wp:term":[{"taxonomy":"product_brand","embeddable":true,"href":"https:\/\/www.university-press.fau.de\/en\/wp-json\/wp\/v2\/product_brand?post=1566"},{"taxonomy":"product_cat","embeddable":true,"href":"https:\/\/www.university-press.fau.de\/en\/wp-json\/wp\/v2\/product_cat?post=1566"},{"taxonomy":"product_tag","embeddable":true,"href":"https:\/\/www.university-press.fau.de\/en\/wp-json\/wp\/v2\/product_tag?post=1566"}],"curies":[{"name":"wp","href":"https:\/\/api.w.org\/{rel}","templated":true}]}}