{"id":1568,"date":"2022-10-24T15:05:51","date_gmt":"2022-10-24T13:05:51","guid":{"rendered":"https:\/\/www.university-press.fau.de\/produkt\/komplexitaetsmanagement-in-der-produktentwicklung\/"},"modified":"2025-03-25T14:10:50","modified_gmt":"2025-03-25T13:10:50","slug":"978-3-96147-540-7","status":"publish","type":"product","link":"https:\/\/www.university-press.fau.de\/en\/product\/978-3-96147-540-7\/","title":{"rendered":"Komplexit\u00e4tsmanagement in der Produktentwicklung"},"content":{"rendered":"<p>Complexity is one of the great challenges of our time. Therefore, especially in development, engineers must master the constantly increasing complexity in diverse domains in order to realize product and thus company success. For the appropriate modelling of the many different elements and relations of complex systems, cross-domain, integrative and thus holistic modelling approaches are required, which allow context-related, useful mathematical analysis as well as visualization possibilities in order to enable developers a multi-criteria evaluation of certain action alternatives. However, currently existing approaches are only suitable to a limited extent due to methodological deficits, their high modelling effort, limited analysis and visualization options, or their low support for multi-criteria evaluation.<\/p>\n<p>Therefore, this thesis introduces a concept to support developers in holistic complexity management in product development by providing contextually appropriate methods for integrated modelling, analysis, visualization, and evaluation of complex systems for goal-oriented decision making. For effective and efficient application of the methodology, an IT tool is presented that supports developers in their holistic complexity management tasks.<\/p>","protected":false},"excerpt":{"rendered":"<p>Komplexit\u00e4t ist eine der gro\u00dfen Herausforderungen unserer Zeit. Daher m\u00fcssen Ingenieure besonders in der Entwicklung die stetig steigende Komplexit\u00e4t in diversen Dom\u00e4nen beherrschen, um den Produkt- und damit Unternehmenserfolg zu realisieren. F\u00fcr die zweckm\u00e4\u00dfige Modellierung der vielen verschiedenen Elemente und Relationen komplexer Systeme sind dom\u00e4nen\u00fcbergreifende, integrative und damit holistische Modellierungsans\u00e4tze erforderlich, welche jeweils kontextbezogen n\u00fctzliche, [&hellip;]<\/p>\n","protected":false},"featured_media":1618,"comment_status":"open","ping_status":"closed","template":"","meta":{"_acf_changed":false},"product_brand":[],"product_cat":[34],"product_tag":[],"class_list":{"0":"post-1568","1":"product","2":"type-product","3":"status-publish","4":"has-post-thumbnail","6":"product_cat-fau-studien-aus-dem-maschinenbau","7":"has-post-title","8":"has-post-date","9":"has-post-category","10":"has-post-tag","11":"has-post-comment","12":"has-post-author","13":"","15":"first","16":"instock","17":"taxable","18":"shipping-taxable","19":"purchasable","20":"product-type-simple"},"acf":{"autor":"Luft, Thomas Johann","orcid":"https:\/\/orcid.org\/0000-0001-8822-4161","ror":"","herausgeber":"","orcid_hrsg":"","rorhrsg":"","bearbeiter":"","sonstige_beteiligte_personen":"","untertitel":"Holistische Modellierung, Analyse, Visualisierung und Bewertung komplexer Systeme","zusatz":"","jahr":"2022","zeitschrift":"","serie":"","serie_name":"","serie_band":"","serie_jahr":"","serie_titel_band":"","vortrage":"","issn":"","isbn":"","isbn13":"978-3-96147-540-7","seiten":"xiii, 510","sonstiges":"","band":396,"auflage":"","opus":"","dspace":"19681","e-isbn_pdf":"978-3-96147-541-4","doi":"https:\/\/doi.org\/10.25593\/978-3-96147-541-4","epub":"","e-isbn_epub":"","doi_epub":"","html":"","e-isbn_html":"","doi_html":"","e-isbn_reader":"","doi_reader":"","digibib":"","urn":"urn:nbn:de:bvb:29-opus4-196816","supplementary_material":"","sprache":["Deutsch"],"ausgabe":"Softcover","suche":" 9783961475407 9783961475414  ","lizenz":"BY-NC-4","bemerkung":""},"builder_content":"","_links":{"self":[{"href":"https:\/\/www.university-press.fau.de\/en\/wp-json\/wp\/v2\/product\/1568","targetHints":{"allow":["GET"]}}],"collection":[{"href":"https:\/\/www.university-press.fau.de\/en\/wp-json\/wp\/v2\/product"}],"about":[{"href":"https:\/\/www.university-press.fau.de\/en\/wp-json\/wp\/v2\/types\/product"}],"replies":[{"embeddable":true,"href":"https:\/\/www.university-press.fau.de\/en\/wp-json\/wp\/v2\/comments?post=1568"}],"wp:featuredmedia":[{"embeddable":true,"href":"https:\/\/www.university-press.fau.de\/en\/wp-json\/wp\/v2\/media\/1618"}],"wp:attachment":[{"href":"https:\/\/www.university-press.fau.de\/en\/wp-json\/wp\/v2\/media?parent=1568"}],"wp:term":[{"taxonomy":"product_brand","embeddable":true,"href":"https:\/\/www.university-press.fau.de\/en\/wp-json\/wp\/v2\/product_brand?post=1568"},{"taxonomy":"product_cat","embeddable":true,"href":"https:\/\/www.university-press.fau.de\/en\/wp-json\/wp\/v2\/product_cat?post=1568"},{"taxonomy":"product_tag","embeddable":true,"href":"https:\/\/www.university-press.fau.de\/en\/wp-json\/wp\/v2\/product_tag?post=1568"}],"curies":[{"name":"wp","href":"https:\/\/api.w.org\/{rel}","templated":true}]}}