{"id":1569,"date":"2022-10-24T15:05:51","date_gmt":"2022-10-24T13:05:51","guid":{"rendered":"https:\/\/www.university-press.fau.de\/produkt\/umformtechnische-strukturierung-metallischer-einleger-im-folgeverbund-fuer-mediendichte-kunststoff-metall-hybridbauteile\/"},"modified":"2025-03-25T14:10:50","modified_gmt":"2025-03-25T13:10:50","slug":"978-3-96147-534-6","status":"publish","type":"product","link":"https:\/\/www.university-press.fau.de\/en\/product\/978-3-96147-534-6\/","title":{"rendered":"Umformtechnische Strukturierung metallischer Einleger im Folgeverbund f\u00fcr mediendichte Kunststoff-Metall-Hybridbauteile"},"content":{"rendered":"<p>A major challenge in the production of polymer-metal hybrid parts using assembly injection molding is the limited media tightness due to the chemical incompatibility of the two materials. However, the use of metal inserts with defined surface structure has great potential to increase the tightness. Therefore, in this work the structuring of metal inserts by forming in a progressive die is investigated as a highly efficient manufacturing process. The aim of this work is to create an understanding of the manufacturability of structured inserts and to identify the process limits in regard to a functional design. Based on the investigations of rounding the cutting edges by embossing, the cross section of the metal insert was identified as the most important influencing variable on the die filling and thus on the forming accuracy. Within the investigations of the embossing of transverse grooves on the surface of the insert, a holistic understanding is created with regard to the resulting groove geometry and the axial and lateral elongation of the inserts. This is based on the examination of the material flow into axial and lateral directions. In this context, the resulting width in particular is strongly influenced by the prevailing flow restrictions. Finally, the results of the investigation of the structuring of metal inserts by forming are evaluated on the basis of the tightness of overmolded inserts and an increase in the sealing effect is shown. This contributes to the development and manufacturing of resilient electronic systems.<\/p>","protected":false},"excerpt":{"rendered":"<p>Eine wesentliche Herausforderung bei der Herstellung von Kunststoff-Metall-Hybridbauteilen im Montagespritzguss ist die eingeschr\u00e4nkte Mediendichtheit aufgrund der chemischen Inkompatibilit\u00e4t der beiden Werkstoffe. Der Einsatz strukturierter, metallischer Einleger hat in diesem Zusammenhang ein gro\u00dfes Potential die Dichtheit zu steigern. Im Rahmen dieser Arbeit wird daher die umformtechnische Strukturierung metallischer Einleger im Folgeverbundwerkzeug als hoch effizientes Fertigungsverfahren untersucht. [&hellip;]<\/p>\n","protected":false},"featured_media":1616,"comment_status":"open","ping_status":"closed","template":"","meta":{"_acf_changed":false},"product_brand":[],"product_cat":[34],"product_tag":[],"class_list":{"0":"post-1569","1":"product","2":"type-product","3":"status-publish","4":"has-post-thumbnail","6":"product_cat-fau-studien-aus-dem-maschinenbau","7":"has-post-title","8":"has-post-date","9":"has-post-category","10":"has-post-tag","11":"has-post-comment","12":"has-post-author","13":"","15":"first","16":"instock","17":"taxable","18":"shipping-taxable","19":"purchasable","20":"product-type-simple"},"acf":{"autor":"Philipp Frey","orcid":"","ror":"","herausgeber":"","orcid_hrsg":"","rorhrsg":"","bearbeiter":"","sonstige_beteiligte_personen":"","untertitel":"","zusatz":"","jahr":"2022","zeitschrift":"","serie":"","serie_name":"","serie_band":"","serie_jahr":"","serie_titel_band":"","vortrage":"","issn":"","isbn":"","isbn13":"978-3-96147-534-6","seiten":"ix, 180","sonstiges":"","band":395,"auflage":"","opus":"","dspace":"19747","e-isbn_pdf":"978-3-96147-535-3","doi":"https:\/\/doi.org\/10.25593\/978-3-96147-535-3","epub":"","e-isbn_epub":"","doi_epub":"","html":"","e-isbn_html":"","doi_html":"","e-isbn_reader":"","doi_reader":"","digibib":"","urn":"urn:nbn:de:bvb:29-opus4-197476","supplementary_material":"","sprache":["Deutsch"],"ausgabe":"Softcover","suche":" 9783961475346 9783961475353  ","lizenz":"BY-NC-4","bemerkung":""},"builder_content":"","_links":{"self":[{"href":"https:\/\/www.university-press.fau.de\/en\/wp-json\/wp\/v2\/product\/1569","targetHints":{"allow":["GET"]}}],"collection":[{"href":"https:\/\/www.university-press.fau.de\/en\/wp-json\/wp\/v2\/product"}],"about":[{"href":"https:\/\/www.university-press.fau.de\/en\/wp-json\/wp\/v2\/types\/product"}],"replies":[{"embeddable":true,"href":"https:\/\/www.university-press.fau.de\/en\/wp-json\/wp\/v2\/comments?post=1569"}],"wp:featuredmedia":[{"embeddable":true,"href":"https:\/\/www.university-press.fau.de\/en\/wp-json\/wp\/v2\/media\/1616"}],"wp:attachment":[{"href":"https:\/\/www.university-press.fau.de\/en\/wp-json\/wp\/v2\/media?parent=1569"}],"wp:term":[{"taxonomy":"product_brand","embeddable":true,"href":"https:\/\/www.university-press.fau.de\/en\/wp-json\/wp\/v2\/product_brand?post=1569"},{"taxonomy":"product_cat","embeddable":true,"href":"https:\/\/www.university-press.fau.de\/en\/wp-json\/wp\/v2\/product_cat?post=1569"},{"taxonomy":"product_tag","embeddable":true,"href":"https:\/\/www.university-press.fau.de\/en\/wp-json\/wp\/v2\/product_tag?post=1569"}],"curies":[{"name":"wp","href":"https:\/\/api.w.org\/{rel}","templated":true}]}}