{"id":1576,"date":"2022-10-24T15:05:55","date_gmt":"2022-10-24T13:05:55","guid":{"rendered":"https:\/\/www.university-press.fau.de\/produkt\/grundlegende-untersuchungen-zur-gradierung-der-mechanischen-eigenschaften-pressgehaerteter-bauteile-durch-eine-oertlich-begrenzte-aufkohlung\/"},"modified":"2025-09-24T09:10:13","modified_gmt":"2025-09-24T07:10:13","slug":"978-3-96147-568-1","status":"publish","type":"product","link":"https:\/\/www.university-press.fau.de\/en\/product\/978-3-96147-568-1\/","title":{"rendered":"Grundlegende Untersuchungen zur Gradierung der mechanischen Eigenschaften pressgeh\u00e4rteter Bauteile durch eine \u00f6rtlich begrenzte Aufkohlung"},"content":{"rendered":"<p>Hot stamping of ultra-high-strength steel alloys is an established process for the production of safety-relevant body components. Further light-weight potential is offered by components with tailored properties. Previous investigations have focused mainly on process variants to locally improve ductility. Contrary to that, by now, there is no established process variant for achieving a counteracting effect, thus a local increase in strength, while retaining the same component weight. In this context, the carburizing process is promising. Due to the lack of process knowledge, the overall objective of the present dissertation was to develop a basic process understanding for grading the mechanical proper-ties by localized carburization.<\/p>\n<p>For this purpose, process-side and semi-finished product-side influencing factors during carburization were first analyzed. Through a holistic characterization, among other things, a basic process knowledge was developed. Based on this, the extent of the transition zone of graded components and the influence of grading on the mechanical properties were investigated. The findings were verified through a sample component. In addition to transferring the process to another alloy, the potential of carburized semi-finished products for the hot stamping process was also evaluated.<\/p>","protected":false},"excerpt":{"rendered":"<p>Das Pressh\u00e4rten ultra-hochfester Stahllegierung ist ein etabliertes Verfahren zur Fertigung sicherheitsrelevanter Karosseriekomponenten. Weiteres Leichtbaupotential bieten Bauteile mit ma\u00dfgeschneiderten Eigenschaften. Im Fokus bisheriger Untersuchungen standen vor allem Prozessvarianten, um die Duktilit\u00e4t \u00f6rtlich zu verbessern. Dem gegen\u00fcber gibt es bisher keine etablierte Verfahrensvariante, um bei gleichbleibendem Bauteilgewicht einen gegenteiligen Effekt, also eine lokale Festigkeitssteigerung, zu erzielen. Vielversprechend [&hellip;]<\/p>\n","protected":false},"featured_media":1606,"comment_status":"open","ping_status":"closed","template":"","meta":{"_acf_changed":false},"product_brand":[],"product_cat":[34],"product_tag":[],"class_list":{"0":"post-1576","1":"product","2":"type-product","3":"status-publish","4":"has-post-thumbnail","6":"product_cat-fau-studien-aus-dem-maschinenbau","7":"has-post-title","8":"has-post-date","9":"has-post-category","10":"has-post-tag","11":"has-post-comment","12":"has-post-author","13":"","15":"first","16":"instock","17":"taxable","18":"shipping-taxable","19":"purchasable","20":"product-type-simple"},"acf":{"autor":"Horn, Alexander","orcid":"","ror":"","herausgeber":"","orcid_hrsg":"","rorhrsg":"","bearbeiter":"","sonstige_beteiligte_personen":"","untertitel":"","zusatz":"","jahr":"2022","zeitschrift":"","serie":"","serie_name":"","serie_band":"","serie_jahr":"","serie_titel_band":"","vortrage":"","issn":"","isbn":"","isbn13":"978-3-96147-568-1","seiten":"xii, 204","sonstiges":"","band":402,"auflage":"","opus":"","dspace":"20046","e-isbn_pdf":"978-3-96147-569-8","doi":"https:\/\/doi.org\/10.25593\/978-3-96147-569-8","epub":"","e-isbn_epub":"","doi_epub":"","html":"","e-isbn_html":"","doi_html":"","e-isbn_reader":"","doi_reader":"","digibib":"","urn":"urn:nbn:de:bvb:29-opus4-200462","supplementary_material":"","sprache":["Deutsch"],"ausgabe":"Softcover","suche":" 9783961475681 9783961475698  ","lizenz":"BY-NC-4","bemerkung":""},"builder_content":"","_links":{"self":[{"href":"https:\/\/www.university-press.fau.de\/en\/wp-json\/wp\/v2\/product\/1576","targetHints":{"allow":["GET"]}}],"collection":[{"href":"https:\/\/www.university-press.fau.de\/en\/wp-json\/wp\/v2\/product"}],"about":[{"href":"https:\/\/www.university-press.fau.de\/en\/wp-json\/wp\/v2\/types\/product"}],"replies":[{"embeddable":true,"href":"https:\/\/www.university-press.fau.de\/en\/wp-json\/wp\/v2\/comments?post=1576"}],"wp:featuredmedia":[{"embeddable":true,"href":"https:\/\/www.university-press.fau.de\/en\/wp-json\/wp\/v2\/media\/1606"}],"wp:attachment":[{"href":"https:\/\/www.university-press.fau.de\/en\/wp-json\/wp\/v2\/media?parent=1576"}],"wp:term":[{"taxonomy":"product_brand","embeddable":true,"href":"https:\/\/www.university-press.fau.de\/en\/wp-json\/wp\/v2\/product_brand?post=1576"},{"taxonomy":"product_cat","embeddable":true,"href":"https:\/\/www.university-press.fau.de\/en\/wp-json\/wp\/v2\/product_cat?post=1576"},{"taxonomy":"product_tag","embeddable":true,"href":"https:\/\/www.university-press.fau.de\/en\/wp-json\/wp\/v2\/product_tag?post=1576"}],"curies":[{"name":"wp","href":"https:\/\/api.w.org\/{rel}","templated":true}]}}