{"id":1768,"date":"2022-11-09T10:10:48","date_gmt":"2022-11-09T09:10:48","guid":{"rendered":"https:\/\/www.university-press.fau.de\/produkt\/multidirektionale-energieflusssteuerung-eines-modularen-multilevel-umrichters-mit-integrierten-batteriespeichern-in-elektrischen-netzen\/"},"modified":"2023-11-20T15:35:42","modified_gmt":"2023-11-20T14:35:42","slug":"978-3-96147-198-0","status":"publish","type":"product","link":"https:\/\/www.university-press.fau.de\/en\/product\/978-3-96147-198-0\/","title":{"rendered":"Multidirektionale Energieflusssteuerung eines Modularen Multilevel-Umrichters mit integrierten Batteriespeichern in elektrischen Netzen"},"content":{"rendered":"<p>Battery energy storage systems will play a key role in the ongoing process of integration of renewable energy generation into the electrical grid. The transformation of energy between battery and electrical grid is realized by converters. Modular Multilevel Converters are a type of self-commutated converters and are primarily used in high voltage direct current applications.<\/p>\n<p>This thesis presents the integration of batteries into the modules of a Modular Multilevel Converter in double-star configuration. Thereby, the features of modular built multilevel converters can be utilized and restrictions of currently used converter topologies for battery energy storage systems can be abolished. For such an integration a highly dynamic energy flow control between the electrical grid, the DC terminals and the converter modules is required. During the control design several approaches for classical loop control and modern state space control are compared. Based on an comprehensive model of the energy relations within a modular multilevel converter with integrated batteries, degrees of freedom for energy flow control are identified. Finally, a verification of the developed controllers is performed with a hardware setup in laboratory. Various grid conditions as well as different configurations of battery integration are investigated.<\/p>","protected":false},"excerpt":{"rendered":"<p>Im Zuge der Verbesserung der Einbindung der Erzeugung elektrischer Energie aus regenerativen Energiequellen wird Batteriespeichern eine zunehmende Bedeutung beigemessen. Stromrichter stellen dabei das Bindeglied zwischen Batteriespeicher und elektrischem Netz dar. Modulare Multilevel-Umrichter sind eine Klasse selbstgef\u00fchrter Stromrichter, welche gegenw\u00e4rtig vor allem in der Hochspannungsgleichstrom\u00fcbertragung eingesetzt werden. In der vorliegenden Arbeit erfolgt eine Integration von Batteriespeichern [&hellip;]<\/p>\n","protected":false},"featured_media":2406,"comment_status":"open","ping_status":"closed","template":"","meta":{"_acf_changed":false},"product_brand":[],"product_cat":[53],"product_tag":[],"class_list":{"0":"post-1768","1":"product","2":"type-product","3":"status-publish","4":"has-post-thumbnail","6":"product_cat-fau-studien-aus-der-elektrotechnik","7":"has-post-title","8":"has-post-date","9":"has-post-category","10":"has-post-tag","11":"has-post-comment","12":"has-post-author","13":"","15":"first","16":"instock","17":"taxable","18":"shipping-taxable","19":"purchasable","20":"product-type-simple"},"acf":{"autor":"Schr\u00f6der, Markus","orcid":"","ror":"","herausgeber":"","orcid_hrsg":"","rorhrsg":"","bearbeiter":"","sonstige_beteiligte_personen":"","untertitel":"","zusatz":"","jahr":"2019","zeitschrift":"","serie":"","serie_name":"","serie_band":"","serie_jahr":"","serie_titel_band":"","vortrage":"","issn":"","isbn":"","isbn13":"978-3-96147-198-0","seiten":"xxxviii, 325","sonstiges":"","band":13,"auflage":"","opus":11091,"dspace":"11091","e-isbn_pdf":"978-3-96147-199-7","doi":"https:\/\/doi.org\/10.25593\/978-3-96147-199-7","epub":"","e-isbn_epub":"","doi_epub":"","html":"","e-isbn_html":"","doi_html":"","e-isbn_reader":"","doi_reader":"","digibib":"","urn":"urn:nbn:de:bvb:29-opus4-110919","supplementary_material":"","sprache":["Deutsch"],"ausgabe":"Softcover","suche":" 9783961471980 9783961471997  ","lizenz":"BY-4","bemerkung":""},"builder_content":"","_links":{"self":[{"href":"https:\/\/www.university-press.fau.de\/en\/wp-json\/wp\/v2\/product\/1768","targetHints":{"allow":["GET"]}}],"collection":[{"href":"https:\/\/www.university-press.fau.de\/en\/wp-json\/wp\/v2\/product"}],"about":[{"href":"https:\/\/www.university-press.fau.de\/en\/wp-json\/wp\/v2\/types\/product"}],"replies":[{"embeddable":true,"href":"https:\/\/www.university-press.fau.de\/en\/wp-json\/wp\/v2\/comments?post=1768"}],"wp:featuredmedia":[{"embeddable":true,"href":"https:\/\/www.university-press.fau.de\/en\/wp-json\/wp\/v2\/media\/2406"}],"wp:attachment":[{"href":"https:\/\/www.university-press.fau.de\/en\/wp-json\/wp\/v2\/media?parent=1768"}],"wp:term":[{"taxonomy":"product_brand","embeddable":true,"href":"https:\/\/www.university-press.fau.de\/en\/wp-json\/wp\/v2\/product_brand?post=1768"},{"taxonomy":"product_cat","embeddable":true,"href":"https:\/\/www.university-press.fau.de\/en\/wp-json\/wp\/v2\/product_cat?post=1768"},{"taxonomy":"product_tag","embeddable":true,"href":"https:\/\/www.university-press.fau.de\/en\/wp-json\/wp\/v2\/product_tag?post=1768"}],"curies":[{"name":"wp","href":"https:\/\/api.w.org\/{rel}","templated":true}]}}