{"id":1778,"date":"2022-11-09T10:20:32","date_gmt":"2022-11-09T09:20:32","guid":{"rendered":"https:\/\/www.university-press.fau.de\/produkt\/mobile-gait-analysis-from-prototype-towards-clinical-grade-wearable\/"},"modified":"2025-11-03T12:48:14","modified_gmt":"2025-11-03T11:48:14","slug":"978-3-96147-172-0","status":"publish","type":"product","link":"https:\/\/www.university-press.fau.de\/en\/product\/978-3-96147-172-0\/","title":{"rendered":"Mobile Gait Analysis: From Prototype towards Clinical Grade Wearable"},"content":{"rendered":"<p>The aim of this thesis is to move mobile gait analysis systems based on inertial sensing closer towards clinical grade wearable devices. Such devices are envisioned to be used in everyday clinical practice for objective gait assessment under supervised conditions as well as for remote monitoring of gait in real-life environments. Such applications, however, require clinical grade of the wearable device established through clearance by the authorities and this process needs to be based on scientific research.<\/p>\n<p>The present thesis moves towards this aim in three main areas: Benchmarking methodological choices in foot trajectory reconstruction, extending the stride parameterization with kinetic features and reducing the assumption set current mobile gait analysis systems are built upon in order to widen the scope of gait disorders these systems can be used in.<\/p>","protected":false},"excerpt":{"rendered":"<p>Ziel der vorliegenden Arbeit ist es, mobile Ganganalysesysteme basierend auf Inertialsensorik in Richtung klinischer Anwendbarkeit zu f\u00fchren. Solche Ger\u00e4te sollen sowohl im klinischen Alltag zur objektiven Gangbeurteilung unter kontrollierten Bedingungen, als auch au\u00dferhalb des klinischen Umfeldes eingesetzt werden. Diese Art der Anwendungen erfordern jedoch die beh\u00f6rdlich attestierte, klinische Qualit\u00e4t des jeweiligen tragbaren Ger\u00e4ts, was ein [&hellip;]<\/p>\n","protected":false},"featured_media":2465,"comment_status":"open","ping_status":"closed","template":"","meta":{"_acf_changed":false},"product_brand":[],"product_cat":[54],"product_tag":[],"class_list":{"0":"post-1778","1":"product","2":"type-product","3":"status-publish","4":"has-post-thumbnail","6":"product_cat-fau-studien-aus-der-informatik","7":"has-post-title","8":"has-post-date","9":"has-post-category","10":"has-post-tag","11":"has-post-comment","12":"has-post-author","13":"","15":"first","16":"instock","17":"taxable","18":"shipping-taxable","19":"purchasable","20":"product-type-simple"},"acf":{"autor":"Hannink, Julius","orcid":"","ror":"","herausgeber":"","orcid_hrsg":"","rorhrsg":"","bearbeiter":"","sonstige_beteiligte_personen":"","untertitel":"","zusatz":"","jahr":"2019","zeitschrift":"","serie":"","serie_name":"","serie_band":"","serie_jahr":"","serie_titel_band":"","vortrage":"","issn":"","isbn":"","isbn13":"978-3-96147-172-0","seiten":"227","sonstiges":"","band":6,"auflage":"","opus":"","dspace":"10762","e-isbn_pdf":"978-3-96147-173-7","doi":"https:\/\/doi.org\/10.25593\/978-3-96147-173-7","epub":"","e-isbn_epub":"","doi_epub":"","html":"","e-isbn_html":"","doi_html":"","e-isbn_reader":"","doi_reader":"","digibib":"","urn":"urn:nbn:de:bvb:29-opus4-107620","supplementary_material":"","sprache":["Englisch"],"ausgabe":"Softcover","suche":" 9783961471720 9783961471737  ","lizenz":"BY-NC-4","bemerkung":""},"builder_content":"","_links":{"self":[{"href":"https:\/\/www.university-press.fau.de\/en\/wp-json\/wp\/v2\/product\/1778","targetHints":{"allow":["GET"]}}],"collection":[{"href":"https:\/\/www.university-press.fau.de\/en\/wp-json\/wp\/v2\/product"}],"about":[{"href":"https:\/\/www.university-press.fau.de\/en\/wp-json\/wp\/v2\/types\/product"}],"replies":[{"embeddable":true,"href":"https:\/\/www.university-press.fau.de\/en\/wp-json\/wp\/v2\/comments?post=1778"}],"wp:featuredmedia":[{"embeddable":true,"href":"https:\/\/www.university-press.fau.de\/en\/wp-json\/wp\/v2\/media\/2465"}],"wp:attachment":[{"href":"https:\/\/www.university-press.fau.de\/en\/wp-json\/wp\/v2\/media?parent=1778"}],"wp:term":[{"taxonomy":"product_brand","embeddable":true,"href":"https:\/\/www.university-press.fau.de\/en\/wp-json\/wp\/v2\/product_brand?post=1778"},{"taxonomy":"product_cat","embeddable":true,"href":"https:\/\/www.university-press.fau.de\/en\/wp-json\/wp\/v2\/product_cat?post=1778"},{"taxonomy":"product_tag","embeddable":true,"href":"https:\/\/www.university-press.fau.de\/en\/wp-json\/wp\/v2\/product_tag?post=1778"}],"curies":[{"name":"wp","href":"https:\/\/api.w.org\/{rel}","templated":true}]}}