{"id":1784,"date":"2022-11-09T10:20:35","date_gmt":"2022-11-09T09:20:35","guid":{"rendered":"https:\/\/www.university-press.fau.de\/produkt\/computational-methods-for-gait-analysis-in-rodents\/"},"modified":"2023-11-27T11:15:58","modified_gmt":"2023-11-27T10:15:58","slug":"978-3-96147-320-5","status":"publish","type":"product","link":"https:\/\/www.university-press.fau.de\/en\/product\/978-3-96147-320-5\/","title":{"rendered":"Computational Methods for Gait Analysis in Rodents"},"content":{"rendered":"<p>Gait analysis is important for the investigation of gait progression and the development of therapies in disorders characterized by gait impairments, such as Parkinson's disease (PD), Huntington disease (HD), and Spinal Cord Injury (SCI). Describing gait quantitatively helps researchers to analyze gait impairment in a more consistent, reliable, and precise manner compared to qualitative description. For this reason, apparatus and computation methods are continuously developed for both clinical and preclinical studies using animals.<\/p>\n<p>One of the gait analysis apparatus for rodents is called CatWalk. The system is equipped with a transparent glass floor walkway, where rodents can walk from one to the opposite end. Using a camera located under the walkway, the system records a video, which contains the information of the paw contact positions. Based on the recorded video, this CatWalk system computes several gait parameters.<\/p>\n<p>Here, several computational methods that enrich the information extracted from CatWalk data are presented. These methods improve the outcome of the current Catwalk data acquisition by providing methods in identifying gait patterns related to PD, providing a silhouette-length-based intra-assay scaling method, an initial data analysis method, and a parametric gait recovery progression score for rat SCI models.<\/p>","protected":false},"excerpt":{"rendered":"<p>Ganganalyse ist wichtig f\u00fcr die Untersuchung des Gangverlaufs und die Entwicklung von Therapien bei Erkrankungen, die durch Gehbehinderungen charakterisiert sind. Beispiele f\u00fcr solche Erkrankungen sind die Parkinson-Krankheit (Parkinson&#8217;s disease, PD), Huntington-Krankheit (Huntington disease, HD) und R\u00fcckenmarksverletzungen (Spinal Cord Injury, SCI). Eine quantitative Beschreibung des Gehens hilft Forschern, die Gangst\u00f6rung konsistenter, verl\u00e4sslicher und genauer als die [&hellip;]<\/p>\n","protected":false},"featured_media":2476,"comment_status":"open","ping_status":"closed","template":"","meta":{"_acf_changed":false},"product_brand":[],"product_cat":[54],"product_tag":[],"class_list":{"0":"post-1784","1":"product","2":"type-product","3":"status-publish","4":"has-post-thumbnail","6":"product_cat-fau-studien-aus-der-informatik","7":"has-post-title","8":"has-post-date","9":"has-post-category","10":"has-post-tag","11":"has-post-comment","12":"has-post-author","13":"","15":"first","16":"instock","17":"taxable","18":"shipping-taxable","19":"purchasable","20":"product-type-simple"},"acf":{"autor":"Timotius, Ivanna Kristianti","orcid":"","ror":"","herausgeber":"","orcid_hrsg":"","rorhrsg":"","bearbeiter":"","sonstige_beteiligte_personen":"","untertitel":"","zusatz":"","jahr":"2020","zeitschrift":"","serie":"","serie_name":"","serie_band":"","serie_jahr":"","serie_titel_band":"","vortrage":"","issn":"","isbn":"","isbn13":"978-3-96147-320-5","seiten":"xvi, 217","sonstiges":"","band":12,"auflage":"","opus":"","dspace":"14552","e-isbn_pdf":"978-3-96147-321-2","doi":"https:\/\/doi.org\/10.25593\/978-3-96147-321-2","epub":"","e-isbn_epub":"","doi_epub":"","html":"","e-isbn_html":"","doi_html":"","e-isbn_reader":"","doi_reader":"","digibib":"","urn":"urn:nbn:de:bvb:29-opus4-145525","supplementary_material":"","sprache":["Englisch"],"ausgabe":"Softcover","suche":" 9783961473205 9783961473212  ","lizenz":"BY-4","bemerkung":""},"builder_content":"","_links":{"self":[{"href":"https:\/\/www.university-press.fau.de\/en\/wp-json\/wp\/v2\/product\/1784","targetHints":{"allow":["GET"]}}],"collection":[{"href":"https:\/\/www.university-press.fau.de\/en\/wp-json\/wp\/v2\/product"}],"about":[{"href":"https:\/\/www.university-press.fau.de\/en\/wp-json\/wp\/v2\/types\/product"}],"replies":[{"embeddable":true,"href":"https:\/\/www.university-press.fau.de\/en\/wp-json\/wp\/v2\/comments?post=1784"}],"wp:featuredmedia":[{"embeddable":true,"href":"https:\/\/www.university-press.fau.de\/en\/wp-json\/wp\/v2\/media\/2476"}],"wp:attachment":[{"href":"https:\/\/www.university-press.fau.de\/en\/wp-json\/wp\/v2\/media?parent=1784"}],"wp:term":[{"taxonomy":"product_brand","embeddable":true,"href":"https:\/\/www.university-press.fau.de\/en\/wp-json\/wp\/v2\/product_brand?post=1784"},{"taxonomy":"product_cat","embeddable":true,"href":"https:\/\/www.university-press.fau.de\/en\/wp-json\/wp\/v2\/product_cat?post=1784"},{"taxonomy":"product_tag","embeddable":true,"href":"https:\/\/www.university-press.fau.de\/en\/wp-json\/wp\/v2\/product_tag?post=1784"}],"curies":[{"name":"wp","href":"https:\/\/api.w.org\/{rel}","templated":true}]}}