{"id":1785,"date":"2022-11-09T10:20:35","date_gmt":"2022-11-09T09:20:35","guid":{"rendered":"https:\/\/www.university-press.fau.de\/produkt\/cyclic-motion-analysis-using-inertial-sensors-and-machine-learning\/"},"modified":"2023-11-27T11:17:34","modified_gmt":"2023-11-27T10:17:34","slug":"978-3-96147-299-4","status":"publish","type":"product","link":"https:\/\/www.university-press.fau.de\/en\/product\/978-3-96147-299-4\/","title":{"rendered":"Cyclic motion analysis using inertial sensors and machine learning"},"content":{"rendered":"<p>Cyclic motions such as walking, running or cycling are common to our daily lives. Thus, the analysis of these cycles has an important role to play within both the medical field, e.g. gait analysis, and the fitness domain, e.g. step counting and running analysis. For such applications, inertial sensors are ideal as they are mobile and unobtrusive. The aim of this thesis is to capture cyclic motion using inertial sensors and subsequently analyse them using machine learning techniques.<\/p>\n<p>A lack of realistic and annotated data currently limits the development and application of algorithms for inertial sensors under non-laboratory conditions. This is due to the effort required to both collect and label such data. The first contributions of this thesis propose novel methods to reduce annotation costs for realistic datasets, and in this manner enable the labelling of a large benchmark dataset.  The applicability of the dataset is demonstrated by using it to propose and test a robust algorithm for simultaneous human activity recognition and cycle analysis. One of these methods for reducing annotation costs is then deployed to develop the first mobile gait analysis system for patients with a rare and heterogeneous disease, hereditary spastic paraplegia (HSP).<\/p>\n<p>Thus, machine learning algorithms which set the state-of-the-art for cycle analysis using inertial sensors were proposed and validated by this thesis. The outcomes of this thesis are beneficial in both the medical and fitness domains, enabling the development and use of algorithms trained and tested in realistic settings.<\/p>","protected":false},"excerpt":{"rendered":"<p>Zyklische Bewegungen wie Gehen, Laufen, Radfahren werden im Alltag sowohl im medizinischen Bereich, z.B. Ganganalyse, als auch im Fitnessbereich, z.B. Schrittz\u00e4hlung, analysiert. F\u00fcr solche Anwendungen sind Inertialsensoren ideal, da sie mobil und unauff\u00e4llig einsetzbar sind. Fehlende annotierte Daten aus dem Alltag schr\u00e4nken die Entwicklung und Anwendung von Algorithmen f\u00fcr solche Sensoren unter nicht-laborbedingungen ein. Dies [&hellip;]<\/p>\n","protected":false},"featured_media":2477,"comment_status":"open","ping_status":"closed","template":"","meta":{"_acf_changed":false},"product_brand":[],"product_cat":[54],"product_tag":[],"class_list":{"0":"post-1785","1":"product","2":"type-product","3":"status-publish","4":"has-post-thumbnail","6":"product_cat-fau-studien-aus-der-informatik","7":"has-post-title","8":"has-post-date","9":"has-post-category","10":"has-post-tag","11":"has-post-comment","12":"has-post-author","13":"","15":"first","16":"instock","17":"taxable","18":"shipping-taxable","19":"purchasable","20":"product-type-simple"},"acf":{"autor":"Martindale, Christine","orcid":"","ror":"","herausgeber":"","orcid_hrsg":"","rorhrsg":"","bearbeiter":"","sonstige_beteiligte_personen":"","untertitel":"","zusatz":"","jahr":"2020","zeitschrift":"","serie":"","serie_name":"","serie_band":"","serie_jahr":"","serie_titel_band":"","vortrage":"","issn":"","isbn":"","isbn13":"978-3-96147-299-4","seiten":"xvii, 201","sonstiges":"","band":13,"auflage":"","opus":"","dspace":"14580","e-isbn_pdf":"978-3-96147-300-7","doi":"https:\/\/doi.org\/10.25593\/978-3-96147-300-7","epub":"","e-isbn_epub":"","doi_epub":"","html":"","e-isbn_html":"","doi_html":"","e-isbn_reader":"","doi_reader":"","digibib":"","urn":"urn:nbn:de:bvb:29-opus4-145804","supplementary_material":"","sprache":["Englisch"],"ausgabe":"Softcover","suche":" 9783961472994 9783961473007  ","lizenz":"BY-4","bemerkung":""},"builder_content":"","_links":{"self":[{"href":"https:\/\/www.university-press.fau.de\/en\/wp-json\/wp\/v2\/product\/1785","targetHints":{"allow":["GET"]}}],"collection":[{"href":"https:\/\/www.university-press.fau.de\/en\/wp-json\/wp\/v2\/product"}],"about":[{"href":"https:\/\/www.university-press.fau.de\/en\/wp-json\/wp\/v2\/types\/product"}],"replies":[{"embeddable":true,"href":"https:\/\/www.university-press.fau.de\/en\/wp-json\/wp\/v2\/comments?post=1785"}],"wp:featuredmedia":[{"embeddable":true,"href":"https:\/\/www.university-press.fau.de\/en\/wp-json\/wp\/v2\/media\/2477"}],"wp:attachment":[{"href":"https:\/\/www.university-press.fau.de\/en\/wp-json\/wp\/v2\/media?parent=1785"}],"wp:term":[{"taxonomy":"product_brand","embeddable":true,"href":"https:\/\/www.university-press.fau.de\/en\/wp-json\/wp\/v2\/product_brand?post=1785"},{"taxonomy":"product_cat","embeddable":true,"href":"https:\/\/www.university-press.fau.de\/en\/wp-json\/wp\/v2\/product_cat?post=1785"},{"taxonomy":"product_tag","embeddable":true,"href":"https:\/\/www.university-press.fau.de\/en\/wp-json\/wp\/v2\/product_tag?post=1785"}],"curies":[{"name":"wp","href":"https:\/\/api.w.org\/{rel}","templated":true}]}}