{"id":1788,"date":"2022-11-09T10:20:37","date_gmt":"2022-11-09T09:20:37","guid":{"rendered":"https:\/\/www.university-press.fau.de\/produkt\/immu-based-orientation-determination-in-sports-analytics\/"},"modified":"2023-11-27T11:13:04","modified_gmt":"2023-11-27T10:13:04","slug":"978-3-96147-485-1","status":"publish","type":"product","link":"https:\/\/www.university-press.fau.de\/en\/product\/978-3-96147-485-1\/","title":{"rendered":"IMMU-based Orientation Determination in Sports Analytics"},"content":{"rendered":"<p>Sports analytics research has major impact on the development of innovative training methods and the broadcast of sports events. This dissertation provides algorithms for both kinematic analysis and performance interpretation based on unobtrusively obtained measurements from wearable sensors. Its main focus is set on the processing of 3D-orientation features and the exploration of their potential for sports analytics. The proposed algorithms are described and evaluated in five exemplary sports. In scuba diving, rowing and ski jumping, the 3D-orientation of the body\/boat\/skis is determined and further processed to analyze and visualize the motion behavior. In snowboarding and skateboarding, the board orientation is calculated and processed for motion visualization and machine learning. Board sport tricks are automatically detected and subsequently classified for trick category and type. The methods of this work were already partially applied for TV broadcast of international competitions (e.g., Olympics 2018). Additionally, they can support sports science research for establishing thorough investigations and innovative training methods.<\/p>","protected":false},"excerpt":{"rendered":"<p>Sportanalytik hat gro\u00dfen Einfluss auf die Entwicklung innovativer Trainingsmethoden und die mediale \u00dcbertragung von Sportveranstaltungen. In dieser Dissertation werden Algorithmen f\u00fcr kinematische Analysen und weiterf\u00fchrende Bewegungsinterpretationen vorgestellt, die auf Daten tragbarer Sensorik und daraus berechneten Merkmalen aufbauen. Der Schwerpunkt liegt dabei auf Merkmalen, die die Orientierung im Raum betreffen und darauf, das Potential dieser Merkmale [&hellip;]<\/p>\n","protected":false},"featured_media":2503,"comment_status":"open","ping_status":"closed","template":"","meta":{"_acf_changed":false},"product_brand":[],"product_cat":[54],"product_tag":[],"class_list":{"0":"post-1788","1":"product","2":"type-product","3":"status-publish","4":"has-post-thumbnail","6":"product_cat-fau-studien-aus-der-informatik","7":"has-post-title","8":"has-post-date","9":"has-post-category","10":"has-post-tag","11":"has-post-comment","12":"has-post-author","13":"","15":"first","16":"instock","17":"taxable","18":"shipping-taxable","19":"purchasable","20":"product-type-simple"},"acf":{"autor":"Groh, Benjamin H.","orcid":"","ror":"","herausgeber":"","orcid_hrsg":"","rorhrsg":"","bearbeiter":"","sonstige_beteiligte_personen":"","untertitel":"Kinematic Analysis and Performance Interpretation","zusatz":"","jahr":"2021","zeitschrift":"","serie":"","serie_name":"","serie_band":"","serie_jahr":"","serie_titel_band":"","vortrage":"","issn":"","isbn":"","isbn13":"978-3-96147-485-1","seiten":"xxiii, 187","sonstiges":"","band":16,"auflage":"","opus":"","dspace":"18708","e-isbn_pdf":"978-3-96147-486-8","doi":"","epub":"","e-isbn_epub":"","doi_epub":"","html":"","e-isbn_html":"","doi_html":"","e-isbn_reader":"","doi_reader":"","digibib":"","urn":"urn:nbn:de:bvb:29-opus4-187083","supplementary_material":"","sprache":["Englisch"],"ausgabe":"Softcover","suche":" 9783961474851 9783961474868  ","lizenz":"BY-4","bemerkung":""},"builder_content":"","_links":{"self":[{"href":"https:\/\/www.university-press.fau.de\/en\/wp-json\/wp\/v2\/product\/1788","targetHints":{"allow":["GET"]}}],"collection":[{"href":"https:\/\/www.university-press.fau.de\/en\/wp-json\/wp\/v2\/product"}],"about":[{"href":"https:\/\/www.university-press.fau.de\/en\/wp-json\/wp\/v2\/types\/product"}],"replies":[{"embeddable":true,"href":"https:\/\/www.university-press.fau.de\/en\/wp-json\/wp\/v2\/comments?post=1788"}],"wp:featuredmedia":[{"embeddable":true,"href":"https:\/\/www.university-press.fau.de\/en\/wp-json\/wp\/v2\/media\/2503"}],"wp:attachment":[{"href":"https:\/\/www.university-press.fau.de\/en\/wp-json\/wp\/v2\/media?parent=1788"}],"wp:term":[{"taxonomy":"product_brand","embeddable":true,"href":"https:\/\/www.university-press.fau.de\/en\/wp-json\/wp\/v2\/product_brand?post=1788"},{"taxonomy":"product_cat","embeddable":true,"href":"https:\/\/www.university-press.fau.de\/en\/wp-json\/wp\/v2\/product_cat?post=1788"},{"taxonomy":"product_tag","embeddable":true,"href":"https:\/\/www.university-press.fau.de\/en\/wp-json\/wp\/v2\/product_tag?post=1788"}],"curies":[{"name":"wp","href":"https:\/\/api.w.org\/{rel}","templated":true}]}}