{"id":1790,"date":"2022-11-09T10:20:38","date_gmt":"2022-11-09T09:20:38","guid":{"rendered":"https:\/\/www.university-press.fau.de\/produkt\/from-raw-to-big-data-in-endurance-running\/"},"modified":"2023-11-27T11:07:00","modified_gmt":"2023-11-27T10:07:00","slug":"978-3-96147-538-4","status":"publish","type":"product","link":"https:\/\/www.university-press.fau.de\/en\/product\/978-3-96147-538-4\/","title":{"rendered":"From Raw to Big Data in Endurance Running"},"content":{"rendered":"<p>Am K\u00f6rper tragbare Sensoren, so genannte Wearables, werden im Sportbereich immer popul\u00e4rer. Wearables bieten Nutzern die M\u00f6glichkeit, R\u00fcckmeldung \u00fcber Technik und sportliche Leistung in Echtzeit zu erhalten, w\u00e4hrend sie Wissenschaftlern Einblicke in die Biomechanik und Physiologie von Sportlern au\u00dferhalb des Labors erm\u00f6glichen. Eine der ersten Sportarten, in welcher viele Athleten Wearables nutzten, war der Ausdauerlauf. Seit der Einf\u00fchrung von Smartphones und Smartwatches haben viele L\u00e4ufer begonnen, sich selbst zu tracken und ein digitales Trainingstagebuch zu f\u00fchren. Durch die gro\u00dfe Anzahl an Nutzern weltweit, die ihre Daten an Fitness Plattformen \u00fcbertragen haben, entstanden gro\u00dfe Datenbanken, die nun Big Data Analysen erm\u00f6glichen. Diese Art von Analysen bieten Wissenschaftlern die M\u00f6glichkeit, generische Schlussfolgerungen aus longitudinalen Studien basierend auf einer gr\u00f6\u00dferen Anzahl an Nutzern zu ziehen als jemals zuvor.<\/p>\n<p>Die in dieser Dissertation pr\u00e4sentierten Studien zeigen zum einen, wie Rohdaten von am K\u00f6rper tragbaren inertialen Messeinheiten im Ausdauerlaufen zu interpretierbaren Laufparametern verarbeitet werden und zum anderen, wie Big Data von Fitness Plattformen genutzt werden kann, um Erkenntnisse im Marathon Training zu erlangen.<\/p>","protected":false},"excerpt":{"rendered":"<p>Am K\u00f6rper tragbare Sensoren, so genannte Wearables, werden im Sportbereich immer popul\u00e4rer. Wearables bieten Nutzern die M\u00f6glichkeit, R\u00fcckmeldung \u00fcber Technik und sportliche Leistung in Echtzeit zu erhalten, w\u00e4hrend sie Wissenschaftlern Einblicke in die Biomechanik und Physiologie von Sportlern au\u00dferhalb des Labors erm\u00f6glichen. Eine der ersten Sportarten, in welcher viele Athleten Wearables nutzten, war der Ausdauerlauf. [&hellip;]<\/p>\n","protected":false},"featured_media":2507,"comment_status":"open","ping_status":"closed","template":"","meta":{"_acf_changed":false},"product_brand":[],"product_cat":[54],"product_tag":[],"class_list":{"0":"post-1790","1":"product","2":"type-product","3":"status-publish","4":"has-post-thumbnail","6":"product_cat-fau-studien-aus-der-informatik","7":"has-post-title","8":"has-post-date","9":"has-post-category","10":"has-post-tag","11":"has-post-comment","12":"has-post-author","13":"","15":"first","16":"instock","17":"taxable","18":"shipping-taxable","19":"purchasable","20":"product-type-simple"},"acf":{"autor":"Zrenner, Markus","orcid":"","ror":"","herausgeber":"","orcid_hrsg":"","rorhrsg":"","bearbeiter":"","sonstige_beteiligte_personen":"","untertitel":"Application of Data Science Techniques for Knowledge Creation from Wearable Sensor Data","zusatz":"","jahr":"2022","zeitschrift":"","serie":"","serie_name":"","serie_band":"","serie_jahr":"","serie_titel_band":"","vortrage":"","issn":"","isbn":"","isbn13":"978-3-96147-538-4","seiten":"xxiv, 179","sonstiges":"","band":18,"auflage":"","opus":"","dspace":"19927","e-isbn_pdf":"978-3-96147-539-1","doi":"https:\/\/doi.org\/10.25593\/978-3-96147-539-1","epub":"","e-isbn_epub":"","doi_epub":"","html":"","e-isbn_html":"","doi_html":"","e-isbn_reader":"","doi_reader":"","digibib":"","urn":"urn:nbn:de:bvb:29-opus4-199276","supplementary_material":"","sprache":["Englisch"],"ausgabe":"Softcover","suche":" 9783961475384 9783961475391  ","lizenz":"BY-4","bemerkung":""},"builder_content":"","_links":{"self":[{"href":"https:\/\/www.university-press.fau.de\/en\/wp-json\/wp\/v2\/product\/1790","targetHints":{"allow":["GET"]}}],"collection":[{"href":"https:\/\/www.university-press.fau.de\/en\/wp-json\/wp\/v2\/product"}],"about":[{"href":"https:\/\/www.university-press.fau.de\/en\/wp-json\/wp\/v2\/types\/product"}],"replies":[{"embeddable":true,"href":"https:\/\/www.university-press.fau.de\/en\/wp-json\/wp\/v2\/comments?post=1790"}],"wp:featuredmedia":[{"embeddable":true,"href":"https:\/\/www.university-press.fau.de\/en\/wp-json\/wp\/v2\/media\/2507"}],"wp:attachment":[{"href":"https:\/\/www.university-press.fau.de\/en\/wp-json\/wp\/v2\/media?parent=1790"}],"wp:term":[{"taxonomy":"product_brand","embeddable":true,"href":"https:\/\/www.university-press.fau.de\/en\/wp-json\/wp\/v2\/product_brand?post=1790"},{"taxonomy":"product_cat","embeddable":true,"href":"https:\/\/www.university-press.fau.de\/en\/wp-json\/wp\/v2\/product_cat?post=1790"},{"taxonomy":"product_tag","embeddable":true,"href":"https:\/\/www.university-press.fau.de\/en\/wp-json\/wp\/v2\/product_tag?post=1790"}],"curies":[{"name":"wp","href":"https:\/\/api.w.org\/{rel}","templated":true}]}}