{"id":1792,"date":"2022-11-09T10:36:08","date_gmt":"2022-11-09T09:36:08","guid":{"rendered":"https:\/\/www.university-press.fau.de\/produkt\/a-variacao-geografica-do-crioulo-caboverdiano\/"},"modified":"2025-12-22T11:41:23","modified_gmt":"2025-12-22T10:41:23","slug":"978-3-944057-24-8","status":"publish","type":"product","link":"https:\/\/www.university-press.fau.de\/en\/product\/978-3-944057-24-8\/","title":{"rendered":"A varia\u00e7\u00e3o geogr\u00e1fica do crioulo caboverdiano"},"content":{"rendered":"<p>This book presents four contributions to improve our understanding of geographical variation in the Portuguese Creole of Cape Verde. The first three - revised excerpts from master's theses accepted by the State University of Cape Verde (Universidade de Cabo Verde, UNI-CV) - describe island varieties (islands of Fogo, Maio and Santo Ant\u00e3o) that have not yet been studied, or have been studied only inadequately. Based on these and other descriptions of varieties of individual islands, the fourth sketches a first outline of the geographical variation of Cape Verdean creole within the entire archipelago.<\/p>","protected":false},"excerpt":{"rendered":"<p>Dieses Buch vereint vier Beitr\u00e4ge zur Verbesserung unserer Kenntnis der geographischen Variation im portugiesischen Kreol der Kapverden. Die ersten drei \u2013 \u00fcberarbeitete Ausz\u00fcge aus von der staatlichen Universit\u00e4t der Kapverden (Universidade de Cabo Verde, UNI-CV) angenommenen Masterarbeiten \u2013 beschreiben bislang nicht oder nur unzureichend untersuchte Inselvariet\u00e4ten (Inseln Fogo, Maio und Santo Ant\u00e3o). Der vierte entwirft, [&hellip;]<\/p>\n","protected":false},"featured_media":2508,"comment_status":"open","ping_status":"closed","template":"","meta":{"_acf_changed":false},"product_brand":[],"product_cat":[55],"product_tag":[37],"class_list":{"0":"post-1792","1":"product","2":"type-product","3":"status-publish","4":"has-post-thumbnail","6":"product_cat-fau-studien-aus-der-philosophischen-fakultaet","7":"product_tag-vergriffen","8":"has-post-title","9":"has-post-date","10":"has-post-category","11":"has-post-tag","12":"has-post-comment","13":"has-post-author","14":"","16":"first","17":"outofstock","18":"taxable","19":"shipping-taxable","20":"purchasable","21":"product-type-simple"},"acf":{"autor":"","orcid":"","ror":"","herausgeber":"Lang, J\u00fcrgen","orcid_hrsg":"","rorhrsg":"","bearbeiter":"","sonstige_beteiligte_personen":"","untertitel":"","zusatz":"","jahr":"2014","zeitschrift":"","serie":"","serie_name":"","serie_band":"","serie_jahr":"","serie_titel_band":"","vortrage":"","issn":"","isbn":"","isbn13":"978-3-944057-24-8","seiten":"321","sonstiges":"Ill., Kt.","band":1,"auflage":"","opus":"","dspace":"5537","e-isbn_pdf":"978-3-944057-24-8","doi":"","epub":"","e-isbn_epub":"","doi_epub":"","html":"","e-isbn_html":"","doi_html":"","e-isbn_reader":"","doi_reader":"","digibib":"","urn":"urn:nbn:de:bvb:29-opus4-55376","supplementary_material":"","sprache":["Portugiesisch"],"ausgabe":"Softcover","suche":" 9783944057248 9783944057248  ","lizenz":"BY-3","bemerkung":""},"builder_content":"","_links":{"self":[{"href":"https:\/\/www.university-press.fau.de\/en\/wp-json\/wp\/v2\/product\/1792","targetHints":{"allow":["GET"]}}],"collection":[{"href":"https:\/\/www.university-press.fau.de\/en\/wp-json\/wp\/v2\/product"}],"about":[{"href":"https:\/\/www.university-press.fau.de\/en\/wp-json\/wp\/v2\/types\/product"}],"replies":[{"embeddable":true,"href":"https:\/\/www.university-press.fau.de\/en\/wp-json\/wp\/v2\/comments?post=1792"}],"wp:featuredmedia":[{"embeddable":true,"href":"https:\/\/www.university-press.fau.de\/en\/wp-json\/wp\/v2\/media\/2508"}],"wp:attachment":[{"href":"https:\/\/www.university-press.fau.de\/en\/wp-json\/wp\/v2\/media?parent=1792"}],"wp:term":[{"taxonomy":"product_brand","embeddable":true,"href":"https:\/\/www.university-press.fau.de\/en\/wp-json\/wp\/v2\/product_brand?post=1792"},{"taxonomy":"product_cat","embeddable":true,"href":"https:\/\/www.university-press.fau.de\/en\/wp-json\/wp\/v2\/product_cat?post=1792"},{"taxonomy":"product_tag","embeddable":true,"href":"https:\/\/www.university-press.fau.de\/en\/wp-json\/wp\/v2\/product_tag?post=1792"}],"curies":[{"name":"wp","href":"https:\/\/api.w.org\/{rel}","templated":true}]}}