{"id":1795,"date":"2022-11-09T10:36:09","date_gmt":"2022-11-09T09:36:09","guid":{"rendered":"https:\/\/www.university-press.fau.de\/produkt\/die-entstehung-des-superintendentenamtes-in-der-reformationszeit\/"},"modified":"2025-02-21T11:52:19","modified_gmt":"2025-02-21T10:52:19","slug":"978-3-944057-41-5","status":"publish","type":"product","link":"https:\/\/www.university-press.fau.de\/en\/product\/978-3-944057-41-5\/","title":{"rendered":"Die Entstehung des Superintendentenamtes in der Reformationszeit"},"content":{"rendered":"<p>Neben Amt und Beruf des Pfarrers und seit einigen Jahrzehnten auch der Pfarrerin hat die \u00fcbergemeindliche Funktion des Superintendenten und seit einigen Jahren auch der Superintendentin als einziges kirchliches Amt seit der fr\u00fchen Zeit der Reformation kontinuierlich Bestand gehabt. Das gilt nicht nur f\u00fcr lutherische Landeskirchen, sondern auch f\u00fcr eine Reihe anderer Kirchen. Sowohl dieses hohe Alter als auch die Entstehung dieser wichtigen kirchlichen Funktion d\u00fcrften jedoch selbst denen, die sie heute aus\u00fcben, weithin kaum bekannt sein. Denn in der theologischen Forschung ist das Superintendentenamt bisher wenig gew\u00fcrdigt worden. Es d\u00fcrfte aber in seinem Gewicht und seiner Bedeutung f\u00fcr den gesamten kirchlichen Dienst kaum zu \u00fcbersch\u00e4tzen sein. Mit einer F\u00fclle von Hinweisen und Zitaten aus Dokumenten aus der beinahe f\u00fcnfhundertj\u00e4hrigen Geschichte dieses \u00fcbergemeindlichen Aufsichtsamtes w\u00e4re das ohne Schwierigkeiten zu belegen. Im Rahmen dieser Abhandlung sollen einige \u201eSchlaglichter\u201c aus verschiedenen Jahrhunderten gen\u00fcgen.<\/p>","protected":false},"excerpt":{"rendered":"<p>Neben Amt und Beruf des Pfarrers und seit einigen Jahrzehnten auch der Pfarrerin hat die \u00fcbergemeindliche Funktion des Superintendenten und seit einigen Jahren auch der Superintendentin als einziges kirchliches Amt seit der fr\u00fchen Zeit der Reformation kontinuierlich Bestand gehabt. Das gilt nicht nur f\u00fcr lutherische Landeskirchen, sondern auch f\u00fcr eine Reihe anderer Kirchen. Sowohl dieses [&hellip;]<\/p>\n","protected":false},"featured_media":2534,"comment_status":"open","ping_status":"closed","template":"","meta":{"_acf_changed":false},"product_brand":[],"product_cat":[55],"product_tag":[],"class_list":{"0":"post-1795","1":"product","2":"type-product","3":"status-publish","4":"has-post-thumbnail","6":"product_cat-fau-studien-aus-der-philosophischen-fakultaet","7":"has-post-title","8":"has-post-date","9":"has-post-category","10":"has-post-tag","11":"has-post-comment","12":"has-post-author","13":"","15":"first","16":"instock","17":"taxable","18":"shipping-taxable","19":"purchasable","20":"product-type-simple"},"acf":{"autor":"Goldenstein, Valentin","orcid":"","ror":"","herausgeber":"","orcid_hrsg":"","rorhrsg":"","bearbeiter":"","sonstige_beteiligte_personen":"","untertitel":"","zusatz":"","jahr":"2015","zeitschrift":"","serie":"","serie_name":"","serie_band":"","serie_jahr":"","serie_titel_band":"","vortrage":"","issn":"","isbn":"","isbn13":"978-3-944057-41-5","seiten":"516","sonstiges":"","band":4,"auflage":"","opus":"","dspace":"6809","e-isbn_pdf":"978-3-944057-41-5","doi":"","epub":"","e-isbn_epub":"","doi_epub":"","html":"","e-isbn_html":"","doi_html":"","e-isbn_reader":"","doi_reader":"","digibib":"","urn":"urn:nbn:de:bvb:29-opus4-68096","supplementary_material":"","sprache":["Deutsch"],"ausgabe":"Softcover","suche":" 9783944057415 9783944057415  ","lizenz":"BY-3","bemerkung":""},"builder_content":"","_links":{"self":[{"href":"https:\/\/www.university-press.fau.de\/en\/wp-json\/wp\/v2\/product\/1795","targetHints":{"allow":["GET"]}}],"collection":[{"href":"https:\/\/www.university-press.fau.de\/en\/wp-json\/wp\/v2\/product"}],"about":[{"href":"https:\/\/www.university-press.fau.de\/en\/wp-json\/wp\/v2\/types\/product"}],"replies":[{"embeddable":true,"href":"https:\/\/www.university-press.fau.de\/en\/wp-json\/wp\/v2\/comments?post=1795"}],"wp:featuredmedia":[{"embeddable":true,"href":"https:\/\/www.university-press.fau.de\/en\/wp-json\/wp\/v2\/media\/2534"}],"wp:attachment":[{"href":"https:\/\/www.university-press.fau.de\/en\/wp-json\/wp\/v2\/media?parent=1795"}],"wp:term":[{"taxonomy":"product_brand","embeddable":true,"href":"https:\/\/www.university-press.fau.de\/en\/wp-json\/wp\/v2\/product_brand?post=1795"},{"taxonomy":"product_cat","embeddable":true,"href":"https:\/\/www.university-press.fau.de\/en\/wp-json\/wp\/v2\/product_cat?post=1795"},{"taxonomy":"product_tag","embeddable":true,"href":"https:\/\/www.university-press.fau.de\/en\/wp-json\/wp\/v2\/product_tag?post=1795"}],"curies":[{"name":"wp","href":"https:\/\/api.w.org\/{rel}","templated":true}]}}