{"id":1796,"date":"2022-11-09T10:36:09","date_gmt":"2022-11-09T09:36:09","guid":{"rendered":"https:\/\/www.university-press.fau.de\/produkt\/aus-evaluationen-lernen-durchfuehrung-einer-meta-evaluation-zur-generierung-von-empfehlungen-fuer-die-evaluationspraxis\/"},"modified":"2023-11-28T12:58:47","modified_gmt":"2023-11-28T11:58:47","slug":"978-3-944057-67-5","status":"publish","type":"product","link":"https:\/\/www.university-press.fau.de\/en\/product\/978-3-944057-67-5\/","title":{"rendered":"Aus Evaluationen lernen: Durchf\u00fchrung einer Meta-Evaluation zur Generierung von Empfehlungen f\u00fcr die Evaluationspraxis"},"content":{"rendered":"<p>Standards for evaluation as well as meta-evaluations are important measures regarding quality management of evaluations. Therefore, the lack of research addressing these topics represents a serious issue. The present study contributes to closing this research gap by evaluating the evaluation of the Federal Program \u201cElternchance ist Kinderchance\u201d (\u201cOpportunities for Parents are Opportunities for Children\u201d) on the basis of the German Standards for Evaluation. The central aim of this meta-evaluation is to shed light on the challenges of the evaluation process, to generate re-commendations and thus make the experience usable for future studies. In addition, the German Standards for Evaluation are tested for their applicability in meta-evaluations and a contribution is made to the professional discussion in the area of meta-evaluations and evaluation standards. As shown by the meta-evaluation, the examined evaluation can be ta\u00acken as an example of a successful evaluation study, based on which various challenges in the course of the evaluation are identified, which result in numerous recommendations for evaluation practice. Moreover, the evaluation standards as well as the applied method are analyzed and discussed.<\/p>\n<p>This book addresses students and scientists dealing with the topic of evaluations and looking for guidelines on how to apply evaluation standards in (meta-)evaluations.<\/p>","protected":false},"excerpt":{"rendered":"<p>Evaluationsstandards und Meta-Evaluationen stellen wichtige Ma\u00dfnahmen zur Qualit\u00e4tssicherung von Evaluationen dar. Allerdings ist insbesondere im deutschen Sprachraum ein diesbez\u00fcgliches Forschungsdefizit zu verzeichnen. Die vorliegende Studie leistet einen Beitrag zur Schlie\u00dfung dieser Forschungsl\u00fccke, indem die Evaluation des Bundesprogramms \u201eElternchance ist Kinderchance\u201canhand der deutschen Standards f\u00fcr Evaluation evaluiert wird. Das zentrale Ziel dieser Meta-Evaluation besteht darin, die [&hellip;]<\/p>\n","protected":false},"featured_media":2535,"comment_status":"open","ping_status":"closed","template":"","meta":{"_acf_changed":false},"product_brand":[],"product_cat":[55],"product_tag":[],"class_list":{"0":"post-1796","1":"product","2":"type-product","3":"status-publish","4":"has-post-thumbnail","6":"product_cat-fau-studien-aus-der-philosophischen-fakultaet","7":"has-post-title","8":"has-post-date","9":"has-post-category","10":"has-post-tag","11":"has-post-comment","12":"has-post-author","13":"","15":"first","16":"instock","17":"taxable","18":"shipping-taxable","19":"purchasable","20":"product-type-simple"},"acf":{"autor":"Beck, Mira","orcid":"","ror":"","herausgeber":"","orcid_hrsg":"","rorhrsg":"","bearbeiter":"","sonstige_beteiligte_personen":"","untertitel":"","zusatz":"","jahr":"2016","zeitschrift":"","serie":"","serie_name":"","serie_band":"","serie_jahr":"","serie_titel_band":"","vortrage":"","issn":"","isbn":"","isbn13":"978-3-944057-67-5","seiten":"xii, 258","sonstiges":"","band":5,"auflage":"","opus":"","dspace":"7285","e-isbn_pdf":"978-3-944057-68-2","doi":"","epub":"","e-isbn_epub":"","doi_epub":"","html":"","e-isbn_html":"","doi_html":"","e-isbn_reader":"","doi_reader":"","digibib":"","urn":"urn:nbn:de:bvb:29-opus4-72857","supplementary_material":"","sprache":["Deutsch"],"ausgabe":"Softcover","suche":" 9783944057675 9783944057682  ","lizenz":"BY-3","bemerkung":""},"builder_content":"","_links":{"self":[{"href":"https:\/\/www.university-press.fau.de\/en\/wp-json\/wp\/v2\/product\/1796","targetHints":{"allow":["GET"]}}],"collection":[{"href":"https:\/\/www.university-press.fau.de\/en\/wp-json\/wp\/v2\/product"}],"about":[{"href":"https:\/\/www.university-press.fau.de\/en\/wp-json\/wp\/v2\/types\/product"}],"replies":[{"embeddable":true,"href":"https:\/\/www.university-press.fau.de\/en\/wp-json\/wp\/v2\/comments?post=1796"}],"wp:featuredmedia":[{"embeddable":true,"href":"https:\/\/www.university-press.fau.de\/en\/wp-json\/wp\/v2\/media\/2535"}],"wp:attachment":[{"href":"https:\/\/www.university-press.fau.de\/en\/wp-json\/wp\/v2\/media?parent=1796"}],"wp:term":[{"taxonomy":"product_brand","embeddable":true,"href":"https:\/\/www.university-press.fau.de\/en\/wp-json\/wp\/v2\/product_brand?post=1796"},{"taxonomy":"product_cat","embeddable":true,"href":"https:\/\/www.university-press.fau.de\/en\/wp-json\/wp\/v2\/product_cat?post=1796"},{"taxonomy":"product_tag","embeddable":true,"href":"https:\/\/www.university-press.fau.de\/en\/wp-json\/wp\/v2\/product_tag?post=1796"}],"curies":[{"name":"wp","href":"https:\/\/api.w.org\/{rel}","templated":true}]}}